{"id":713,"date":"2024-06-30T07:59:15","date_gmt":"2024-06-30T07:59:15","guid":{"rendered":"http:\/\/ddd.unil.ch:8008\/?page_id=713"},"modified":"2024-06-30T07:59:15","modified_gmt":"2024-06-30T07:59:15","slug":"cookies-and-data-collection","status":"publish","type":"page","link":"https:\/\/ddd.unil.ch\/fr\/cookies-and-data-collection\/","title":{"rendered":"Cookies et collecte de donn\u00e9es"},"content":{"rendered":"<p>En utilisant ce site Web, vous acceptez notre utilisation des cookies. Nous utilisons des cookies pour vous offrir une exp\u00e9rience adapt\u00e9e et pour aider notre site Web \u00e0 fonctionner efficacement.<\/p>\n\n\n\n<p>Nous ne collectons ni ne stockons aucune information d'utilisation sur cette page Web.<\/p>\n\n\n\n<p>Toutefois, si WordPress (CMS) ou l'Universit\u00e9 de Lausanne (\u00e9tablissement d'h\u00e9bergement) collectent des informations sur l'utilisation, ils doivent en informer les utilisateurs ind\u00e9pendamment de la pr\u00e9sente page Web.<\/p>","protected":false},"excerpt":{"rendered":"<p>By using this website, you agree to our use of cookies. We use cookies to provide you with a great experience and to help our website run effectively. We do not collect or store any usage information on this webpage. However, if WordPress (CMS) or the University of Lausanne (hosting institution) do collect any usage [&hellip;]<\/p>\n","protected":false},"author":6,"featured_media":0,"parent":0,"menu_order":0,"comment_status":"closed","ping_status":"closed","template":"","meta":{"footnotes":""},"class_list":["post-713","page","type-page","status-publish","hentry"],"_links":{"self":[{"href":"https:\/\/ddd.unil.ch\/fr\/wp-json\/wp\/v2\/pages\/713","targetHints":{"allow":["GET"]}}],"collection":[{"href":"https:\/\/ddd.unil.ch\/fr\/wp-json\/wp\/v2\/pages"}],"about":[{"href":"https:\/\/ddd.unil.ch\/fr\/wp-json\/wp\/v2\/types\/page"}],"author":[{"embeddable":true,"href":"https:\/\/ddd.unil.ch\/fr\/wp-json\/wp\/v2\/users\/6"}],"replies":[{"embeddable":true,"href":"https:\/\/ddd.unil.ch\/fr\/wp-json\/wp\/v2\/comments?post=713"}],"version-history":[{"count":1,"href":"https:\/\/ddd.unil.ch\/fr\/wp-json\/wp\/v2\/pages\/713\/revisions"}],"predecessor-version":[{"id":714,"href":"https:\/\/ddd.unil.ch\/fr\/wp-json\/wp\/v2\/pages\/713\/revisions\/714"}],"wp:attachment":[{"href":"https:\/\/ddd.unil.ch\/fr\/wp-json\/wp\/v2\/media?parent=713"}],"curies":[{"name":"wp","href":"https:\/\/api.w.org\/{rel}","templated":true}]}}