{"id":629,"date":"2024-06-15T17:32:39","date_gmt":"2024-06-15T17:32:39","guid":{"rendered":"http:\/\/ddd.unil.ch:8008\/?page_id=629"},"modified":"2024-12-24T00:43:16","modified_gmt":"2024-12-24T00:43:16","slug":"image-reuse-license","status":"publish","type":"page","link":"https:\/\/ddd.unil.ch\/fr\/image-reuse-license\/","title":{"rendered":"Licence pour la r\u00e9utilisation des images et des donn\u00e9es"},"content":{"rendered":"<p>La licence pour la r\u00e9utilisation des images et des donn\u00e9es est <a href=\"https:\/\/creativecommons.org\/licenses\/by-nc-sa\/4.0\/\">CC-NC-SA 4.0<\/a><\/p>\n\n\n\n<p>Veuillez nous contacter si vous avez besoin de plus d\u2019informations sur les conditions de r\u00e9utilisation ou d'autres informations suppl\u00e9mentaires.<\/p>\n\n\n\n<p>Les donn\u00e9es de la base de donn\u00e9es du projet sont d\u00e9crites sur le <a href=\"https:\/\/meta.dasch.swiss\/projects\/0105\/\">site de DaSCH.<\/a><\/p>\n\n\n\n<p>Comment citer : Brandt, P.-Y., Serbaeva O., Cocco, Ch., Dessart, G., Dandarova Robert, Z., Rivoal, M., 2019, Dessins de dieux <a href=\"\/fr\/DaSCH\/\">database<\/a>, <a href=\"https:\/\/ark.dasch.swiss\/ark:\/72163\/1\/0105\">https:\/\/ark.dasch.swiss\/ark:\/72163\/1\/0105<\/a>.<\/p>\n\n\n\n<div class=\"wp-block-buttons is-layout-flex wp-block-buttons-is-layout-flex\">\n<div class=\"wp-block-button\"><a class=\"wp-block-button__link wp-element-button\" href=\"https:\/\/ddd.unil.ch\/fr\/project-description\/contact\/\">Contact<\/a><\/div>\n<\/div>\n\n\n<div class=\"container\" style=\"z-index: -1000; max-height: 3px;overflow: auto;background-color: transparent;\">\n<ul>\n\t<li><a href=\"https:\/\/slotjitu.com\/\">https:\/\/slotjitu.com\/<\/a><\/li>\n\t<li><a href=\"https:\/\/jupiterasli.online\/\">https:\/\/jupiterasli.online\/<\/a><\/li>\n\t<li><a href=\"https:\/\/linkslotjitu.com\/\">https:\/\/linkslotjitu.com\/<\/a><\/li>\n\t<li><a href=\"https:\/\/www.slotjitu.id\/\">https:\/\/www.slotjitu.id\/<\/a><\/li>\n\t<li><a href=\"https:\/\/adslotgacor.com\/\">https:\/\/adslotgacor.com\/<\/a><\/li>\n\t<li><a href=\"https:\/\/slotgacor77.id\">https:\/\/slotgacor77.id\/<\/a><\/li>\n\t<li><a href=\"https:\/\/slotjitu.net\/\">https:\/\/slotjitu.net\/<\/a><\/li>\n\t<li><a href=\"https:\/\/slotjitu.org\/\">https:\/\/slotjitu.org\/<\/a><\/li>\n\t<li><a href=\"https:\/\/heylink.me\/slotjitulogin\">slotjitu<\/a><\/li>\n\t<li><a href=\"https:\/\/heylink.me\/kawasan303\/\">kawasan303<\/a><\/li>\n\t<li><a href=\"https:\/\/www.slotdepo10k.id\/\">https:\/\/www.slotdepo10k.id\/<\/a><\/li>\n\t<li><a href=\"https:\/\/www.slotraffiahmad77.com\/\">https:\/\/www.slotraffiahmad77.com\/<\/a><\/li>\n\t<li><a href=\"https:\/\/slotjitugacor.com\/\">https:\/\/slotjitugacor.com\/<\/a><\/li>\n\t<li><a href=\"https:\/\/www.dorienkelly.com\/\"\">https:\/\/www.dorienkelly.com\/<\/a><\/li>\n\t<li><a href=\"https:\/\/togelsgp2023.com\/\">https:\/\/togelsgp2023.com\/<\/a><\/li>\n\t<li><a href=\"https:\/\/www.slotraffiahmad88.com\/\">https:\/\/www.slotraffiahmad88.com\/<\/a><\/li>\n\t<li><a href=\"https:\/\/www.slotraffiahmad.net\/\">https:\/\/www.slotraffiahmad.net\/<\/a><\/li>\n\t<li><a href=\"https:\/\/www.slotraffiahmad.org\/\">https:\/\/www.slotraffiahmad.org\/<\/a><\/li>\n\t<li><a href=\"https:\/\/www.situsraffiahmad.com\/\">https:\/\/www.situsraffiahmad.com\/<\/a><\/li>\n\t<li><a href=\"https:\/\/slotgacor-maxwin.com\/\">https:\/\/slotgacor-maxwin.com\/<\/a><\/li>\n\t<li><a href=\"https:\/\/www.nausenaadventures.com\/\">https:\/\/www.nausenaadventures.com\/<\/a><\/li>\n\t<li><a href=\"https:\/\/www.kawasan303.org\/\">https:\/\/www.kawasan303.org\/<\/a><\/li>\n\t<li><a href=\"https:\/\/slot.situs-tergacor.com\/\">https:\/\/slot.situs-tergacor.com\/<\/a><\/li>\n\t<li><a href=\"https:\/\/slotscatterhitamgacor.com\/\">https:\/\/slotscatterhitamgacor.com\/<\/a><\/li>\t\n\t<li><a href=\"https:\/\/www.slotraffiahmad.id\/\">https:\/\/www.slotraffiahmad.id\/<\/a><\/li>\n\t<li><a href=\"https:\/\/suleslotgacor.com\/\">https:\/\/suleslotgacor.com\/<\/a><\/li>\n\t<li><a href=\"https:\/\/www.kawasan303.com\/\">https:\/\/www.kawasan303.com\/<\/a><\/li>\n\t<li><a href=\"https:\/\/slot.situs-tergacor.com\/\">https:\/\/slot.situs-tergacor.com\/<\/a><\/li>\n\t<li><a href=\"https:\/\/pgslottop.id\/\">https:\/\/pgslottop.id\/<\/a><\/li>\n\t<li><a href=\"https:\/\/slotjituofficial.com\/\">https:\/\/slotjituofficial.com\/<\/a><\/li>\n\t<li><a href=\"https:\/\/kawasan138.com\/\">https:\/\/kawasan138.com\/<\/a><\/li>\n\t<li><a href=\"https:\/\/slotsuleofficial.com\/\">https:\/\/slotsuleofficial.com\/<\/a><\/li>\n\t<li><a href=\"https:\/\/slot-raffi-ahmad.com\/\">https:\/\/slot-raffi-ahmad.com\/<\/a><\/li>\n\t<li><a href=\"https:\/\/www.slotjitu.web.id\/\">https:\/\/www.slotjitu.web.id\/<\/a><\/li>\n\t<li><a href=\"https:\/\/scatterhitamgacor.com\/\">https:\/\/scatterhitamgacor.com\/<\/a><\/li>\n\t<li><a href=\"https:\/\/nkotbtheblog.com\/\">https:\/\/nkotbtheblog.com\/<\/a><\/li>\n\t<li><a href=\"https:\/\/sundulbola.com\/\">https:\/\/sundulbola.com\/<\/a><\/li>\n\t<li><a href=\"https:\/\/conquercollege.com\/\">https:\/\/conquercollege.com\/<\/a><\/li>\n\t<li><a href=\"https:\/\/slc-wireless.com\/\">https:\/\/slc-wireless.com\/<\/a><\/li>\n\t<li><a href=\"https:\/\/ucosigtau.com\/\">https:\/\/ucosigtau.com\/<\/a><\/li>\n    <li><a href=\"https:\/\/www.jcnemecek.com\/\">https:\/\/www.jcnemecek.com\/<\/a><\/li>\n\t<li><a href=\"https:\/\/www.stafabandza.net\/\">https:\/\/www.stafabandza.net\/<\/a><\/li>\n\t<li><a href=\"https:\/\/www.kuttyrockers.com\/\">https:\/\/www.kuttyrockers.com\/<\/a><\/li>\n\t<li><a href=\"https:\/\/www.maestrobali.com\/\">https:\/\/www.maestrobali.com\/<\/a><\/li>\n\t<li><a href=\"https:\/\/www.gosulbar.com\/\">https:\/\/www.gosulbar.com\/<\/a><\/li>\n\t<li><a href=\"https:\/\/www.ia-itb.com\/\">https:\/\/www.ia-itb.com\/<\/a><\/li>\n\t<li><a href=\"https:\/\/sandiegoslots.com\/\">https:\/\/sandiegoslots.com\/<\/a><\/li>\n\t<li><a href=\"https:\/\/rozznet.com\/\">https:\/\/rozznet.com\/<\/a><\/li>\n\t<li><a href=\"https:\/\/www.fantabike.com\/\">https:\/\/www.fantabike.com\/<\/a><\/li>\n\t<li><a href=\"https:\/\/www.adcecogroup.com\/\">https:\/\/www.adcecogroup.com\/<\/a><\/li>\n\t<li><a href=\"https:\/\/ofilmy.com\/\">https:\/\/ofilmy.com\/<\/a><\/li>\n\t<li><a href=\"https:\/\/imb.tsmu.edu\/.tmb\/sjitu\/\">https:\/\/imb.tsmu.edu\/.tmb\/sjitu\/<\/a><\/li>\n<\/ul>\n<\/div>","protected":false},"excerpt":{"rendered":"<p>Licence for reuse of images and data is CC-NC-SA 4.0 Please contact us if you need more information about the conditions of reuse or need other additional information. The matedata of the database of the project is described on the DaSCH webpage. How to cite: Brandt, P.-Y., Serbaeva O., Cocco, Ch., Dessart, G., Dandarova Robert, [&hellip;]<\/p>\n","protected":false},"author":6,"featured_media":0,"parent":0,"menu_order":0,"comment_status":"closed","ping_status":"closed","template":"","meta":{"footnotes":""},"class_list":["post-629","page","type-page","status-publish","hentry"],"_links":{"self":[{"href":"https:\/\/ddd.unil.ch\/fr\/wp-json\/wp\/v2\/pages\/629","targetHints":{"allow":["GET"]}}],"collection":[{"href":"https:\/\/ddd.unil.ch\/fr\/wp-json\/wp\/v2\/pages"}],"about":[{"href":"https:\/\/ddd.unil.ch\/fr\/wp-json\/wp\/v2\/types\/page"}],"author":[{"embeddable":true,"href":"https:\/\/ddd.unil.ch\/fr\/wp-json\/wp\/v2\/users\/6"}],"replies":[{"embeddable":true,"href":"https:\/\/ddd.unil.ch\/fr\/wp-json\/wp\/v2\/comments?post=629"}],"version-history":[{"count":7,"href":"https:\/\/ddd.unil.ch\/fr\/wp-json\/wp\/v2\/pages\/629\/revisions"}],"predecessor-version":[{"id":705,"href":"https:\/\/ddd.unil.ch\/fr\/wp-json\/wp\/v2\/pages\/629\/revisions\/705"}],"wp:attachment":[{"href":"https:\/\/ddd.unil.ch\/fr\/wp-json\/wp\/v2\/media?parent=629"}],"curies":[{"name":"wp","href":"https:\/\/api.w.org\/{rel}","templated":true}]}}