{"id":608,"date":"2024-06-02T08:44:37","date_gmt":"2024-06-02T08:44:37","guid":{"rendered":"http:\/\/ddd.unil.ch:8008\/?page_id=608"},"modified":"2024-10-27T07:48:59","modified_gmt":"2024-10-27T07:48:59","slug":"dasch","status":"publish","type":"page","link":"https:\/\/ddd.unil.ch\/fr\/dasch\/","title":{"rendered":"La structure de la base de donn\u00e9es et comment faire pour chercher des dessins"},"content":{"rendered":"<p>Afin d'acc\u00e9der aux donn\u00e9es du projet sur DaSCH (<a href=\"https:\/\/www.dasch.swiss\/\" data-type=\"link\" data-id=\"https:\/\/www.dasch.swiss\/\">Swiss National Data and Service Center for the Humanities<\/a>), cliquez sur le lien suivant :<\/p>\n\n\n\n<div class=\"wp-block-buttons is-layout-flex wp-block-buttons-is-layout-flex\">\n<div class=\"wp-block-button\"><a class=\"wp-block-button__link wp-element-button\" href=\"https:\/\/app.ls-prod-server.dasch.swiss\/project\/0105\">Dessins de dieux sur DaSCH<\/a><\/div>\n<\/div>\n\n\n\n<p>Le nombre d'images et de m\u00e9tadonn\u00e9es que vous y trouverez d\u00e9pendra de votre niveau d'acc\u00e8s. La description ci-dessous est principalement r\u00e9dig\u00e9e pour les personnes qui n'ont pas d'acc\u00e8s personnel aux donn\u00e9es reserv\u00e9es aux membres du projet. Lorsque l'acc\u00e8s avanc\u00e9 est requis, il y aura un avis \u00ab uniquement avec le niveau d'acc\u00e8s SNF \u00bb.<\/p>\n\n\n\n<h3 class=\"wp-block-heading\">Structure de donn\u00e9es<\/h3>\n\n\n\n<p>Les donn\u00e9es sont organis\u00e9es dans une base de donn\u00e9es graph DB, correspondant aux meilleurs standards du web s\u00e9mantique. Les diff\u00e9rences entre le relationnel (MySQL) et RDF ainsi que les probl\u00e9matiques de migration de l'un vers l'autre ont \u00e9t\u00e9 d\u00e9crites <a href=\"https:\/\/link.springer.com\/chapter\/10.1007\/978-3-030-94429-2_18\">ici<\/a>. L'utilisateur verra sur la page d'accueil de la plateforme DaSCH une liste de 19 \u00ab objets \u00bb, chacun d'entre eux pouvant \u00eatre consid\u00e9r\u00e9 comme une base de donn\u00e9es en soi.<\/p>\n\n\n\n<figure class=\"wp-block-image size-large\"><img loading=\"lazy\" decoding=\"async\" width=\"306\" height=\"1024\" src=\"https:\/\/ddd.unil.ch\/wp-content\/uploads\/2024\/06\/Screenshot-2024-06-15-at-20.53.26-306x1024.png\" alt=\"\" class=\"wp-image-661\" srcset=\"https:\/\/ddd.unil.ch\/wp-content\/uploads\/2024\/06\/Screenshot-2024-06-15-at-20.53.26-306x1024.png 306w, https:\/\/ddd.unil.ch\/wp-content\/uploads\/2024\/06\/Screenshot-2024-06-15-at-20.53.26-90x300.png 90w, https:\/\/ddd.unil.ch\/wp-content\/uploads\/2024\/06\/Screenshot-2024-06-15-at-20.53.26-459x1536.png 459w, https:\/\/ddd.unil.ch\/wp-content\/uploads\/2024\/06\/Screenshot-2024-06-15-at-20.53.26-4x12.png 4w, https:\/\/ddd.unil.ch\/wp-content\/uploads\/2024\/06\/Screenshot-2024-06-15-at-20.53.26.png 572w\" sizes=\"auto, (max-width: 306px) 100vw, 306px\" \/><\/figure>\n\n\n\n<p>Le moyen le plus simple de voir les images est de cliquer sur l'objet \u00ab Dessin (acc\u00e8s public) \u00bb pour voir les 7 587 images accessibles au public. En cliquant sur l'objet s\u00e9lectionn\u00e9, la liste s'ouvre et en cliquant sur n'importe quel \u00e9l\u00e9ment de la liste, l'utilisateur peut acc\u00e9der \u00e0 la vue d\u00e9taill\u00e9e.<\/p>\n\n\n\n<figure class=\"wp-block-image size-large\"><img loading=\"lazy\" decoding=\"async\" width=\"1024\" height=\"498\" src=\"https:\/\/ddd.unil.ch\/wp-content\/uploads\/2024\/06\/Screenshot-2024-06-15-at-21.01.14-1024x498.png\" alt=\"\" class=\"wp-image-664\" srcset=\"https:\/\/ddd.unil.ch\/wp-content\/uploads\/2024\/06\/Screenshot-2024-06-15-at-21.01.14-1024x498.png 1024w, https:\/\/ddd.unil.ch\/wp-content\/uploads\/2024\/06\/Screenshot-2024-06-15-at-21.01.14-300x146.png 300w, https:\/\/ddd.unil.ch\/wp-content\/uploads\/2024\/06\/Screenshot-2024-06-15-at-21.01.14-768x374.png 768w, https:\/\/ddd.unil.ch\/wp-content\/uploads\/2024\/06\/Screenshot-2024-06-15-at-21.01.14-1536x748.png 1536w, https:\/\/ddd.unil.ch\/wp-content\/uploads\/2024\/06\/Screenshot-2024-06-15-at-21.01.14-2048x997.png 2048w, https:\/\/ddd.unil.ch\/wp-content\/uploads\/2024\/06\/Screenshot-2024-06-15-at-21.01.14-18x9.png 18w\" sizes=\"auto, (max-width: 1024px) 100vw, 1024px\" \/><\/figure>\n\n\n\n<p>Si l'utilisateur clique sur le bouton \u00ab Partager \u00bb, la fen\u00eatre contextuelle avec l'URL IIIF et l'ARK apparaissent, et n'importe laquelle d'entre elles peut \u00eatre utilis\u00e9e pour int\u00e9grer la ressource souhait\u00e9e sur une autre page Web (via API ou manuellement) ou pour faire r\u00e9f\u00e9rence \u00e0 un \u00e9l\u00e9ment pr\u00e9cis dans une pr\u00e9sentation ou une publication. Par exemple:<\/p>\n\n\n\n<figure class=\"wp-block-image size-full is-resized\"><img loading=\"lazy\" decoding=\"async\" width=\"658\" height=\"342\" src=\"https:\/\/ddd.unil.ch\/wp-content\/uploads\/2024\/06\/Screenshot-2024-06-15-at-21.05.11.png\" alt=\"\" class=\"wp-image-665\" style=\"width:302px;height:auto\" srcset=\"https:\/\/ddd.unil.ch\/wp-content\/uploads\/2024\/06\/Screenshot-2024-06-15-at-21.05.11.png 658w, https:\/\/ddd.unil.ch\/wp-content\/uploads\/2024\/06\/Screenshot-2024-06-15-at-21.05.11-300x156.png 300w, https:\/\/ddd.unil.ch\/wp-content\/uploads\/2024\/06\/Screenshot-2024-06-15-at-21.05.11-18x9.png 18w\" sizes=\"auto, (max-width: 658px) 100vw, 658px\" \/><\/figure>\n\n\n\n<p>On peut voir les m\u00e9tadonn\u00e9es accessibles au public de l'\u00e9l\u00e9ment donn\u00e9 et explorer les champs qui n'ont aucune valeur en cliquant sur \u00ab Afficher toutes les propri\u00e9t\u00e9s \u00bb.<\/p>\n\n\n\n<figure class=\"wp-block-image size-large\"><img loading=\"lazy\" decoding=\"async\" width=\"1024\" height=\"809\" src=\"https:\/\/ddd.unil.ch\/wp-content\/uploads\/2024\/06\/Screenshot-2024-06-15-at-21.06.00-1024x809.png\" alt=\"\" class=\"wp-image-666\" srcset=\"https:\/\/ddd.unil.ch\/wp-content\/uploads\/2024\/06\/Screenshot-2024-06-15-at-21.06.00-1024x809.png 1024w, https:\/\/ddd.unil.ch\/wp-content\/uploads\/2024\/06\/Screenshot-2024-06-15-at-21.06.00-300x237.png 300w, https:\/\/ddd.unil.ch\/wp-content\/uploads\/2024\/06\/Screenshot-2024-06-15-at-21.06.00-768x607.png 768w, https:\/\/ddd.unil.ch\/wp-content\/uploads\/2024\/06\/Screenshot-2024-06-15-at-21.06.00-1536x1214.png 1536w, https:\/\/ddd.unil.ch\/wp-content\/uploads\/2024\/06\/Screenshot-2024-06-15-at-21.06.00-15x12.png 15w, https:\/\/ddd.unil.ch\/wp-content\/uploads\/2024\/06\/Screenshot-2024-06-15-at-21.06.00.png 1972w\" sizes=\"auto, (max-width: 1024px) 100vw, 1024px\" \/><\/figure>\n\n\n\n<p>Quant aux objets en acc\u00e8s restreint, comme les versos par exemple, l'utilisateur sans login ne pourra voir qu'un nombre limit\u00e9 d'attributs.<\/p>\n\n\n\n<h2 class=\"wp-block-heading\">Recherche Avanc\u00e9e<\/h2>\n\n\n\n<p>Dans de nombreux cas, la navigation par objet n'est pas suffisante et DaSCH propose une \u00ab Option de recherche avanc\u00e9e \u00bb, situ\u00e9e dans le coin sup\u00e9rieur gauche de l'\u00e9cran :<\/p>\n\n\n\n<figure class=\"wp-block-image size-full is-resized\"><img loading=\"lazy\" decoding=\"async\" width=\"670\" height=\"512\" src=\"https:\/\/ddd.unil.ch\/wp-content\/uploads\/2024\/06\/Screenshot-2024-06-15-at-21.13.26.png\" alt=\"\" class=\"wp-image-667\" style=\"width:259px;height:auto\" srcset=\"https:\/\/ddd.unil.ch\/wp-content\/uploads\/2024\/06\/Screenshot-2024-06-15-at-21.13.26.png 670w, https:\/\/ddd.unil.ch\/wp-content\/uploads\/2024\/06\/Screenshot-2024-06-15-at-21.13.26-300x229.png 300w, https:\/\/ddd.unil.ch\/wp-content\/uploads\/2024\/06\/Screenshot-2024-06-15-at-21.13.26-16x12.png 16w\" sizes=\"auto, (max-width: 670px) 100vw, 670px\" \/><\/figure>\n\n\n\n<p>Il s'agit essentiellement de s\u00e9lectionner un mod\u00e8le de donn\u00e9es, c'est-\u00e0-dire un projet, car on peut rechercher simultan\u00e9ment dans plusieurs projets diff\u00e9rents. Dont, il faudra choisir \"Dessins de dieux\". Vient ensuite la s\u00e9lection d'un objet du projet, dans l'exemple ci-dessous il s'agit d'une classe de ressources \"Dessin\" (acc\u00e8s public). Veuillez noter que si vous s\u00e9lectionnez uniquement \"Dessin\", cela ne fonctionnera pas, car les dessins en acc\u00e8s restreint et public ont des param\u00e8tres diff\u00e9rents. Il faut donc s\u00e9lectionner \"Dessin\" (acc\u00e8s public). Cela ouvre la voie la s\u00e9lection des propri\u00e9t\u00e9s. Imaginons que nous aimerions trouver des dessins d'enfants de moins de 10 ans.<\/p>\n\n\n\n<figure class=\"wp-block-image alignwide size-large\"><img loading=\"lazy\" decoding=\"async\" width=\"1024\" height=\"259\" src=\"https:\/\/ddd.unil.ch\/wp-content\/uploads\/2024\/06\/Screenshot-2024-06-15-at-21.23.51-1024x259.png\" alt=\"\" class=\"wp-image-670\" srcset=\"https:\/\/ddd.unil.ch\/wp-content\/uploads\/2024\/06\/Screenshot-2024-06-15-at-21.23.51-1024x259.png 1024w, https:\/\/ddd.unil.ch\/wp-content\/uploads\/2024\/06\/Screenshot-2024-06-15-at-21.23.51-300x76.png 300w, https:\/\/ddd.unil.ch\/wp-content\/uploads\/2024\/06\/Screenshot-2024-06-15-at-21.23.51-768x194.png 768w, https:\/\/ddd.unil.ch\/wp-content\/uploads\/2024\/06\/Screenshot-2024-06-15-at-21.23.51-1536x388.png 1536w, https:\/\/ddd.unil.ch\/wp-content\/uploads\/2024\/06\/Screenshot-2024-06-15-at-21.23.51-2048x517.png 2048w, https:\/\/ddd.unil.ch\/wp-content\/uploads\/2024\/06\/Screenshot-2024-06-15-at-21.23.51-18x5.png 18w\" sizes=\"auto, (max-width: 1024px) 100vw, 1024px\" \/><\/figure>\n\n\n\n<p>La recherche renvoie quelque 3393 r\u00e9sultats :<\/p>\n\n\n\n<figure class=\"wp-block-image size-large\"><img loading=\"lazy\" decoding=\"async\" width=\"1024\" height=\"563\" src=\"https:\/\/ddd.unil.ch\/wp-content\/uploads\/2024\/06\/Screenshot-2024-06-15-at-21.23.37-1024x563.png\" alt=\"\" class=\"wp-image-671\" srcset=\"https:\/\/ddd.unil.ch\/wp-content\/uploads\/2024\/06\/Screenshot-2024-06-15-at-21.23.37-1024x563.png 1024w, https:\/\/ddd.unil.ch\/wp-content\/uploads\/2024\/06\/Screenshot-2024-06-15-at-21.23.37-300x165.png 300w, https:\/\/ddd.unil.ch\/wp-content\/uploads\/2024\/06\/Screenshot-2024-06-15-at-21.23.37-768x422.png 768w, https:\/\/ddd.unil.ch\/wp-content\/uploads\/2024\/06\/Screenshot-2024-06-15-at-21.23.37-1536x845.png 1536w, https:\/\/ddd.unil.ch\/wp-content\/uploads\/2024\/06\/Screenshot-2024-06-15-at-21.23.37-18x10.png 18w, https:\/\/ddd.unil.ch\/wp-content\/uploads\/2024\/06\/Screenshot-2024-06-15-at-21.23.37.png 1742w\" sizes=\"auto, (max-width: 1024px) 100vw, 1024px\" \/><\/figure>\n\n\n\n<p>Il est possible d'utiliser plusieurs crit\u00e8res de recherche, c'est-\u00e0-dire des propri\u00e9t\u00e9s du m\u00eame objet s\u00e9lectionnables dans les listes de recherche avanc\u00e9e. Les r\u00e9sultats d\u00e9pendent du niveau d'acc\u00e8s et de l'existence ou non des donn\u00e9es dans la base.<\/p>\n\n\n\n<p>Cependant, les choses deviennent plus compliqu\u00e9es si l'on souhaite combiner plusieurs objets dans une seule recherche, par exemple la provenance de l'enfant, son \u00e2ge et son identit\u00e9 religieuse. Les raccourcis vers un ensemble pr\u00e9configur\u00e9 de requ\u00eates complexes sont donn\u00e9s dans le bloc suivant.<\/p>\n\n\n\n<div class=\"wp-block-buttons is-layout-flex wp-block-buttons-is-layout-flex\">\n<div class=\"wp-block-button\"><a class=\"wp-block-button__link wp-element-button\" href=\"https:\/\/ddd.unil.ch\/fr\/preconfigured-search\/\">Recherches pr\u00e9configur\u00e9es<\/a><\/div>\n<\/div>","protected":false},"excerpt":{"rendered":"<p>In order to access the data of the project on DaSCH (Swiss National Data and Service Center for the Humanities), click on the following link: The number of images and metadata that you will find there will depend on the level of your access. The description below is principally written for people without personal access [&hellip;]<\/p>\n","protected":false},"author":6,"featured_media":0,"parent":0,"menu_order":0,"comment_status":"closed","ping_status":"closed","template":"","meta":{"footnotes":""},"class_list":["post-608","page","type-page","status-publish","hentry"],"_links":{"self":[{"href":"https:\/\/ddd.unil.ch\/fr\/wp-json\/wp\/v2\/pages\/608","targetHints":{"allow":["GET"]}}],"collection":[{"href":"https:\/\/ddd.unil.ch\/fr\/wp-json\/wp\/v2\/pages"}],"about":[{"href":"https:\/\/ddd.unil.ch\/fr\/wp-json\/wp\/v2\/types\/page"}],"author":[{"embeddable":true,"href":"https:\/\/ddd.unil.ch\/fr\/wp-json\/wp\/v2\/users\/6"}],"replies":[{"embeddable":true,"href":"https:\/\/ddd.unil.ch\/fr\/wp-json\/wp\/v2\/comments?post=608"}],"version-history":[{"count":12,"href":"https:\/\/ddd.unil.ch\/fr\/wp-json\/wp\/v2\/pages\/608\/revisions"}],"predecessor-version":[{"id":891,"href":"https:\/\/ddd.unil.ch\/fr\/wp-json\/wp\/v2\/pages\/608\/revisions\/891"}],"wp:attachment":[{"href":"https:\/\/ddd.unil.ch\/fr\/wp-json\/wp\/v2\/media?parent=608"}],"curies":[{"name":"wp","href":"https:\/\/api.w.org\/{rel}","templated":true}]}}