{"id":421,"date":"2024-05-17T06:54:47","date_gmt":"2024-05-17T06:54:47","guid":{"rendered":"http:\/\/ddd.unil.ch:8008\/?page_id=421"},"modified":"2025-06-29T11:38:17","modified_gmt":"2025-06-29T11:38:17","slug":"greece","status":"publish","type":"page","link":"https:\/\/ddd.unil.ch\/fr\/project-description\/collection\/greece\/","title":{"rendered":"\ud83c\uddec\ud83c\uddf7 Gr\u00e8ce (461)"},"content":{"rendered":"<div class=\"wp-block-buttons is-layout-flex wp-block-buttons-is-layout-flex\">\n<div class=\"wp-block-button\"><a class=\"wp-block-button__link wp-element-button\" href=\"https:\/\/app.ls-prod-server.dasch.swiss\/search\/fulltext\/gr19*-r\/http%253A%252F%252Frdfh.ch%252Fprojects%252F0105\">Images provenant de Gr\u00e8ce<\/a><\/div>\n<\/div>\n\n\n\n<p>461 images ont \u00e9t\u00e9 r\u00e9colt\u00e9es dans diverses r\u00e9gions de Gr\u00e8ce en 2019.<\/p>\n\n\n\n<div class=\"wp-block-buttons is-layout-flex wp-block-buttons-is-layout-flex\">\n<div class=\"wp-block-button\"><a class=\"wp-block-button__link wp-element-button\" href=\"https:\/\/prezi.com\/i\/view\/eTTHddNZFtOxf2h6ewzB\/\">Carte (Eng)<\/a><\/div>\n\n\n\n<div class=\"wp-block-button\"><a class=\"wp-block-button__link wp-element-button\" href=\"https:\/\/prezi.com\/i\/view\/8VcN4ohhBmwXlAjkJN6X\/\">Carte (Fr)<\/a><\/div>\n<\/div>\n\n\n<p><script async src=\"https:\/\/e.prezicdn.net\/v1\/design.js\"><\/script> <\/p>\n<div class=\"prezi-design-embed\" data-project-id=\"eTTHddNZFtOxf2h6ewzB\"><\/div>\n\n\n\n<div style=\"height:34px\" aria-hidden=\"true\" class=\"wp-block-spacer\"><\/div>\n\n\n\n<p>Vous pouvez explorer la collection greque en d\u00e9tail \u00e0 l'aide de la <strong>pr\u00e9sentation hi\u00e9rarchique<\/strong>. <\/p>\n\n\n\n<figure class=\"wp-block-image size-large\"><img loading=\"lazy\" decoding=\"async\" width=\"1024\" height=\"481\" src=\"https:\/\/ddd.unil.ch\/wp-content\/uploads\/2024\/10\/Greecefr.jpg\" alt=\"\" class=\"wp-image-486\" srcset=\"https:\/\/ddd.unil.ch\/wp-content\/uploads\/2024\/10\/Greecefr.jpg 2295w, https:\/\/ddd.unil.ch\/wp-content\/uploads\/2024\/10\/Greecefr-300x141.jpg 300w, https:\/\/ddd.unil.ch\/wp-content\/uploads\/2024\/10\/Greecefr-1024x481.jpg 1024w, https:\/\/ddd.unil.ch\/wp-content\/uploads\/2024\/10\/Greecefr-768x361.jpg 768w, https:\/\/ddd.unil.ch\/wp-content\/uploads\/2024\/10\/Greecefr-1536x722.jpg 1536w, https:\/\/ddd.unil.ch\/wp-content\/uploads\/2024\/10\/Greecefr-2048x963.jpg 2048w, https:\/\/ddd.unil.ch\/wp-content\/uploads\/2024\/10\/Greecefr-18x8.jpg 18w\" sizes=\"auto, (max-width: 1024px) 100vw, 1024px\" \/><\/figure>\n\n\n\n<p><strong>Signification des codes (r\u00e9gions) :<\/strong><br>NR = r\u00e9gion non identifi\u00e9e<br>TY = Thessalie<br>WM = Mac\u00e9doine occidentale<\/p>\n\n\n\n<p><\/p>\n\n\n\n<p>Cette repartition est suivi (dans les ovales) d'une s\u00e9paration par lieux de collecte (vers le bas, par ordre alphab\u00e9tique). Ceux commen\u00e7ant par \u00ab P \u00bb correspondent au contexte la\u00efc, c'est le cas de tous les lieux de collecte en Gr\u00e8ce.<\/p>\n\n\n\n<p>PGR = Ecole publique<br>PKA =  Ecole publique<br>PIO = Ecole publique<br>PLA = Ecole publique<br>PNE = Ecole publique<br>PSK = Ecole publique<br>PUN = Ecole non-identifi\u00e9e<br><\/p>\n\n\n\n<div style=\"height:34px\" aria-hidden=\"true\" class=\"wp-block-spacer\"><\/div>\n\n\n\n<p>Vous pouvez explorer <strong>la r\u00e9partition par \u00e2ge et par sexe<\/strong> dans les collectes de Gr\u00e8ce en survolant un segment.<\/p>\n\n\n\n<div class=\"wp-block-buttons is-layout-flex wp-block-buttons-is-layout-flex\">\n<div class=\"wp-block-button\"><a class=\"wp-block-button__link wp-element-button\" href=\"https:\/\/prezi.com\/i\/view\/MyVwiHKz6rYRvc5N4MC6\/\">Bar-Chart (Eng)<\/a><\/div>\n\n\n\n<div class=\"wp-block-button\"><a class=\"wp-block-button__link wp-element-button\" href=\"https:\/\/prezi.com\/i\/view\/XpcXrzNVWRisajUmSw0r\/\">Bar-chart (Fr)<\/a><\/div>\n<\/div>\n\n\n<p><script async src=\"https:\/\/e.prezicdn.net\/v1\/design.js\"><\/script> <\/p>\n<div class=\"prezi-design-embed\" data-project-id=\"MyVwiHKz6rYRvc5N4MC6\"><\/div>\n\n\n\n<div style=\"height:34px\" aria-hidden=\"true\" class=\"wp-block-spacer\"><\/div>\n\n\n\n<p><strong>Petit \u00e9chantillon d'images r\u00e9colt\u00e9es en Gr\u00e8ce<\/strong>:<\/p>\n\n\n\n<div class=\"wp-block-group alignfull has-global-padding is-layout-constrained wp-container-core-group-is-layout-5f498f34 wp-block-group-is-layout-constrained\" style=\"margin-top:0;margin-bottom:0;padding-top:var(--wp--preset--spacing--50);padding-right:var(--wp--preset--spacing--50);padding-bottom:var(--wp--preset--spacing--50);padding-left:var(--wp--preset--spacing--50)\">\n<div class=\"wp-block-columns alignwide is-layout-flex wp-container-core-columns-is-layout-ff4b9c61 wp-block-columns-is-layout-flex\" style=\"margin-top:0;margin-bottom:0\">\n<div class=\"wp-block-column is-layout-flow wp-container-core-column-is-layout-8a368f38 wp-block-column-is-layout-flow\">\n<figure class=\"wp-block-image size-large is-style-rounded is-style-rounded--1\"><img decoding=\"async\" src=\"https:\/\/iiif.ls-prod-server.dasch.swiss:443\/0105\/CNLF3m9MPbf-FuSHSgDt1Jj.jp2\/full\/3481,2432\/0\/default.jpg\" alt=\"\" style=\"aspect-ratio:4\/3;object-fit:cover\"\/><\/figure>\n\n\n\n<div style=\"height:var(--wp--preset--spacing--50)\" aria-hidden=\"true\" class=\"wp-block-spacer\"><\/div>\n\n\n\n<figure class=\"wp-block-image size-large is-style-rounded is-style-rounded--2\"><img decoding=\"async\" src=\"https:\/\/iiif.ls-prod-server.dasch.swiss:443\/0105\/1OTFOTossg6-FqRPjHPjssk.jp2\/full\/2426,3481\/0\/default.jpg\" alt=\"\" style=\"aspect-ratio:3\/4;object-fit:cover\"\/><\/figure>\n\n\n\n<div style=\"height:var(--wp--preset--spacing--50)\" aria-hidden=\"true\" class=\"wp-block-spacer\"><\/div>\n\n\n\n<figure class=\"wp-block-image size-large is-style-rounded is-style-rounded--3\"><img decoding=\"async\" src=\"https:\/\/iiif.ls-prod-server.dasch.swiss:443\/0105\/6Yhy0tTOP9P-D8sHmqFpNCG.jp2\/full\/2440,3484\/0\/default.jpg\" alt=\"\" style=\"aspect-ratio:3\/4;object-fit:cover\"\/><\/figure>\n<\/div>\n\n\n\n<div class=\"wp-block-column is-layout-flow wp-container-core-column-is-layout-8a368f38 wp-block-column-is-layout-flow\">\n<div style=\"height:var(--wp--preset--spacing--50)\" aria-hidden=\"true\" class=\"wp-block-spacer\"><\/div>\n\n\n\n<figure class=\"wp-block-image size-large is-style-rounded is-style-rounded--4\"><img decoding=\"async\" src=\"https:\/\/iiif.ls-prod-server.dasch.swiss:443\/0105\/7NUJOtJ55rQ-BwGlD5fjMGH.jp2\/full\/2393,3484\/0\/default.jpg\" alt=\"\" style=\"aspect-ratio:3\/4;object-fit:cover\"\/><\/figure>\n\n\n\n<div style=\"height:var(--wp--preset--spacing--50)\" aria-hidden=\"true\" class=\"wp-block-spacer\"><\/div>\n\n\n\n<figure class=\"wp-block-image size-large is-style-rounded is-style-rounded--5\"><img decoding=\"async\" src=\"https:\/\/iiif.ls-prod-server.dasch.swiss:443\/0105\/8FDxS8aWa4k-DEst90CGYMy.jp2\/full\/3484,2421\/0\/default.jpg\" alt=\"\" style=\"aspect-ratio:1;object-fit:cover\"\/><\/figure>\n\n\n\n<div style=\"height:var(--wp--preset--spacing--50)\" aria-hidden=\"true\" class=\"wp-block-spacer\"><\/div>\n\n\n\n<figure class=\"wp-block-image size-large is-style-rounded is-style-rounded--6\"><img decoding=\"async\" src=\"https:\/\/iiif.ls-prod-server.dasch.swiss:443\/0105\/1rVQmXVtlxS-G75PrddCzPM.jp2\/full\/2422,3484\/0\/default.jpg\" alt=\"\" style=\"aspect-ratio:1;object-fit:cover\"\/><\/figure>\n<\/div>\n\n\n\n<div class=\"wp-block-column is-layout-flow wp-container-core-column-is-layout-8a368f38 wp-block-column-is-layout-flow\">\n<figure class=\"wp-block-image size-large is-style-rounded is-style-rounded--7\"><img decoding=\"async\" src=\"https:\/\/iiif.ls-prod-server.dasch.swiss:443\/0105\/8sB5TmNwmjT-FxCWYRPSYsL.jp2\/full\/2445,3482\/0\/default.jpg\" alt=\"\" style=\"aspect-ratio:3\/4;object-fit:cover\"\/><\/figure>\n\n\n\n<div style=\"height:var(--wp--preset--spacing--50)\" aria-hidden=\"true\" class=\"wp-block-spacer\"><\/div>\n\n\n\n<figure class=\"wp-block-image size-large is-style-rounded is-style-rounded--8\"><img decoding=\"async\" src=\"https:\/\/iiif.ls-prod-server.dasch.swiss:443\/0105\/8AWveUJY5ib-F3Ze2Y3QWYZ.jp2\/full\/2414,3483\/0\/default.jpg\" alt=\"\" style=\"aspect-ratio:3\/4;object-fit:cover\"\/><\/figure>\n\n\n\n<div style=\"height:var(--wp--preset--spacing--50)\" aria-hidden=\"true\" class=\"wp-block-spacer\"><\/div>\n\n\n\n<figure class=\"wp-block-image size-large is-style-rounded is-style-rounded--9\"><img decoding=\"async\" src=\"https:\/\/iiif.ls-prod-server.dasch.swiss:443\/0105\/8wpNUIdVILW-DGcyMbQGr1C.jp2\/full\/3484,2424\/0\/default.jpg\" alt=\"\" style=\"aspect-ratio:16\/9;object-fit:cover\"\/><\/figure>\n<\/div>\n<\/div>\n<\/div>","protected":false},"excerpt":{"rendered":"<p>461 images were collected in various regions in Greece in 2019. You can explore the Greece collection in details with the help of the hierarchical presentation. Codes meaning (regions):NR = non-identified regionTY = ThessalyWM = Western Macedonia This is followed (in ovals) by separation by the places of collect (down, alphabetically). Those starting with &#8220;P&#8221; [&hellip;]<\/p>\n","protected":false},"author":6,"featured_media":0,"parent":287,"menu_order":0,"comment_status":"closed","ping_status":"closed","template":"","meta":{"footnotes":""},"class_list":["post-421","page","type-page","status-publish","hentry"],"_links":{"self":[{"href":"https:\/\/ddd.unil.ch\/fr\/wp-json\/wp\/v2\/pages\/421","targetHints":{"allow":["GET"]}}],"collection":[{"href":"https:\/\/ddd.unil.ch\/fr\/wp-json\/wp\/v2\/pages"}],"about":[{"href":"https:\/\/ddd.unil.ch\/fr\/wp-json\/wp\/v2\/types\/page"}],"author":[{"embeddable":true,"href":"https:\/\/ddd.unil.ch\/fr\/wp-json\/wp\/v2\/users\/6"}],"replies":[{"embeddable":true,"href":"https:\/\/ddd.unil.ch\/fr\/wp-json\/wp\/v2\/comments?post=421"}],"version-history":[{"count":19,"href":"https:\/\/ddd.unil.ch\/fr\/wp-json\/wp\/v2\/pages\/421\/revisions"}],"predecessor-version":[{"id":989,"href":"https:\/\/ddd.unil.ch\/fr\/wp-json\/wp\/v2\/pages\/421\/revisions\/989"}],"up":[{"embeddable":true,"href":"https:\/\/ddd.unil.ch\/fr\/wp-json\/wp\/v2\/pages\/287"}],"wp:attachment":[{"href":"https:\/\/ddd.unil.ch\/fr\/wp-json\/wp\/v2\/media?parent=421"}],"curies":[{"name":"wp","href":"https:\/\/api.w.org\/{rel}","templated":true}]}}