{"id":419,"date":"2024-05-17T06:54:34","date_gmt":"2024-05-17T06:54:34","guid":{"rendered":"http:\/\/ddd.unil.ch:8008\/?page_id=419"},"modified":"2025-06-29T11:52:30","modified_gmt":"2025-06-29T11:52:30","slug":"switzerland","status":"publish","type":"page","link":"https:\/\/ddd.unil.ch\/fr\/project-description\/collection\/switzerland\/","title":{"rendered":"\ud83c\udde8\ud83c\udded Suisse (1043)"},"content":{"rendered":"<div class=\"wp-block-buttons is-layout-flex wp-block-buttons-is-layout-flex\">\n<div class=\"wp-block-button\"><a class=\"wp-block-button__link wp-element-button\" href=\"https:\/\/app.ls-prod-server.dasch.swiss\/search\/fulltext\/ch*-r\/http%253A%252F%252Frdfh.ch%252Fprojects%252F0105\">Images provenant de Suisse<\/a><\/div>\n<\/div>\n\n\n\n<p>1043 dessins (dont 1031 en acc\u00e8s publique et 12 en acc\u00e8s restreint) ont \u00e9t\u00e9 r\u00e9colt\u00e9s dans diff\u00e9rents cantons de Suisse entre 2005 et 2016. Il existe 2 grandes sous-collections : \u00ab UNIL \u00bb, c'est-\u00e0-dire les images collect\u00e9es g\u00e9n\u00e9ralement dans des \u00e9coles et des paroisses, et les \u00ab Myst\u00e8res UNIL\u00bb, 2014, o\u00f9 le grand public de tous les \u00e2ges pouvait contribuer \u00e0 la collection de dessins de dieux.<\/p>\n\n\n\n<div class=\"wp-block-buttons is-layout-flex wp-block-buttons-is-layout-flex\">\n<div class=\"wp-block-button\"><a class=\"wp-block-button__link wp-element-button\" href=\"https:\/\/prezi.com\/i\/view\/ZbQ9xYV8UNXTtrwvWyPp\/\">Carte (Eng)<\/a><\/div>\n\n\n\n<div class=\"wp-block-button\"><a class=\"wp-block-button__link wp-element-button\" href=\"https:\/\/prezi.com\/i\/view\/t0zTT2lGixtoHcPjgYCQ\/\">Carte (Fr)<\/a><\/div>\n<\/div>\n\n\n<p><script async src=\"https:\/\/e.prezicdn.net\/v1\/design.js\"><\/script> <\/p>\n<div class=\"prezi-design-embed\" data-project-id=\"ZbQ9xYV8UNXTtrwvWyPp\"><\/div>\n\n\n\n<p>Explorez la collection suisse \u00e0 l'aide de la <strong>repr\u00e9sentation hi\u00e9rarchique suivante:<\/strong><\/p>\n\n\n\n<figure class=\"wp-block-image aligncenter size-large is-resized\"><img loading=\"lazy\" decoding=\"async\" width=\"1024\" height=\"623\" src=\"https:\/\/ddd.unil.ch\/wp-content\/uploads\/2024\/10\/SuisseTotalfr.png\" alt=\"\" class=\"wp-image-554\" style=\"width:841px;height:auto\" srcset=\"https:\/\/ddd.unil.ch\/wp-content\/uploads\/2024\/10\/SuisseTotalfr.png 3736w, https:\/\/ddd.unil.ch\/wp-content\/uploads\/2024\/10\/SuisseTotalfr-300x183.png 300w, https:\/\/ddd.unil.ch\/wp-content\/uploads\/2024\/10\/SuisseTotalfr-1024x623.png 1024w, https:\/\/ddd.unil.ch\/wp-content\/uploads\/2024\/10\/SuisseTotalfr-768x467.png 768w, https:\/\/ddd.unil.ch\/wp-content\/uploads\/2024\/10\/SuisseTotalfr-1536x935.png 1536w, https:\/\/ddd.unil.ch\/wp-content\/uploads\/2024\/10\/SuisseTotalfr-2048x1247.png 2048w, https:\/\/ddd.unil.ch\/wp-content\/uploads\/2024\/10\/SuisseTotalfr-18x12.png 18w\" sizes=\"auto, (max-width: 1024px) 100vw, 1024px\" \/><\/figure>\n\n\n\n<p><strong>Cantons:<\/strong><br>BE = Berne<br>FR = Fribourg<br>GE = Gen\u00e8ve<br>JU = Jura<br>NE = Neuch\u00e2tel<br>TI = Ticino<br>VD = Vaud<br>VS = Valais<br><\/p>\n\n\n\n<p><strong>Lieux de r\u00e9colte :<\/strong> commen\u00e7ant par \u00ab P \u00bb sont des \u00e9coles publiques, commen\u00e7ant par \u00ab R \u00bb sont des \u00e9coles religieuses ou des \u00e9coles publiques avec un cadre religieux.<\/p>\n\n\n\n<p>PBS = Ecole publique (VS)<br>PBU = Ecole publique (VD)<br>PCC = Ecole publique (NE)<br>PCO = Ecole publique (GE)<br>PCP = Ecole publique (VD)<br>PEP = Ecole publique (VD)<br>PFO = Ecole publique (NE)<br>PHN = Ecole publique (VS)<br>PM = Myst\u00e8res UNIL 2014<br>PRE = Ecole publique (BE)<br>PSR = Ecole publique (NE)<br>PV = Ecole(s) publique(s) (TI)<br>PVI = Ecole publique (JU)<br>RAL = Paroisse (GE) (protest.)<br>RAP = Paroisse (GE) (cathol.)<br>RAS = Ecole religieuse (FR)<br>RBC = Paroisse (GE) (protest.)<br>RBE = Ecole religieuse (FR)<br>RBI = Ecole religieuse (NE)<br>RCB = Ecole religieuse (enfants de VD) (cathol.)<br>RCE = Paroisse (VD)<br>RCI = Ecole religieuse (FR) (protest.)<br>RCN = Ecole religieuse (FR) (protest.)<br>REC = Ecole religieuse (FR) (protest.)<br>REL = Ecole religieuse (FR) (protest.)<br>RJE = Paroisse (GE)<br>RJO = Paroisse (VD)<br>RJS = Paroisse (VD)<br>RLD = Ecole-foyer religieuse (cathol.) <br>RLE = Ecole religieuse (FR) (protest.)<br>RLP = Paroisse (VD)<br>RLT = Ecole religieuse (FR) (protest.)<br>RMD = Ecole-foyer religieuse (cathol.)<br>RNF = Paroisse (GE) (cathol.)<br>RPI = Paroisse (GE) (cathol.)<br>RPL = Ecole religieuse (FR) (protest.)<br>RPR = Paroisse (VD)<br>RRD = Ecole religieuse (VD) (catholique)<br>RRO = Paroisse (VD) (cathol.)<br>RRS = Ecole religieuse (VD) (protest.)<br>RSD = Ecole-foyer religieuse (VD) (catholique)<br>RSP = Paroisse (VD) (cathol.)<br>RTZ = Paroisse (VD) (cathol.)<br>RVZ = Ecole religieuse (FR) (protest.)<\/p>\n\n\n\n<p>Explorez la<strong> la distribution par \u00e2ge et par genre<\/strong> dans la collection suisse:<\/p>\n\n\n\n<div class=\"wp-block-buttons is-layout-flex wp-block-buttons-is-layout-flex\">\n<div class=\"wp-block-button\"><a class=\"wp-block-button__link wp-element-button\" href=\"https:\/\/prezi.com\/i\/view\/He3wPrAG3rMoAPMsdp8F\/\">Bar-Chart (Eng)<\/a><\/div>\n\n\n\n<div class=\"wp-block-button\"><a class=\"wp-block-button__link wp-element-button\" href=\"https:\/\/prezi.com\/i\/view\/buwLSUjr89JAiVJkvuIP\/\">Bar-chart (Fr)<\/a><\/div>\n<\/div>\n\n\n<p><script async src=\"https:\/\/e.prezicdn.net\/v1\/design.js\"><\/script> <\/p>\n<div class=\"prezi-design-embed\" data-project-id=\"He3wPrAG3rMoAPMsdp8F\"><\/div>\n\n\n\n<p><strong>S\u00e9lection d'images provenant de Suisse :<\/strong><\/p>\n\n\n\n<div class=\"wp-block-group alignfull has-global-padding is-layout-constrained wp-container-core-group-is-layout-5f498f34 wp-block-group-is-layout-constrained\" style=\"margin-top:0;margin-bottom:0;padding-top:var(--wp--preset--spacing--50);padding-right:var(--wp--preset--spacing--50);padding-bottom:var(--wp--preset--spacing--50);padding-left:var(--wp--preset--spacing--50)\">\n<div class=\"wp-block-columns alignwide is-layout-flex wp-container-core-columns-is-layout-ff4b9c61 wp-block-columns-is-layout-flex\" style=\"margin-top:0;margin-bottom:0\">\n<div class=\"wp-block-column is-layout-flow wp-container-core-column-is-layout-8a368f38 wp-block-column-is-layout-flow\">\n<figure class=\"wp-block-image size-large is-style-rounded is-style-rounded--1\"><img decoding=\"async\" src=\"https:\/\/iiif.ls-prod-server.dasch.swiss:443\/0105\/8BTobe2bF0E-Fi6Y6Rm9jqZ.jpx\/full\/3484,2430\/0\/default.jpg\" alt=\"\" style=\"aspect-ratio:4\/3;object-fit:cover\"\/><\/figure>\n\n\n\n<div style=\"height:var(--wp--preset--spacing--50)\" aria-hidden=\"true\" class=\"wp-block-spacer\"><\/div>\n\n\n\n<figure class=\"wp-block-image size-large is-style-rounded is-style-rounded--2\"><img decoding=\"async\" src=\"https:\/\/iiif.ls-prod-server.dasch.swiss:443\/0105\/E29vJT9edlm-FNE0aW7i33j.jpx\/full\/2481,3509\/0\/default.jpg\" alt=\"\" style=\"aspect-ratio:3\/4;object-fit:cover\"\/><\/figure>\n\n\n\n<div style=\"height:var(--wp--preset--spacing--50)\" aria-hidden=\"true\" class=\"wp-block-spacer\"><\/div>\n\n\n\n<figure class=\"wp-block-image size-large is-style-rounded is-style-rounded--3\"><img decoding=\"async\" src=\"https:\/\/iiif.ls-prod-server.dasch.swiss:443\/0105\/8h6ENq3lhNg-Bq12GrmIpGn.jpx\/full\/2429,3446\/0\/default.jpg\" alt=\"\" style=\"aspect-ratio:3\/4;object-fit:cover\"\/><\/figure>\n<\/div>\n\n\n\n<div class=\"wp-block-column is-layout-flow wp-container-core-column-is-layout-8a368f38 wp-block-column-is-layout-flow\">\n<div style=\"height:var(--wp--preset--spacing--50)\" aria-hidden=\"true\" class=\"wp-block-spacer\"><\/div>\n\n\n\n<figure class=\"wp-block-image size-large is-style-rounded is-style-rounded--4\"><img decoding=\"async\" src=\"https:\/\/iiif.ls-prod-server.dasch.swiss:443\/0105\/FGL8d7u9vVy-CjOXcKSVces.jpx\/full\/2481,3509\/0\/default.jpg\" alt=\"\" style=\"aspect-ratio:3\/4;object-fit:cover\"\/><\/figure>\n\n\n\n<div style=\"height:var(--wp--preset--spacing--50)\" aria-hidden=\"true\" class=\"wp-block-spacer\"><\/div>\n\n\n\n<figure class=\"wp-block-image size-large is-style-rounded is-style-rounded--5\"><img decoding=\"async\" src=\"https:\/\/iiif.ls-prod-server.dasch.swiss:443\/0105\/5wYlYstj40D-F4v1hE0rQ0F.jpx\/full\/2456,3477\/0\/default.jpg\" alt=\"\" style=\"aspect-ratio:1;object-fit:cover\"\/><\/figure>\n\n\n\n<div style=\"height:var(--wp--preset--spacing--50)\" aria-hidden=\"true\" class=\"wp-block-spacer\"><\/div>\n\n\n\n<figure class=\"wp-block-image size-large is-style-rounded is-style-rounded--6\"><img decoding=\"async\" src=\"https:\/\/iiif.ls-prod-server.dasch.swiss:443\/0105\/GqLHlgXd38G-G0E22PYOsxe.jpx\/full\/3470,2436\/0\/default.jpg\" alt=\"\" style=\"aspect-ratio:1;object-fit:cover\"\/><\/figure>\n<\/div>\n\n\n\n<div class=\"wp-block-column is-layout-flow wp-container-core-column-is-layout-8a368f38 wp-block-column-is-layout-flow\">\n<figure class=\"wp-block-image size-large is-style-rounded is-style-rounded--7\"><img decoding=\"async\" src=\"https:\/\/iiif.ls-prod-server.dasch.swiss:443\/0105\/HRFTN4C65QB-FiKUdK9DzOt.jpx\/full\/2455,3482\/0\/default.jpg\" alt=\"\" style=\"aspect-ratio:3\/4;object-fit:cover\"\/><\/figure>\n\n\n\n<div style=\"height:var(--wp--preset--spacing--50)\" aria-hidden=\"true\" class=\"wp-block-spacer\"><\/div>\n\n\n\n<figure class=\"wp-block-image size-large is-style-rounded is-style-rounded--8\"><img decoding=\"async\" src=\"https:\/\/iiif.ls-prod-server.dasch.swiss:443\/0105\/JxWd5QGWjCX-BBhaylI7fPQ.jpx\/full\/2483,3495\/0\/default.jpg\" alt=\"\" style=\"aspect-ratio:3\/4;object-fit:cover\"\/><\/figure>\n\n\n\n<div style=\"height:var(--wp--preset--spacing--50)\" aria-hidden=\"true\" class=\"wp-block-spacer\"><\/div>\n\n\n\n<figure class=\"wp-block-image size-large is-style-rounded is-style-rounded--9\"><img decoding=\"async\" src=\"https:\/\/iiif.ls-prod-server.dasch.swiss:443\/0105\/EUIz4XCVXi5-DLTnmTddwAH.jpx\/full\/3477,2456\/0\/default.jpg\" alt=\"\" style=\"aspect-ratio:16\/9;object-fit:cover\"\/><\/figure>\n<\/div>\n<\/div>\n<\/div>","protected":false},"excerpt":{"rendered":"<p>1043 drawings (of which 1031 are public and 12 have restricted access) were collected in various cantons of Switzerland between 2005 and 2016. There are 2 major sub-collections: &#8220;UNIL&#8221;, i.e. the images collected generally at schools, and the &#8220;Myst\u00e8res UNIL&#8221;, 2014, where general public of all ages could contribute to the collection of the drawings [&hellip;]<\/p>\n","protected":false},"author":6,"featured_media":0,"parent":287,"menu_order":0,"comment_status":"closed","ping_status":"closed","template":"","meta":{"footnotes":""},"class_list":["post-419","page","type-page","status-publish","hentry"],"_links":{"self":[{"href":"https:\/\/ddd.unil.ch\/fr\/wp-json\/wp\/v2\/pages\/419","targetHints":{"allow":["GET"]}}],"collection":[{"href":"https:\/\/ddd.unil.ch\/fr\/wp-json\/wp\/v2\/pages"}],"about":[{"href":"https:\/\/ddd.unil.ch\/fr\/wp-json\/wp\/v2\/types\/page"}],"author":[{"embeddable":true,"href":"https:\/\/ddd.unil.ch\/fr\/wp-json\/wp\/v2\/users\/6"}],"replies":[{"embeddable":true,"href":"https:\/\/ddd.unil.ch\/fr\/wp-json\/wp\/v2\/comments?post=419"}],"version-history":[{"count":19,"href":"https:\/\/ddd.unil.ch\/fr\/wp-json\/wp\/v2\/pages\/419\/revisions"}],"predecessor-version":[{"id":996,"href":"https:\/\/ddd.unil.ch\/fr\/wp-json\/wp\/v2\/pages\/419\/revisions\/996"}],"up":[{"embeddable":true,"href":"https:\/\/ddd.unil.ch\/fr\/wp-json\/wp\/v2\/pages\/287"}],"wp:attachment":[{"href":"https:\/\/ddd.unil.ch\/fr\/wp-json\/wp\/v2\/media?parent=419"}],"curies":[{"name":"wp","href":"https:\/\/api.w.org\/{rel}","templated":true}]}}