{"id":417,"date":"2024-05-17T06:50:41","date_gmt":"2024-05-17T06:50:41","guid":{"rendered":"http:\/\/ddd.unil.ch:8008\/?page_id=417"},"modified":"2025-06-29T11:53:06","modified_gmt":"2025-06-29T11:53:06","slug":"usa","status":"publish","type":"page","link":"https:\/\/ddd.unil.ch\/fr\/project-description\/collection\/usa\/","title":{"rendered":"\ud83c\uddfa\ud83c\uddf8 Etats-Unis (982)"},"content":{"rendered":"<div class=\"wp-block-buttons is-layout-flex wp-block-buttons-is-layout-flex\">\n<div class=\"wp-block-button\"><a class=\"wp-block-button__link wp-element-button\" href=\"https:\/\/app.ls-prod-server.dasch.swiss\/search\/fulltext\/us87*-r\">Images provenant des Etats-Unis<\/a><\/div>\n<\/div>\n\n\n\n<p>La collection \u00e9tats-unienne comprend 982 images, toutes r\u00e9colt\u00e9es dans l'Ohio en 1987.<\/p>\n\n\n\n<div class=\"wp-block-buttons is-layout-flex wp-block-buttons-is-layout-flex\">\n<div class=\"wp-block-button\"><a class=\"wp-block-button__link wp-element-button\" href=\"https:\/\/prezi.com\/i\/view\/Q1FgevPXed61YuKsUpFp\/\">Carte (Eng)<\/a><\/div>\n\n\n\n<div class=\"wp-block-button\"><a class=\"wp-block-button__link wp-element-button\" href=\"https:\/\/prezi.com\/i\/view\/hm96Blhedunk02FjHhER\/\">Carte (Fr)<\/a><\/div>\n<\/div>\n\n\n<p><script async src=\"https:\/\/e.prezicdn.net\/v1\/design.js\"><\/script> <\/p>\n<div class=\"prezi-design-embed\" data-project-id=\"Q1FgevPXed61YuKsUpFp\"><\/div>\n\n\n\n<p>Explorez la collection \u00e9tat-sunienne \u00e0 l'aide de la structure hi\u00e9rarchique suivante :<\/p>\n\n\n\n<figure class=\"wp-block-image size-large\"><img loading=\"lazy\" decoding=\"async\" width=\"1024\" height=\"695\" src=\"https:\/\/ddd.unil.ch\/wp-content\/uploads\/2024\/10\/USAfr.jpg\" alt=\"\" class=\"wp-image-562\" srcset=\"https:\/\/ddd.unil.ch\/wp-content\/uploads\/2024\/10\/USAfr.jpg 2179w, https:\/\/ddd.unil.ch\/wp-content\/uploads\/2024\/10\/USAfr-300x205.jpg 300w, https:\/\/ddd.unil.ch\/wp-content\/uploads\/2024\/10\/USAfr-1024x701.jpg 1024w, https:\/\/ddd.unil.ch\/wp-content\/uploads\/2024\/10\/USAfr-768x526.jpg 768w, https:\/\/ddd.unil.ch\/wp-content\/uploads\/2024\/10\/USAfr-1536x1051.jpg 1536w, https:\/\/ddd.unil.ch\/wp-content\/uploads\/2024\/10\/USAfr-2048x1401.jpg 2048w, https:\/\/ddd.unil.ch\/wp-content\/uploads\/2024\/10\/USAfr-18x12.jpg 18w\" sizes=\"auto, (max-width: 1024px) 100vw, 1024px\" \/><\/figure>\n\n\n\n<p><strong>Codes:<\/strong><br>OH = Ohio<br><br><strong>Lieux de r\u00e9colte :<\/strong><\/p>\n\n\n\n<p>RB = d\u00e9nomination baptiste am\u00e9ricaine<br>RC(J) = Eglise catholique romaine<br>RC(M) = Eglise catholique romaine<br>RE = Eglise \u00e9vang\u00e9lique protestante nazar\u00e9enne<br>RL = Eglise \u00e9vang\u00e9lique luth\u00e9rienne d'Am\u00e9rique<br>RM = Eglise M\u00e9thodiste Unie<br>RP = Eglise presbyt\u00e9rienne<br>RSL = Eglise pentec\u00f4tiste Lighthouse<br>RSS = Eglise pentec\u00f4tiste 4SQ<br>RT = Eglise protestante Trinity UCC<br>RU = Eglise Unie du Christ<\/p>\n\n\n\n<p>Explorez <strong>la distribution par \u00e2ge et par genre<\/strong> dans la collection etas-unienne:<\/p>\n\n\n\n<div class=\"wp-block-buttons is-layout-flex wp-block-buttons-is-layout-flex\">\n<div class=\"wp-block-button\"><a class=\"wp-block-button__link wp-element-button\" href=\"https:\/\/prezi.com\/i\/view\/RxKpleAsd42kgRo57PEr\/\">Bar-Chart (Eng)<\/a><\/div>\n\n\n\n<div class=\"wp-block-button\"><a class=\"wp-block-button__link wp-element-button\" href=\"https:\/\/prezi.com\/i\/view\/K1GXP6pmGPnTaRQuRvyo\/\">Bar-chart (Fr)<\/a><\/div>\n<\/div>\n\n\n<p><script async src=\"https:\/\/e.prezicdn.net\/v1\/design.js\"><\/script> <\/p>\n<div class=\"prezi-design-embed\" data-project-id=\"RxKpleAsd42kgRo57PEr\"><\/div>\n\n\n\n<p><strong>Petit \u00e9chantillon d'images provenant des Etats-Unis<\/strong><\/p>\n\n\n\n<div class=\"wp-block-group alignfull has-global-padding is-layout-constrained wp-container-core-group-is-layout-5f498f34 wp-block-group-is-layout-constrained\" style=\"margin-top:0;margin-bottom:0;padding-top:var(--wp--preset--spacing--50);padding-right:var(--wp--preset--spacing--50);padding-bottom:var(--wp--preset--spacing--50);padding-left:var(--wp--preset--spacing--50)\">\n<div class=\"wp-block-columns alignwide is-layout-flex wp-container-core-columns-is-layout-ff4b9c61 wp-block-columns-is-layout-flex\" style=\"margin-top:0;margin-bottom:0\">\n<div class=\"wp-block-column is-layout-flow wp-container-core-column-is-layout-8a368f38 wp-block-column-is-layout-flow\">\n<figure class=\"wp-block-image size-large is-style-rounded is-style-rounded--1\"><img decoding=\"async\" src=\"https:\/\/iiif.ls-prod-server.dasch.swiss:443\/0105\/K4M9nR2vmDx-AzhFEJm0Z5X.jpx\/full\/2524,1640\/0\/default.jpg\" alt=\"\" style=\"aspect-ratio:4\/3;object-fit:cover\"\/><\/figure>\n\n\n\n<div style=\"height:var(--wp--preset--spacing--50)\" aria-hidden=\"true\" class=\"wp-block-spacer\"><\/div>\n\n\n\n<figure class=\"wp-block-image size-large is-style-rounded is-style-rounded--2\"><img decoding=\"async\" src=\"https:\/\/iiif.ls-prod-server.dasch.swiss:443\/0105\/2aiG2JC58ST-Dz28lJa7NWy.jpx\/full\/1640,2524\/0\/default.jpg\" alt=\"\" style=\"aspect-ratio:3\/4;object-fit:cover\"\/><\/figure>\n\n\n\n<div style=\"height:var(--wp--preset--spacing--50)\" aria-hidden=\"true\" class=\"wp-block-spacer\"><\/div>\n\n\n\n<figure class=\"wp-block-image size-large is-style-rounded is-style-rounded--3\"><img decoding=\"async\" src=\"https:\/\/iiif.ls-prod-server.dasch.swiss:443\/0105\/HK3uRkAmGc1-DNzQRYNfYfS.jpx\/full\/1528,2528\/0\/default.jpg\" alt=\"\" style=\"aspect-ratio:3\/4;object-fit:cover\"\/><\/figure>\n<\/div>\n\n\n\n<div class=\"wp-block-column is-layout-flow wp-container-core-column-is-layout-8a368f38 wp-block-column-is-layout-flow\">\n<div style=\"height:var(--wp--preset--spacing--50)\" aria-hidden=\"true\" class=\"wp-block-spacer\"><\/div>\n\n\n\n<figure class=\"wp-block-image size-large is-style-rounded is-style-rounded--4\"><img decoding=\"async\" src=\"https:\/\/iiif.ls-prod-server.dasch.swiss:443\/0105\/95Gtsp6trzb-G3Xz7l5hmCP.jpx\/full\/1656,2524\/0\/default.jpg\" alt=\"\" style=\"aspect-ratio:3\/4;object-fit:cover\"\/><\/figure>\n\n\n\n<div style=\"height:var(--wp--preset--spacing--50)\" aria-hidden=\"true\" class=\"wp-block-spacer\"><\/div>\n\n\n\n<figure class=\"wp-block-image size-large is-style-rounded is-style-rounded--5\"><img decoding=\"async\" src=\"https:\/\/iiif.ls-prod-server.dasch.swiss:443\/0105\/HGdJf5gav1p-GINnEAO8MJ3.jpx\/full\/2528,1636\/0\/default.jpg\" alt=\"\" style=\"aspect-ratio:1;object-fit:cover\"\/><\/figure>\n\n\n\n<div style=\"height:var(--wp--preset--spacing--50)\" aria-hidden=\"true\" class=\"wp-block-spacer\"><\/div>\n\n\n\n<figure class=\"wp-block-image size-large is-style-rounded is-style-rounded--6\"><img decoding=\"async\" src=\"https:\/\/iiif.ls-prod-server.dasch.swiss:443\/0105\/BTl5TUq1URC-BNFRuAzxlsO.jpx\/full\/2528,1640\/0\/default.jpg\" alt=\"\" style=\"aspect-ratio:1;object-fit:cover\"\/><\/figure>\n<\/div>\n\n\n\n<div class=\"wp-block-column is-layout-flow wp-container-core-column-is-layout-8a368f38 wp-block-column-is-layout-flow\">\n<figure class=\"wp-block-image size-large is-style-rounded is-style-rounded--7\"><img decoding=\"async\" src=\"https:\/\/iiif.ls-prod-server.dasch.swiss:443\/0105\/7SZBcRzBUxG-ELb3Lsrcbya.jpx\/full\/1640,2528\/0\/default.jpg\" alt=\"\" style=\"aspect-ratio:3\/4;object-fit:cover\"\/><\/figure>\n\n\n\n<div style=\"height:var(--wp--preset--spacing--50)\" aria-hidden=\"true\" class=\"wp-block-spacer\"><\/div>\n\n\n\n<figure class=\"wp-block-image size-large is-style-rounded is-style-rounded--8\"><img decoding=\"async\" src=\"https:\/\/iiif.ls-prod-server.dasch.swiss:443\/0105\/HSU65lpV2Pi-ExQjmsvRzJx.jpx\/full\/1632,2532\/0\/default.jpg\" alt=\"\" style=\"aspect-ratio:3\/4;object-fit:cover\"\/><\/figure>\n\n\n\n<div style=\"height:var(--wp--preset--spacing--50)\" aria-hidden=\"true\" class=\"wp-block-spacer\"><\/div>\n\n\n\n<figure class=\"wp-block-image size-large is-style-rounded is-style-rounded--9\"><img decoding=\"async\" src=\"https:\/\/iiif.ls-prod-server.dasch.swiss:443\/0105\/IBxeeGRBcY0-FsZ2yJ5AI3g.jpx\/full\/2532,1648\/0\/default.jpg\" alt=\"\" style=\"aspect-ratio:16\/9;object-fit:cover\"\/><\/figure>\n<\/div>\n<\/div>\n<\/div>","protected":false},"excerpt":{"rendered":"<p>The USA collection comprises 982 images all collected in Ohio in 1987. Explore the USA collection with the help of the following hierarchical structure: Codes:OH = Ohio Places of collect: RB = American Baptist denominationRC(J) = Roman Catholic ChurchRC(M) = Roman Catholic ChurchRE = Evangelical Protestant Nazarene ChurchRL = Evangelical Lutheran Church of AmericaRM = [&hellip;]<\/p>\n","protected":false},"author":6,"featured_media":0,"parent":287,"menu_order":0,"comment_status":"closed","ping_status":"closed","template":"","meta":{"footnotes":""},"class_list":["post-417","page","type-page","status-publish","hentry"],"_links":{"self":[{"href":"https:\/\/ddd.unil.ch\/fr\/wp-json\/wp\/v2\/pages\/417","targetHints":{"allow":["GET"]}}],"collection":[{"href":"https:\/\/ddd.unil.ch\/fr\/wp-json\/wp\/v2\/pages"}],"about":[{"href":"https:\/\/ddd.unil.ch\/fr\/wp-json\/wp\/v2\/types\/page"}],"author":[{"embeddable":true,"href":"https:\/\/ddd.unil.ch\/fr\/wp-json\/wp\/v2\/users\/6"}],"replies":[{"embeddable":true,"href":"https:\/\/ddd.unil.ch\/fr\/wp-json\/wp\/v2\/comments?post=417"}],"version-history":[{"count":16,"href":"https:\/\/ddd.unil.ch\/fr\/wp-json\/wp\/v2\/pages\/417\/revisions"}],"predecessor-version":[{"id":997,"href":"https:\/\/ddd.unil.ch\/fr\/wp-json\/wp\/v2\/pages\/417\/revisions\/997"}],"up":[{"embeddable":true,"href":"https:\/\/ddd.unil.ch\/fr\/wp-json\/wp\/v2\/pages\/287"}],"wp:attachment":[{"href":"https:\/\/ddd.unil.ch\/fr\/wp-json\/wp\/v2\/media?parent=417"}],"curies":[{"name":"wp","href":"https:\/\/api.w.org\/{rel}","templated":true}]}}