{"id":415,"date":"2024-05-17T06:50:28","date_gmt":"2024-05-17T06:50:28","guid":{"rendered":"http:\/\/ddd.unil.ch:8008\/?page_id=415"},"modified":"2024-11-24T07:40:42","modified_gmt":"2024-11-24T07:40:42","slug":"nepal","status":"publish","type":"page","link":"https:\/\/ddd.unil.ch\/fr\/project-description\/collection\/nepal\/","title":{"rendered":"\ud83c\uddf3\ud83c\uddf5N\u00e9pal (13)"},"content":{"rendered":"<div class=\"wp-block-buttons is-layout-flex wp-block-buttons-is-layout-flex\">\n<div class=\"wp-block-button\"><a class=\"wp-block-button__link wp-element-button\" href=\"https:\/\/app.ls-prod-server.dasch.swiss\/search\/fulltext\/np*-r\/http%253A%252F%252Frdfh.ch%252Fprojects%252F0105\">Images provenant du N\u00e9pal<\/a><\/div>\n<\/div>\n\n\n\n<p>13 images ont \u00e9t\u00e9 r\u00e9colt\u00e9es au N\u00e9pal en 2016.<\/p>\n\n\n\n<div class=\"wp-block-buttons is-layout-flex wp-block-buttons-is-layout-flex\">\n<div class=\"wp-block-button\"><a class=\"wp-block-button__link wp-element-button\" href=\"https:\/\/prezi.com\/i\/view\/5FqPTFQkcSIvcf2dqaTm\/\">Carte (Eng)<\/a><\/div>\n\n\n\n<div class=\"wp-block-button\"><a class=\"wp-block-button__link wp-element-button\" href=\"https:\/\/prezi.com\/i\/view\/2OPOUMCuJypGpFMG6u22\/\">Carte (Fr)<\/a><\/div>\n<\/div>\n\n\n<p><script async src=\"https:\/\/e.prezicdn.net\/v1\/design.js\"><\/script> <\/p>\n<div class=\"prezi-design-embed\" data-project-id=\"5FqPTFQkcSIvcf2dqaTm\"><\/div>\n\n\n\n<p>Voici la structure hi\u00e9rarchique de la collection du N\u00e9pal :<\/p>\n\n\n\n<figure class=\"wp-block-image aligncenter size-large is-resized\"><img loading=\"lazy\" decoding=\"async\" width=\"1024\" height=\"774\" src=\"https:\/\/ddd.unil.ch\/wp-content\/uploads\/2024\/10\/Nepalfr.jpg\" alt=\"\" class=\"wp-image-516\" style=\"width:423px;height:auto\" srcset=\"https:\/\/ddd.unil.ch\/wp-content\/uploads\/2024\/10\/Nepalfr.jpg 1637w, https:\/\/ddd.unil.ch\/wp-content\/uploads\/2024\/10\/Nepalfr-300x227.jpg 300w, https:\/\/ddd.unil.ch\/wp-content\/uploads\/2024\/10\/Nepalfr-1024x774.jpg 1024w, https:\/\/ddd.unil.ch\/wp-content\/uploads\/2024\/10\/Nepalfr-768x580.jpg 768w, https:\/\/ddd.unil.ch\/wp-content\/uploads\/2024\/10\/Nepalfr-1536x1161.jpg 1536w, https:\/\/ddd.unil.ch\/wp-content\/uploads\/2024\/10\/Nepalfr-16x12.jpg 16w\" sizes=\"auto, (max-width: 1024px) 100vw, 1024px\" \/><\/figure>\n\n\n\n<p>Codes (r\u00e9gions) :<\/p>\n\n\n\n<p>KA = Katmandou<br>PI = Panauti<br><br>Lieux de r\u00e9colte:<\/p>\n\n\n\n<p>PKM = Village des forgerons \u00e0 Kamigaon<br>PPN = ville de Panauti<br>RKH = Khopasi, Makhlo gaon (sanctuaire rural)<br>RSW = pr\u00e8s du temple de Swayambhunath<br>RTK = pr\u00e8s du temple Tekhu<\/p>\n\n\n\n<p>You can explore the age-gender distribution in the collection from Nepal with a <strong>d'un graphique<\/strong> ci-dessous:<\/p>\n\n\n\n<div class=\"wp-block-buttons is-layout-flex wp-block-buttons-is-layout-flex\">\n<div class=\"wp-block-button\"><a class=\"wp-block-button__link wp-element-button\" href=\"https:\/\/prezi.com\/i\/view\/yHDd8HRWTp02zAHQuhqi\/\">Bar-Chart (Eng)<\/a><\/div>\n\n\n\n<div class=\"wp-block-button\"><a class=\"wp-block-button__link wp-element-button\" href=\"https:\/\/prezi.com\/i\/view\/Wh68uyNCixujYbAqx42E\/\">Bar-chart (Fr)<\/a><\/div>\n<\/div>\n\n\n<p><script async src=\"https:\/\/e.prezicdn.net\/v1\/design.js\"><\/script> <\/p>\n<div class=\"prezi-design-embed\" data-project-id=\"yHDd8HRWTp02zAHQuhqi\"><\/div>\n\n\n\n<p><strong>Exemples d'images du N\u00e9pal :<\/strong><\/p>\n\n\n\n<div class=\"wp-block-group alignfull has-global-padding is-layout-constrained wp-container-core-group-is-layout-5f498f34 wp-block-group-is-layout-constrained\" style=\"margin-top:0;margin-bottom:0;padding-top:var(--wp--preset--spacing--50);padding-right:var(--wp--preset--spacing--50);padding-bottom:var(--wp--preset--spacing--50);padding-left:var(--wp--preset--spacing--50)\">\n<div class=\"wp-block-columns alignwide is-layout-flex wp-container-core-columns-is-layout-ff4b9c61 wp-block-columns-is-layout-flex\" style=\"margin-top:0;margin-bottom:0\">\n<div class=\"wp-block-column is-layout-flow wp-container-core-column-is-layout-8a368f38 wp-block-column-is-layout-flow\">\n<figure class=\"wp-block-image size-large is-style-rounded is-style-rounded--1\"><img decoding=\"async\" src=\"https:\/\/iiif.ls-prod-server.dasch.swiss:443\/0105\/4yzm7GJtC15-DcHMcz6uv8H.jpx\/full\/3507,2480\/0\/default.jpg\" alt=\"\" style=\"aspect-ratio:4\/3;object-fit:cover\"\/><\/figure>\n\n\n\n<div style=\"height:var(--wp--preset--spacing--50)\" aria-hidden=\"true\" class=\"wp-block-spacer\"><\/div>\n\n\n\n<figure class=\"wp-block-image size-large is-style-rounded is-style-rounded--2\"><img decoding=\"async\" src=\"https:\/\/iiif.ls-prod-server.dasch.swiss:443\/0105\/Cn7WSRwNhKV-Bg1erfP1hJu.jpx\/full\/2480,3507\/0\/default.jpg\" alt=\"\" style=\"aspect-ratio:3\/4;object-fit:cover\"\/><\/figure>\n\n\n\n<div style=\"height:var(--wp--preset--spacing--50)\" aria-hidden=\"true\" class=\"wp-block-spacer\"><\/div>\n\n\n\n<figure class=\"wp-block-image size-large is-style-rounded is-style-rounded--3\"><img decoding=\"async\" src=\"https:\/\/iiif.ls-prod-server.dasch.swiss:443\/0105\/FufNiwaPsF9-DwtY4FR6sTw.jpx\/full\/2480,3507\/0\/default.jpg\" alt=\"\" style=\"aspect-ratio:3\/4;object-fit:cover\"\/><\/figure>\n<\/div>\n\n\n\n<div class=\"wp-block-column is-layout-flow wp-container-core-column-is-layout-8a368f38 wp-block-column-is-layout-flow\">\n<div style=\"height:var(--wp--preset--spacing--50)\" aria-hidden=\"true\" class=\"wp-block-spacer\"><\/div>\n\n\n\n<figure class=\"wp-block-image size-large is-style-rounded is-style-rounded--4\"><img decoding=\"async\" src=\"https:\/\/iiif.ls-prod-server.dasch.swiss:443\/0105\/I2LBnPkyIcO-BLHGVL2zRYu.jpx\/full\/2480,3507\/0\/default.jpg\" alt=\"\" style=\"aspect-ratio:3\/4;object-fit:cover\"\/><\/figure>\n\n\n\n<div style=\"height:var(--wp--preset--spacing--50)\" aria-hidden=\"true\" class=\"wp-block-spacer\"><\/div>\n\n\n\n<figure class=\"wp-block-image size-large is-style-rounded is-style-rounded--5\"><img decoding=\"async\" src=\"https:\/\/iiif.ls-prod-server.dasch.swiss:443\/0105\/CYJmXvF3zxw-F1VWaT9The9.jpx\/full\/2480,3507\/0\/default.jpg\" alt=\"\" style=\"aspect-ratio:1;object-fit:cover\"\/><\/figure>\n\n\n\n<div style=\"height:var(--wp--preset--spacing--50)\" aria-hidden=\"true\" class=\"wp-block-spacer\"><\/div>\n\n\n\n<figure class=\"wp-block-image size-large is-style-rounded is-style-rounded--6\"><img decoding=\"async\" src=\"https:\/\/iiif.ls-prod-server.dasch.swiss:443\/0105\/JFWFuRMqAnc-FAgF67w18KL.jpx\/full\/3507,2480\/0\/default.jpg\" alt=\"\" style=\"aspect-ratio:1;object-fit:cover\"\/><\/figure>\n<\/div>\n\n\n\n<div class=\"wp-block-column is-layout-flow wp-container-core-column-is-layout-8a368f38 wp-block-column-is-layout-flow\">\n<figure class=\"wp-block-image size-large is-style-rounded is-style-rounded--7\"><img decoding=\"async\" src=\"https:\/\/iiif.ls-prod-server.dasch.swiss:443\/0105\/JBKrqZ8InkU-DDC0soiMhFL.jpx\/full\/2480,3507\/0\/default.jpg\" alt=\"\" style=\"aspect-ratio:3\/4;object-fit:cover\"\/><\/figure>\n\n\n\n<div style=\"height:var(--wp--preset--spacing--50)\" aria-hidden=\"true\" class=\"wp-block-spacer\"><\/div>\n\n\n\n<figure class=\"wp-block-image size-large is-style-rounded is-style-rounded--8\"><img decoding=\"async\" src=\"https:\/\/iiif.ls-prod-server.dasch.swiss:443\/0105\/D8NPCxFsvoN-E1UipYcIQYU.jpx\/full\/2480,3507\/0\/default.jpg\" alt=\"\" style=\"aspect-ratio:3\/4;object-fit:cover\"\/><\/figure>\n\n\n\n<div style=\"height:var(--wp--preset--spacing--50)\" aria-hidden=\"true\" class=\"wp-block-spacer\"><\/div>\n\n\n\n<figure class=\"wp-block-image size-large is-style-rounded is-style-rounded--9\"><img decoding=\"async\" src=\"https:\/\/iiif.ls-prod-server.dasch.swiss:443\/0105\/GSXsUgnZSnT-CTA2HttxoX5.jpx\/full\/2480,3507\/0\/default.jpg\" alt=\"\" style=\"aspect-ratio:16\/9;object-fit:cover\"\/><\/figure>\n<\/div>\n<\/div>\n<\/div>","protected":false},"excerpt":{"rendered":"<p>13 images were collected in Nepal in 2016. Here is the hierarchical structure of the collection from Nepal: Codes (regions): KA = KathmanduPI = Panauti Locations of collects: PKM = Kamigaon blacksmiths villagePPN = town of PanautiRKH = Khopasi, Makhlo gaon (rural sanctuary)RSW = near Swayambhunath templeRTK = near the Tekhu temple You can explore [&hellip;]<\/p>\n","protected":false},"author":6,"featured_media":0,"parent":287,"menu_order":0,"comment_status":"closed","ping_status":"closed","template":"","meta":{"footnotes":""},"class_list":["post-415","page","type-page","status-publish","hentry"],"_links":{"self":[{"href":"https:\/\/ddd.unil.ch\/fr\/wp-json\/wp\/v2\/pages\/415","targetHints":{"allow":["GET"]}}],"collection":[{"href":"https:\/\/ddd.unil.ch\/fr\/wp-json\/wp\/v2\/pages"}],"about":[{"href":"https:\/\/ddd.unil.ch\/fr\/wp-json\/wp\/v2\/types\/page"}],"author":[{"embeddable":true,"href":"https:\/\/ddd.unil.ch\/fr\/wp-json\/wp\/v2\/users\/6"}],"replies":[{"embeddable":true,"href":"https:\/\/ddd.unil.ch\/fr\/wp-json\/wp\/v2\/comments?post=415"}],"version-history":[{"count":13,"href":"https:\/\/ddd.unil.ch\/fr\/wp-json\/wp\/v2\/pages\/415\/revisions"}],"predecessor-version":[{"id":957,"href":"https:\/\/ddd.unil.ch\/fr\/wp-json\/wp\/v2\/pages\/415\/revisions\/957"}],"up":[{"embeddable":true,"href":"https:\/\/ddd.unil.ch\/fr\/wp-json\/wp\/v2\/pages\/287"}],"wp:attachment":[{"href":"https:\/\/ddd.unil.ch\/fr\/wp-json\/wp\/v2\/media?parent=415"}],"curies":[{"name":"wp","href":"https:\/\/api.w.org\/{rel}","templated":true}]}}