{"id":410,"date":"2024-05-17T06:49:29","date_gmt":"2024-05-17T06:49:29","guid":{"rendered":"http:\/\/ddd.unil.ch:8008\/?page_id=410"},"modified":"2025-06-29T11:45:48","modified_gmt":"2025-06-29T11:45:48","slug":"romania","status":"publish","type":"page","link":"https:\/\/ddd.unil.ch\/fr\/project-description\/collection\/romania\/","title":{"rendered":"\ud83c\uddf7\ud83c\uddf4 Roumanie (756)"},"content":{"rendered":"<div class=\"wp-block-buttons is-layout-flex wp-block-buttons-is-layout-flex\">\n<div class=\"wp-block-button\"><a class=\"wp-block-button__link wp-element-button\" href=\"https:\/\/app.ls-prod-server.dasch.swiss\/search\/fulltext\/ro*-r\/http%253A%252F%252Frdfh.ch%252Fprojects%252F0105\">Images provenant de Roumanie<\/a><\/div>\n<\/div>\n\n\n\n<p>756 images ont \u00e9t\u00e9 r\u00e9colt\u00e9es en Roumanie entre 2010 et 2017.<\/p>\n\n\n\n<div class=\"wp-block-buttons is-layout-flex wp-block-buttons-is-layout-flex\">\n<div class=\"wp-block-button\"><a class=\"wp-block-button__link wp-element-button\" href=\"https:\/\/prezi.com\/i\/view\/nOqIDzVNrQVqcEf5dZNP\/\">Carte (Eng)<\/a><\/div>\n\n\n\n<div class=\"wp-block-button\"><a class=\"wp-block-button__link wp-element-button\" href=\"https:\/\/prezi.com\/i\/view\/UpEyInZOa46b0wKQdhdr\/\">Carte (Fr)<\/a><\/div>\n<\/div>\n\n\n<p><script async src=\"https:\/\/e.prezicdn.net\/v1\/design.js\"><\/script> <\/p>\n<div class=\"prezi-design-embed\" data-project-id=\"nOqIDzVNrQVqcEf5dZNP\"><\/div>\n\n\n\n<p>Explore the hierarchical structure of the Romanian collection below:<\/p>\n\n\n\n<figure class=\"wp-block-image size-large\"><img loading=\"lazy\" decoding=\"async\" width=\"1024\" height=\"567\" src=\"https:\/\/ddd.unil.ch\/wp-content\/uploads\/2024\/10\/Romaniafr-scaled.jpg\" alt=\"\" class=\"wp-image-536\" srcset=\"https:\/\/ddd.unil.ch\/wp-content\/uploads\/2024\/10\/Romaniafr-scaled.jpg 2560w, https:\/\/ddd.unil.ch\/wp-content\/uploads\/2024\/10\/Romaniafr-300x166.jpg 300w, https:\/\/ddd.unil.ch\/wp-content\/uploads\/2024\/10\/Romaniafr-1024x567.jpg 1024w, https:\/\/ddd.unil.ch\/wp-content\/uploads\/2024\/10\/Romaniafr-768x425.jpg 768w, https:\/\/ddd.unil.ch\/wp-content\/uploads\/2024\/10\/Romaniafr-1536x851.jpg 1536w, https:\/\/ddd.unil.ch\/wp-content\/uploads\/2024\/10\/Romaniafr-2048x1135.jpg 2048w, https:\/\/ddd.unil.ch\/wp-content\/uploads\/2024\/10\/Romaniafr-18x10.jpg 18w\" sizes=\"auto, (max-width: 1024px) 100vw, 1024px\" \/><\/figure>\n\n\n\n<p><strong>Codes (r\u00e9gions) :<\/strong><br>BV = Brasov<br>MO = Moldavie<br><br><strong>Lieux de r\u00e9colte (toutes les r\u00e9coltes ont eu lieu dans les \u00e9coles publiques, d'o\u00f9 le \u00ab P \u00bb initial) :<\/strong><br>PAC = Ecole publique<br>PAH = Ecole publique<br>PAP = Ecole publique<br>PB = Ecole publique<br>PI = Ecole publique<br>PLC = Ecole publique<br>PR = Ecole publique (rurale)<br>PV = Ecole publique (urbaine)<\/p>\n\n\n\n<p>Voici <strong>la distribution par \u00e2ge et par genre<\/strong> dans la collection roumaine:<\/p>\n\n\n\n<div class=\"wp-block-buttons is-layout-flex wp-block-buttons-is-layout-flex\">\n<div class=\"wp-block-button\"><a class=\"wp-block-button__link wp-element-button\" href=\"https:\/\/prezi.com\/i\/view\/fGhW1S9nEb49wLwcCSrl\/\">Bar-Chart (Eng)<\/a><\/div>\n\n\n\n<div class=\"wp-block-button\"><a class=\"wp-block-button__link wp-element-button\" href=\"https:\/\/prezi.com\/i\/view\/cVmNRhEGdCQuGjOeAE1o\/\">Bar-chart (Fr)<\/a><\/div>\n<\/div>\n\n\n<p><script async src=\"https:\/\/e.prezicdn.net\/v1\/design.js\"><\/script> <\/p>\n<div class=\"prezi-design-embed\" data-project-id=\"fGhW1S9nEb49wLwcCSrl\"><\/div>\n\n\n\n<p><strong>Petit \u00e9chantillon d'images provenant de Roumanie:<\/strong><\/p>\n\n\n\n<div class=\"wp-block-group alignfull has-global-padding is-layout-constrained wp-container-core-group-is-layout-5f498f34 wp-block-group-is-layout-constrained\" style=\"margin-top:0;margin-bottom:0;padding-top:var(--wp--preset--spacing--50);padding-right:var(--wp--preset--spacing--50);padding-bottom:var(--wp--preset--spacing--50);padding-left:var(--wp--preset--spacing--50)\">\n<div class=\"wp-block-columns alignwide is-layout-flex wp-container-core-columns-is-layout-ff4b9c61 wp-block-columns-is-layout-flex\" style=\"margin-top:0;margin-bottom:0\">\n<div class=\"wp-block-column is-layout-flow wp-container-core-column-is-layout-8a368f38 wp-block-column-is-layout-flow\">\n<figure class=\"wp-block-image size-large is-style-rounded is-style-rounded--1\"><img decoding=\"async\" src=\"https:\/\/iiif.ls-prod-server.dasch.swiss:443\/0105\/9S5AFNjsgTe-BKn0ypi5Hkw.jpx\/full\/3480,2436\/0\/default.jpg\" alt=\"\" style=\"aspect-ratio:4\/3;object-fit:cover\"\/><\/figure>\n\n\n\n<div style=\"height:var(--wp--preset--spacing--50)\" aria-hidden=\"true\" class=\"wp-block-spacer\"><\/div>\n\n\n\n<figure class=\"wp-block-image size-large is-style-rounded is-style-rounded--2\"><img decoding=\"async\" src=\"https:\/\/iiif.ls-prod-server.dasch.swiss:443\/0105\/LAuYQw3M7K6-DGqCLvwR8pS.jpx\/full\/2332,3270\/0\/default.jpg\" alt=\"\" style=\"aspect-ratio:3\/4;object-fit:cover\"\/><\/figure>\n\n\n\n<div style=\"height:var(--wp--preset--spacing--50)\" aria-hidden=\"true\" class=\"wp-block-spacer\"><\/div>\n\n\n\n<figure class=\"wp-block-image size-large is-style-rounded is-style-rounded--3\"><img decoding=\"async\" src=\"https:\/\/iiif.ls-prod-server.dasch.swiss:443\/0105\/FqzaObNJtwr-FS92CPdNYbl.jpx\/full\/2552,3496\/0\/default.jpg\" alt=\"\" style=\"aspect-ratio:3\/4;object-fit:cover\"\/><\/figure>\n<\/div>\n\n\n\n<div class=\"wp-block-column is-layout-flow wp-container-core-column-is-layout-8a368f38 wp-block-column-is-layout-flow\">\n<div style=\"height:var(--wp--preset--spacing--50)\" aria-hidden=\"true\" class=\"wp-block-spacer\"><\/div>\n\n\n\n<figure class=\"wp-block-image size-large is-style-rounded is-style-rounded--4\"><img decoding=\"async\" src=\"https:\/\/iiif.ls-prod-server.dasch.swiss:443\/0105\/HvvOUvi3JLv-G8y31z1FwAm.jpx\/full\/2552,3509\/0\/default.jpg\" alt=\"\" style=\"aspect-ratio:3\/4;object-fit:cover\"\/><\/figure>\n\n\n\n<div style=\"height:var(--wp--preset--spacing--50)\" aria-hidden=\"true\" class=\"wp-block-spacer\"><\/div>\n\n\n\n<figure class=\"wp-block-image size-large is-style-rounded is-style-rounded--5\"><img decoding=\"async\" src=\"https:\/\/iiif.ls-prod-server.dasch.swiss:443\/0105\/9Sx2BP7i1Fu-BrnCxdBQNu8.jpx\/full\/3482,2448\/0\/default.jpg\" alt=\"\" style=\"aspect-ratio:1;object-fit:cover\"\/><\/figure>\n\n\n\n<div style=\"height:var(--wp--preset--spacing--50)\" aria-hidden=\"true\" class=\"wp-block-spacer\"><\/div>\n\n\n\n<figure class=\"wp-block-image size-large is-style-rounded is-style-rounded--6\"><img decoding=\"async\" src=\"https:\/\/iiif.ls-prod-server.dasch.swiss:443\/0105\/1IDQARcJf4P-ElSO0U4OGUp.jpx\/full\/3509,2552\/0\/default.jpg\" alt=\"\" style=\"aspect-ratio:1;object-fit:cover\"\/><\/figure>\n<\/div>\n\n\n\n<div class=\"wp-block-column is-layout-flow wp-container-core-column-is-layout-8a368f38 wp-block-column-is-layout-flow\">\n<figure class=\"wp-block-image size-large is-style-rounded is-style-rounded--7\"><img decoding=\"async\" src=\"https:\/\/iiif.ls-prod-server.dasch.swiss:443\/0105\/JaqU9u5MHBn-EEplpX8HpZM.jpx\/full\/2448,3482\/0\/default.jpg\" alt=\"\" style=\"aspect-ratio:3\/4;object-fit:cover\"\/><\/figure>\n\n\n\n<div style=\"height:var(--wp--preset--spacing--50)\" aria-hidden=\"true\" class=\"wp-block-spacer\"><\/div>\n\n\n\n<figure class=\"wp-block-image size-large is-style-rounded is-style-rounded--8\"><img decoding=\"async\" src=\"https:\/\/iiif.ls-prod-server.dasch.swiss:443\/0105\/3X6jp5eiXJJ-BcZQ1bqlnP2.jpx\/full\/2552,3509\/0\/default.jpg\" alt=\"\" style=\"aspect-ratio:3\/4;object-fit:cover\"\/><\/figure>\n\n\n\n<div style=\"height:var(--wp--preset--spacing--50)\" aria-hidden=\"true\" class=\"wp-block-spacer\"><\/div>\n\n\n\n<figure class=\"wp-block-image size-large is-style-rounded is-style-rounded--9\"><img decoding=\"async\" src=\"https:\/\/iiif.ls-prod-server.dasch.swiss:443\/0105\/AvGBYF2BBtd-DToDwWMxzhV.jpx\/full\/3509,2552\/0\/default.jpg\" alt=\"\" style=\"aspect-ratio:16\/9;object-fit:cover\"\/><\/figure>\n<\/div>\n<\/div>\n<\/div>","protected":false},"excerpt":{"rendered":"<p>756 images were collected in Romania between 2010 and 2017. Explore the hierarchical structure of the Romanian collection below: Codes (regions):BV = BrasovMO = Moldavia Collection sites (all collects took place in the public schools, thus the initial &#8220;P&#8221;):PAC = Public schoolPAH = Public schoolPAP = Public schoolPB = Public schoolPI = Public schoolPLC = [&hellip;]<\/p>\n","protected":false},"author":6,"featured_media":0,"parent":287,"menu_order":0,"comment_status":"closed","ping_status":"closed","template":"","meta":{"footnotes":""},"class_list":["post-410","page","type-page","status-publish","hentry"],"_links":{"self":[{"href":"https:\/\/ddd.unil.ch\/fr\/wp-json\/wp\/v2\/pages\/410","targetHints":{"allow":["GET"]}}],"collection":[{"href":"https:\/\/ddd.unil.ch\/fr\/wp-json\/wp\/v2\/pages"}],"about":[{"href":"https:\/\/ddd.unil.ch\/fr\/wp-json\/wp\/v2\/types\/page"}],"author":[{"embeddable":true,"href":"https:\/\/ddd.unil.ch\/fr\/wp-json\/wp\/v2\/users\/6"}],"replies":[{"embeddable":true,"href":"https:\/\/ddd.unil.ch\/fr\/wp-json\/wp\/v2\/comments?post=410"}],"version-history":[{"count":14,"href":"https:\/\/ddd.unil.ch\/fr\/wp-json\/wp\/v2\/pages\/410\/revisions"}],"predecessor-version":[{"id":994,"href":"https:\/\/ddd.unil.ch\/fr\/wp-json\/wp\/v2\/pages\/410\/revisions\/994"}],"up":[{"embeddable":true,"href":"https:\/\/ddd.unil.ch\/fr\/wp-json\/wp\/v2\/pages\/287"}],"wp:attachment":[{"href":"https:\/\/ddd.unil.ch\/fr\/wp-json\/wp\/v2\/media?parent=410"}],"curies":[{"name":"wp","href":"https:\/\/api.w.org\/{rel}","templated":true}]}}