{"id":408,"date":"2024-05-17T06:49:12","date_gmt":"2024-05-17T06:49:12","guid":{"rendered":"http:\/\/ddd.unil.ch:8008\/?page_id=408"},"modified":"2025-06-29T11:44:46","modified_gmt":"2025-06-29T11:44:46","slug":"netherlands","status":"publish","type":"page","link":"https:\/\/ddd.unil.ch\/fr\/project-description\/collection\/netherlands\/","title":{"rendered":"\ud83c\uddf3\ud83c\uddf1 Pays-Bas (195)"},"content":{"rendered":"<div class=\"wp-block-buttons is-layout-flex wp-block-buttons-is-layout-flex\">\n<div class=\"wp-block-button\"><a class=\"wp-block-button__link wp-element-button\" href=\"https:\/\/app.ls-prod-server.dasch.swiss\/search\/fulltext\/nl1*-r\/http%253A%252F%252Frdfh.ch%252Fprojects%252F0105\">Images provenant de Pays-Bas<\/a><\/div>\n<\/div>\n\n\n\n<p>195 images ont \u00e9t\u00e9 r\u00e9colt\u00e9es aux Pays-Bas entre 2014 et 2016.<\/p>\n\n\n\n<div class=\"wp-block-buttons is-layout-flex wp-block-buttons-is-layout-flex\">\n<div class=\"wp-block-button\"><a class=\"wp-block-button__link wp-element-button\" href=\"https:\/\/prezi.com\/i\/view\/xkkdoospFz2ObeB8nd6n\/\">Carte (Eng)<\/a><\/div>\n\n\n\n<div class=\"wp-block-button\"><a class=\"wp-block-button__link wp-element-button\" href=\"https:\/\/prezi.com\/i\/view\/3EdqdTD82bmfbIdEaZRB\/\">Carte (Fr)<\/a><\/div>\n<\/div>\n\n\n<p><script async src=\"https:\/\/e.prezicdn.net\/v1\/design.js\"><\/script> <\/p>\n<div class=\"prezi-design-embed\" data-project-id=\"OKulH2cOtlxmlZy5J5od\"><\/div>\n\n\n\n<p>Explorez <strong>structure hi\u00e9rarchique suivante<\/strong> de la collection des Pays-Bas<\/p>\n\n\n\n<figure class=\"wp-block-image size-large\"><img loading=\"lazy\" decoding=\"async\" width=\"1024\" height=\"407\" src=\"https:\/\/ddd.unil.ch\/wp-content\/uploads\/2024\/10\/NetherlandsUpdatedfr-scaled.jpg\" alt=\"\" class=\"wp-image-904\" srcset=\"https:\/\/ddd.unil.ch\/wp-content\/uploads\/2024\/10\/NetherlandsUpdatedfr-scaled.jpg 2560w, https:\/\/ddd.unil.ch\/wp-content\/uploads\/2024\/10\/NetherlandsUpdatedfr-300x104.jpg 300w, https:\/\/ddd.unil.ch\/wp-content\/uploads\/2024\/10\/NetherlandsUpdatedfr-1024x355.jpg 1024w, https:\/\/ddd.unil.ch\/wp-content\/uploads\/2024\/10\/NetherlandsUpdatedfr-768x266.jpg 768w, https:\/\/ddd.unil.ch\/wp-content\/uploads\/2024\/10\/NetherlandsUpdatedfr-1536x533.jpg 1536w, https:\/\/ddd.unil.ch\/wp-content\/uploads\/2024\/10\/NetherlandsUpdatedfr-2048x710.jpg 2048w, https:\/\/ddd.unil.ch\/wp-content\/uploads\/2024\/10\/NetherlandsUpdatedfr-18x6.jpg 18w\" sizes=\"auto, (max-width: 1024px) 100vw, 1024px\" \/><\/figure>\n\n\n\n<p><strong>Codes (r\u00e9gions) :<\/strong><br>DR = Drenthe<br>FL = Friesland<br>GR = Groningue<br>OL = Overijssel<br>NR = r\u00e9gion non identifi\u00e9e<br><br><strong>Lieux de r\u00e9coltes (l'initiale \u00ab P \u00bb repr\u00e9sente les \u00e9coles publiques, tandis que l'initiale \u00ab R \u00bb repr\u00e9sente les \u00e9coles religieuses ou le contexte religieux) :<\/strong><br>PHO = \u00e0 domicile, collecte singuli\u00e8re<br>POV = Ecole publique<br>PSP = Ecole publique<br>RCG = Ecole religieuse<br>RDF = Ecole religieuse<br>REB = Ecole religieuse<br>RSK = Ecole religieuse<\/p>\n\n\n\n<p>Explorez <strong>la distribution par \u00e2ge et par genre<\/strong> \u00e0 l'aide de visualisation suivante:<\/p>\n\n\n\n<div class=\"wp-block-buttons is-layout-flex wp-block-buttons-is-layout-flex\">\n<div class=\"wp-block-button\"><a class=\"wp-block-button__link wp-element-button\" href=\"https:\/\/prezi.com\/i\/view\/d0uK5zYFAkiRk9Cy5jFA\/\">Bar-Chart (Eng)<\/a><\/div>\n\n\n\n<div class=\"wp-block-button\"><a class=\"wp-block-button__link wp-element-button\" href=\"https:\/\/prezi.com\/i\/view\/GX6AQdleEBzR6Dotlyp2\/\">Bar-chart (Fr)<\/a><\/div>\n<\/div>\n\n\n<p><script async src=\"https:\/\/e.prezicdn.net\/v1\/design.js\"><\/script> <\/p>\n<div class=\"prezi-design-embed\" data-project-id=\"d0uK5zYFAkiRk9Cy5jFA\"><\/div>\n\n\n\n<p><strong>Petite s\u00e9lection d'images des Pays-Bas :<\/strong><\/p>\n\n\n\n<div class=\"wp-block-group alignfull has-global-padding is-layout-constrained wp-container-core-group-is-layout-5f498f34 wp-block-group-is-layout-constrained\" style=\"margin-top:0;margin-bottom:0;padding-top:var(--wp--preset--spacing--50);padding-right:var(--wp--preset--spacing--50);padding-bottom:var(--wp--preset--spacing--50);padding-left:var(--wp--preset--spacing--50)\">\n<div class=\"wp-block-columns alignwide is-layout-flex wp-container-core-columns-is-layout-ff4b9c61 wp-block-columns-is-layout-flex\" style=\"margin-top:0;margin-bottom:0\">\n<div class=\"wp-block-column is-layout-flow wp-container-core-column-is-layout-8a368f38 wp-block-column-is-layout-flow\">\n<figure class=\"wp-block-image size-large is-style-rounded is-style-rounded--1\"><img decoding=\"async\" src=\"https:\/\/iiif.ls-prod-server.dasch.swiss:443\/0105\/1X6YcuXqzh7-FptKYmCcqjb.jpx\/full\/3508,2480\/0\/default.jpg\" alt=\"\" style=\"aspect-ratio:4\/3;object-fit:cover\"\/><\/figure>\n\n\n\n<div style=\"height:var(--wp--preset--spacing--50)\" aria-hidden=\"true\" class=\"wp-block-spacer\"><\/div>\n\n\n\n<figure class=\"wp-block-image size-large is-style-rounded is-style-rounded--2\"><img decoding=\"async\" src=\"https:\/\/iiif.ls-prod-server.dasch.swiss:443\/0105\/AeRXa03zw1n-CG45Tl7p3Ac.jpx\/full\/2480,3508\/0\/default.jpg\" alt=\"\" style=\"aspect-ratio:3\/4;object-fit:cover\"\/><\/figure>\n\n\n\n<div style=\"height:var(--wp--preset--spacing--50)\" aria-hidden=\"true\" class=\"wp-block-spacer\"><\/div>\n\n\n\n<figure class=\"wp-block-image size-large is-style-rounded is-style-rounded--3\"><img decoding=\"async\" src=\"https:\/\/iiif.ls-prod-server.dasch.swiss:443\/0105\/1oNSfetjH3P-Cu8DEESNdSe.jpx\/full\/2480,3508\/0\/default.jpg\" alt=\"\" style=\"aspect-ratio:3\/4;object-fit:cover\"\/><\/figure>\n<\/div>\n\n\n\n<div class=\"wp-block-column is-layout-flow wp-container-core-column-is-layout-8a368f38 wp-block-column-is-layout-flow\">\n<div style=\"height:var(--wp--preset--spacing--50)\" aria-hidden=\"true\" class=\"wp-block-spacer\"><\/div>\n\n\n\n<figure class=\"wp-block-image size-large is-style-rounded is-style-rounded--4\"><img decoding=\"async\" src=\"https:\/\/iiif.ls-prod-server.dasch.swiss:443\/0105\/FsJMgJABopq-DuP1O3N4A85.jpx\/full\/2480,3508\/0\/default.jpg\" alt=\"\" style=\"aspect-ratio:3\/4;object-fit:cover\"\/><\/figure>\n\n\n\n<div style=\"height:var(--wp--preset--spacing--50)\" aria-hidden=\"true\" class=\"wp-block-spacer\"><\/div>\n\n\n\n<figure class=\"wp-block-image size-large is-style-rounded is-style-rounded--5\"><img decoding=\"async\" src=\"https:\/\/iiif.ls-prod-server.dasch.swiss:443\/0105\/FukubjqWya1-FSS9Yh319o1.jpx\/full\/2480,3508\/0\/default.jpg\" alt=\"\" style=\"aspect-ratio:1;object-fit:cover\"\/><\/figure>\n\n\n\n<div style=\"height:var(--wp--preset--spacing--50)\" aria-hidden=\"true\" class=\"wp-block-spacer\"><\/div>\n\n\n\n<figure class=\"wp-block-image size-large is-style-rounded is-style-rounded--6\"><img decoding=\"async\" src=\"https:\/\/iiif.ls-prod-server.dasch.swiss:443\/0105\/Gu5Z5CVJyav-BBg4uuKNnqu.jpx\/full\/3508,2480\/0\/default.jpg\" alt=\"\" style=\"aspect-ratio:1;object-fit:cover\"\/><\/figure>\n<\/div>\n\n\n\n<div class=\"wp-block-column is-layout-flow wp-container-core-column-is-layout-8a368f38 wp-block-column-is-layout-flow\">\n<figure class=\"wp-block-image size-large is-style-rounded is-style-rounded--7\"><img decoding=\"async\" src=\"https:\/\/iiif.ls-prod-server.dasch.swiss:443\/0105\/2w80OXgHz4O-FNp7VLIqbFh.jpx\/full\/2480,3508\/0\/default.jpg\" alt=\"\" style=\"aspect-ratio:3\/4;object-fit:cover\"\/><\/figure>\n\n\n\n<div style=\"height:var(--wp--preset--spacing--50)\" aria-hidden=\"true\" class=\"wp-block-spacer\"><\/div>\n\n\n\n<figure class=\"wp-block-image size-large is-style-rounded is-style-rounded--8\"><img decoding=\"async\" src=\"https:\/\/iiif.ls-prod-server.dasch.swiss:443\/0105\/6KuVyV4qfdG-CPFgXnG3te5.jpx\/full\/2480,3508\/0\/default.jpg\" alt=\"\" style=\"aspect-ratio:3\/4;object-fit:cover\"\/><\/figure>\n\n\n\n<div style=\"height:var(--wp--preset--spacing--50)\" aria-hidden=\"true\" class=\"wp-block-spacer\"><\/div>\n\n\n\n<figure class=\"wp-block-image size-large is-style-rounded is-style-rounded--9\"><img decoding=\"async\" src=\"https:\/\/iiif.ls-prod-server.dasch.swiss:443\/0105\/EX6P5dSo1OU-BVGLeryzSSl.jpx\/full\/3508,2480\/0\/default.jpg\" alt=\"\" style=\"aspect-ratio:16\/9;object-fit:cover\"\/><\/figure>\n<\/div>\n<\/div>\n<\/div>","protected":false},"excerpt":{"rendered":"<p>195 images were collected in the Netherlands between 2014 and 2016. Explore hierarchical structure of the Netherlands collection: Codes (regions):DR = DrentheFL = FrieslandGR = GroningenOL = OverijsselNR = region non-identified Places of collect (Initial &#8220;P&#8221; stands for public schools, while initial &#8220;R&#8221; represents the religious schools):PHO = at home, singular collectPOV = Public schoolPSP [&hellip;]<\/p>\n","protected":false},"author":6,"featured_media":0,"parent":287,"menu_order":0,"comment_status":"closed","ping_status":"closed","template":"","meta":{"footnotes":""},"class_list":["post-408","page","type-page","status-publish","hentry"],"_links":{"self":[{"href":"https:\/\/ddd.unil.ch\/fr\/wp-json\/wp\/v2\/pages\/408","targetHints":{"allow":["GET"]}}],"collection":[{"href":"https:\/\/ddd.unil.ch\/fr\/wp-json\/wp\/v2\/pages"}],"about":[{"href":"https:\/\/ddd.unil.ch\/fr\/wp-json\/wp\/v2\/types\/page"}],"author":[{"embeddable":true,"href":"https:\/\/ddd.unil.ch\/fr\/wp-json\/wp\/v2\/users\/6"}],"replies":[{"embeddable":true,"href":"https:\/\/ddd.unil.ch\/fr\/wp-json\/wp\/v2\/comments?post=408"}],"version-history":[{"count":16,"href":"https:\/\/ddd.unil.ch\/fr\/wp-json\/wp\/v2\/pages\/408\/revisions"}],"predecessor-version":[{"id":993,"href":"https:\/\/ddd.unil.ch\/fr\/wp-json\/wp\/v2\/pages\/408\/revisions\/993"}],"up":[{"embeddable":true,"href":"https:\/\/ddd.unil.ch\/fr\/wp-json\/wp\/v2\/pages\/287"}],"wp:attachment":[{"href":"https:\/\/ddd.unil.ch\/fr\/wp-json\/wp\/v2\/media?parent=408"}],"curies":[{"name":"wp","href":"https:\/\/api.w.org\/{rel}","templated":true}]}}