{"id":406,"date":"2024-05-17T06:48:52","date_gmt":"2024-05-17T06:48:52","guid":{"rendered":"http:\/\/ddd.unil.ch:8008\/?page_id=406"},"modified":"2025-06-29T11:42:11","modified_gmt":"2025-06-29T11:42:11","slug":"iran","status":"publish","type":"page","link":"https:\/\/ddd.unil.ch\/fr\/project-description\/collection\/iran\/","title":{"rendered":"\ud83c\uddee\ud83c\uddf7 Iran (3032)"},"content":{"rendered":"<div class=\"wp-block-buttons is-layout-flex wp-block-buttons-is-layout-flex\">\n<div class=\"wp-block-button\"><a class=\"wp-block-button__link wp-element-button\" href=\"https:\/\/admin.ls-prod-server.dasch.swiss\/search\/fulltext\/ir14*-r\/http%253A%252F%252Frdfh.ch%252Fprojects%252F0105\">Images provenant d'Iran<\/a><\/div>\n<\/div>\n\n\n\n<p>3032 images ont \u00e9t\u00e9 r\u00e9colt\u00e9es dans six grandes villes d'Iran en 2014. Zoomez pour voir T\u00e9h\u00e9ran.<\/p>\n\n\n\n<div class=\"wp-block-buttons is-layout-flex wp-block-buttons-is-layout-flex\">\n<div class=\"wp-block-button\"><a class=\"wp-block-button__link wp-element-button\" href=\"https:\/\/prezi.com\/i\/view\/zU15X2iDmzJRffFToHX4\/\">Carte (Eng)<\/a><\/div>\n\n\n\n<div class=\"wp-block-button\"><a class=\"wp-block-button__link wp-element-button\" href=\"https:\/\/prezi.com\/i\/view\/dWbAuxUStMQ50VxWt19M\/\">Carte (Fr)<\/a><\/div>\n<\/div>\n\n\n<p><script async src=\"https:\/\/e.prezicdn.net\/v1\/design.js\"><\/script> <\/p>\n<div class=\"prezi-design-embed\" data-project-id=\"zU15X2iDmzJRffFToHX4\"><\/div>\n\n\n\n<p>Vous pouvez explorer la collection iranienne \u00e0 l\u2019aide de la <strong>structure hi\u00e9rarchique suivante<\/strong>:<\/p>\n\n\n\n<figure class=\"wp-block-image size-large\"><img loading=\"lazy\" decoding=\"async\" width=\"1024\" height=\"450\" src=\"https:\/\/ddd.unil.ch\/wp-content\/uploads\/2024\/05\/IranUpdated-1024x450.png\" alt=\"\" class=\"wp-image-502\" srcset=\"https:\/\/ddd.unil.ch\/wp-content\/uploads\/2024\/05\/IranUpdated-1024x450.png 1024w, https:\/\/ddd.unil.ch\/wp-content\/uploads\/2024\/05\/IranUpdated-300x132.png 300w, https:\/\/ddd.unil.ch\/wp-content\/uploads\/2024\/05\/IranUpdated-768x338.png 768w, https:\/\/ddd.unil.ch\/wp-content\/uploads\/2024\/05\/IranUpdated-1536x675.png 1536w, https:\/\/ddd.unil.ch\/wp-content\/uploads\/2024\/05\/IranUpdated-2048x901.png 2048w, https:\/\/ddd.unil.ch\/wp-content\/uploads\/2024\/05\/IranUpdated-18x8.png 18w\" sizes=\"auto, (max-width: 1024px) 100vw, 1024px\" \/><\/figure>\n\n\n\n<p>Signification des codes (r\u00e9gions) :<\/p>\n\n\n\n<p>NY = Neyriz<br>SH = Savojbolagh<br>SI = Sari<br>SJ = Sanandaj<br>TA = Tabriz<br>TE = Teheran<\/p>\n\n\n\n<p>Toutes les r\u00e9coltes ont eu lieu dans les \u00e9coles publiques, c'est pourquoi tous les lieux de r\u00e9colte commencent par \u00ab P \u00bb :<\/p>\n\n\n\n<p>PAD = Ecole publique<br>PAE = Ecole publique<br>PAF = Ecole publique<br>PAI = Ecole publique<br>PAL = Ecole publique<br>PAR = Ecole publique<br>PAZ = Ecole publique<br>PBA = Ecole publique<br>PBH = Ecole publique<br>PBN = Ecole publique<br>PDA = Ecole publique<br>PDI = Ecole publique<br>PDM = Ecole publique<br>PDT = Ecole publique<br>PED = Ecole publique<br>PEI = Ecole publique<br>PEN = Ecole publique<br>PES = Ecole publique<br>PET = Ecole publique<br>PFG = Ecole publique<br>PFH = Ecole publique<br>PFI = Ecole publique<br>PFM = Ecole publique<br>PGF = Ecole publique<br>PGH = Ecole publique<br>PGS = Ecole publique<br>PHE = Ecole publique<br>PHT = Ecole publique<br>PIA = Ecole publique<br>PIH = Ecole publique<br>PKH = Ecole publique<br>PKI = Ecole publique<br>PKO = Ecole publique<br>PKT = Ecole publique<br>PLA = Ecole publique<br>PMA = Ecole publique<br>PMH = Ecole publique<br>PMM = Ecole publique<br>PMR = Ecole publique<br>PNN = Ecole publique<br>PNS = Ecole publique<br>PNT = Ecole publique<br>POT = Ecole publique<br>PQA = Ecole publique<br>PRR = Ecole publique<br>PSA = Ecole publique<br>PSA = Ecole publique<br>PSH = Ecole publique<br>PSL = Ecole publique<br>PSO = Ecole publique<br>PSQ = Ecole publique<br>PST = Ecole publique<br>PTE = Ecole publique<br>PYG = Ecole publique<br>PYM = Ecole publique<br>PZE = Ecole publique<\/p>\n\n\n\n<p>Explorez <strong>la r\u00e9partition par \u00e2ge et par sexe<\/strong> dans la collection d'Iran<\/p>\n\n\n\n<div class=\"wp-block-buttons is-layout-flex wp-block-buttons-is-layout-flex\">\n<div class=\"wp-block-button\"><a class=\"wp-block-button__link wp-element-button\" href=\"https:\/\/prezi.com\/i\/view\/5SGQSTmbnIHqYKeVU3q2\/\">Bar-Chart (Eng)<\/a><\/div>\n\n\n\n<div class=\"wp-block-button\"><a class=\"wp-block-button__link wp-element-button\" href=\"https:\/\/prezi.com\/i\/view\/QACueGfG0OlipuaWak34\/\">Bar-chart (Fr)<\/a><\/div>\n<\/div>\n\n\n<p><script async src=\"https:\/\/e.prezicdn.net\/v1\/design.js\"><\/script> <\/p>\n<div class=\"prezi-design-embed\" data-project-id=\"5SGQSTmbnIHqYKeVU3q2\"><\/div>\n\n\n\n<p><strong>Voici un petit \u00e9chantillon d'images collect\u00e9es en Iran :<\/strong><\/p>\n\n\n\n<div class=\"wp-block-group alignfull has-global-padding is-layout-constrained wp-container-core-group-is-layout-5f498f34 wp-block-group-is-layout-constrained\" style=\"margin-top:0;margin-bottom:0;padding-top:var(--wp--preset--spacing--50);padding-right:var(--wp--preset--spacing--50);padding-bottom:var(--wp--preset--spacing--50);padding-left:var(--wp--preset--spacing--50)\">\n<div class=\"wp-block-columns alignwide is-layout-flex wp-container-core-columns-is-layout-ff4b9c61 wp-block-columns-is-layout-flex\" style=\"margin-top:0;margin-bottom:0\">\n<div class=\"wp-block-column is-layout-flow wp-container-core-column-is-layout-8a368f38 wp-block-column-is-layout-flow\">\n<figure class=\"wp-block-image size-large is-style-rounded is-style-rounded--1\"><img decoding=\"async\" src=\"https:\/\/iiif.ls-prod-server.dasch.swiss:443\/0105\/BZcktGPe4NL-EepLSYjT3C3.jpx\/full\/3460,2455\/0\/default.jpg\" alt=\"\" style=\"aspect-ratio:4\/3;object-fit:cover\"\/><\/figure>\n\n\n\n<div style=\"height:var(--wp--preset--spacing--50)\" aria-hidden=\"true\" class=\"wp-block-spacer\"><\/div>\n\n\n\n<figure class=\"wp-block-image size-large is-style-rounded is-style-rounded--2\"><img decoding=\"async\" src=\"https:\/\/iiif.ls-prod-server.dasch.swiss:443\/0105\/Cv6sr7S46lQ-GJu2RHUiJGA.jpx\/full\/2448,3469\/0\/default.jpg\" alt=\"\" style=\"aspect-ratio:3\/4;object-fit:cover\"\/><\/figure>\n\n\n\n<div style=\"height:var(--wp--preset--spacing--50)\" aria-hidden=\"true\" class=\"wp-block-spacer\"><\/div>\n\n\n\n<figure class=\"wp-block-image size-large is-style-rounded is-style-rounded--3\"><img decoding=\"async\" src=\"https:\/\/iiif.ls-prod-server.dasch.swiss:443\/0105\/5ak88RcSR0w-BSYcETuikEv.jpx\/full\/2471,3480\/0\/default.jpg\" alt=\"\" style=\"aspect-ratio:3\/4;object-fit:cover\"\/><\/figure>\n<\/div>\n\n\n\n<div class=\"wp-block-column is-layout-flow wp-container-core-column-is-layout-8a368f38 wp-block-column-is-layout-flow\">\n<div style=\"height:var(--wp--preset--spacing--50)\" aria-hidden=\"true\" class=\"wp-block-spacer\"><\/div>\n\n\n\n<figure class=\"wp-block-image size-large is-style-rounded is-style-rounded--4\"><img decoding=\"async\" src=\"https:\/\/iiif.ls-prod-server.dasch.swiss:443\/0105\/6yqRazjReS9-F5fGEydKPiO.jpx\/full\/2480,3507\/0\/default.jpg\" alt=\"\" style=\"aspect-ratio:3\/4;object-fit:cover\"\/><\/figure>\n\n\n\n<div style=\"height:var(--wp--preset--spacing--50)\" aria-hidden=\"true\" class=\"wp-block-spacer\"><\/div>\n\n\n\n<figure class=\"wp-block-image size-large is-style-rounded is-style-rounded--5\"><img decoding=\"async\" src=\"https:\/\/iiif.ls-prod-server.dasch.swiss:443\/0105\/5iqpQ7tpsKp-ByRkSTBEQ2x.jpx\/full\/3488,2462\/0\/default.jpg\" alt=\"\" style=\"aspect-ratio:1;object-fit:cover\"\/><\/figure>\n\n\n\n<div style=\"height:var(--wp--preset--spacing--50)\" aria-hidden=\"true\" class=\"wp-block-spacer\"><\/div>\n\n\n\n<figure class=\"wp-block-image size-large is-style-rounded is-style-rounded--6\"><img decoding=\"async\" src=\"https:\/\/iiif.ls-prod-server.dasch.swiss:443\/0105\/HDf63ek3qKz-FZnZS75LZrq.jpx\/full\/2480,3507\/0\/default.jpg\" alt=\"\" style=\"aspect-ratio:1;object-fit:cover\"\/><\/figure>\n<\/div>\n\n\n\n<div class=\"wp-block-column is-layout-flow wp-container-core-column-is-layout-8a368f38 wp-block-column-is-layout-flow\">\n<figure class=\"wp-block-image size-large is-style-rounded is-style-rounded--7\"><img decoding=\"async\" src=\"https:\/\/iiif.ls-prod-server.dasch.swiss:443\/0105\/HYNpRGa5sBK-FgK1Ybc9D5u.jpx\/full\/2460,3504\/0\/default.jpg\" alt=\"\" style=\"aspect-ratio:3\/4;object-fit:cover\"\/><\/figure>\n\n\n\n<div style=\"height:var(--wp--preset--spacing--50)\" aria-hidden=\"true\" class=\"wp-block-spacer\"><\/div>\n\n\n\n<figure class=\"wp-block-image size-large is-style-rounded is-style-rounded--8\"><img decoding=\"async\" src=\"https:\/\/iiif.ls-prod-server.dasch.swiss:443\/0105\/uKDqIuuuvO-EnnPcAn2UDk.jpx\/full\/2451,3493\/0\/default.jpg\" alt=\"\" style=\"aspect-ratio:3\/4;object-fit:cover\"\/><\/figure>\n\n\n\n<div style=\"height:var(--wp--preset--spacing--50)\" aria-hidden=\"true\" class=\"wp-block-spacer\"><\/div>\n\n\n\n<figure class=\"wp-block-image size-large is-style-rounded is-style-rounded--9\"><img decoding=\"async\" src=\"https:\/\/iiif.ls-prod-server.dasch.swiss:443\/0105\/Ezgc7DH7wTO-CYujgRFgdoi.jpx\/full\/3445,2457\/0\/default.jpg\" alt=\"\" style=\"aspect-ratio:16\/9;object-fit:cover\"\/><\/figure>\n<\/div>\n<\/div>\n<\/div>","protected":false},"excerpt":{"rendered":"<p>3032 images were collected in 6 big cities in Iran in 2014. Zoom in to see Teheran. You can explore the collection of Iran with the help of the following hierarchical structure: Codes meaning (regions): NY = NeyrizSH = SavojbolaghSI = SariSJ = SanandajTA = TabrizTE = Teheran All collects took place in public schools, [&hellip;]<\/p>\n","protected":false},"author":6,"featured_media":0,"parent":287,"menu_order":0,"comment_status":"closed","ping_status":"closed","template":"","meta":{"footnotes":""},"class_list":["post-406","page","type-page","status-publish","hentry"],"_links":{"self":[{"href":"https:\/\/ddd.unil.ch\/fr\/wp-json\/wp\/v2\/pages\/406","targetHints":{"allow":["GET"]}}],"collection":[{"href":"https:\/\/ddd.unil.ch\/fr\/wp-json\/wp\/v2\/pages"}],"about":[{"href":"https:\/\/ddd.unil.ch\/fr\/wp-json\/wp\/v2\/types\/page"}],"author":[{"embeddable":true,"href":"https:\/\/ddd.unil.ch\/fr\/wp-json\/wp\/v2\/users\/6"}],"replies":[{"embeddable":true,"href":"https:\/\/ddd.unil.ch\/fr\/wp-json\/wp\/v2\/comments?post=406"}],"version-history":[{"count":16,"href":"https:\/\/ddd.unil.ch\/fr\/wp-json\/wp\/v2\/pages\/406\/revisions"}],"predecessor-version":[{"id":991,"href":"https:\/\/ddd.unil.ch\/fr\/wp-json\/wp\/v2\/pages\/406\/revisions\/991"}],"up":[{"embeddable":true,"href":"https:\/\/ddd.unil.ch\/fr\/wp-json\/wp\/v2\/pages\/287"}],"wp:attachment":[{"href":"https:\/\/ddd.unil.ch\/fr\/wp-json\/wp\/v2\/media?parent=406"}],"curies":[{"name":"wp","href":"https:\/\/api.w.org\/{rel}","templated":true}]}}