{"id":404,"date":"2024-05-17T06:48:38","date_gmt":"2024-05-17T06:48:38","guid":{"rendered":"http:\/\/ddd.unil.ch:8008\/?page_id=404"},"modified":"2025-06-29T11:42:50","modified_gmt":"2025-06-29T11:42:50","slug":"japan","status":"publish","type":"page","link":"https:\/\/ddd.unil.ch\/fr\/project-description\/collection\/japan\/","title":{"rendered":"\ud83c\uddef\ud83c\uddf5 Japon (143)"},"content":{"rendered":"<div class=\"wp-block-buttons is-layout-flex wp-block-buttons-is-layout-flex\">\n<div class=\"wp-block-button\"><a class=\"wp-block-button__link wp-element-button\" href=\"https:\/\/admin.ls-prod-server.dasch.swiss\/search\/fulltext\/jp*-r\/http%253A%252F%252Frdfh.ch%252Fprojects%252F0105\">Images provenant du Japon<\/a><\/div>\n<\/div>\n\n\n\n<p>143 images ont \u00e9t\u00e9 r\u00e9colt\u00e9es dans diff\u00e9rentes r\u00e9gions du Japon en 2003 et 2004. Parmi ces images, 142 sont accessibles au public et 1 a un acc\u00e8s restreint.<\/p>\n\n\n\n<div class=\"wp-block-buttons is-layout-flex wp-block-buttons-is-layout-flex\">\n<div class=\"wp-block-button\"><a class=\"wp-block-button__link wp-element-button\" href=\"https:\/\/prezi.com\/i\/view\/OmN1C3GAaYSkYJY3wpWy\/\">Carte (Eng)<\/a><\/div>\n\n\n\n<div class=\"wp-block-button\"><a class=\"wp-block-button__link wp-element-button\" href=\"https:\/\/prezi.com\/i\/view\/ZXAn0Gg8yrSVDOAa9lwC\/\">Carte (Fr)<\/a><\/div>\n<\/div>\n\n\n<p><script async src=\"https:\/\/e.prezicdn.net\/v1\/design.js\"><\/script> <\/p>\n<div class=\"prezi-design-embed\" data-project-id=\"OmN1C3GAaYSkYJY3wpWy\"><\/div>\n\n\n\n<p>Explorez la collection du Japon \u00e0 l'aide de la structure hi\u00e9rarchique ci-dessous :<\/p>\n\n\n\n<figure class=\"wp-block-image size-large\"><img loading=\"lazy\" decoding=\"async\" width=\"1024\" height=\"421\" src=\"https:\/\/ddd.unil.ch\/wp-content\/uploads\/2024\/10\/Japanfr-scaled.jpg\" alt=\"\" class=\"wp-image-509\" srcset=\"https:\/\/ddd.unil.ch\/wp-content\/uploads\/2024\/10\/Japanfr-scaled.jpg 2560w, https:\/\/ddd.unil.ch\/wp-content\/uploads\/2024\/10\/Japanfr-300x123.jpg 300w, https:\/\/ddd.unil.ch\/wp-content\/uploads\/2024\/10\/Japanfr-1024x421.jpg 1024w, https:\/\/ddd.unil.ch\/wp-content\/uploads\/2024\/10\/Japanfr-768x316.jpg 768w, https:\/\/ddd.unil.ch\/wp-content\/uploads\/2024\/10\/Japanfr-1536x631.jpg 1536w, https:\/\/ddd.unil.ch\/wp-content\/uploads\/2024\/10\/Japanfr-2048x842.jpg 2048w, https:\/\/ddd.unil.ch\/wp-content\/uploads\/2024\/10\/Japanfr-18x7.jpg 18w\" sizes=\"auto, (max-width: 1024px) 100vw, 1024px\" \/><\/figure>\n\n\n\n<p>Signification des codes (r\u00e9gions) :<\/p>\n\n\n\n<p>CA = Chiba<br>FA = Fukushima<br>TO = Tokyo<br>KO = Kyoto<br><br>Lieux de r\u00e9coltes (L'initiale \u00ab P \u00bb repr\u00e9sente les \u00e9coles publiques, tandis que l'initiale \u00ab R \u00bb repr\u00e9sente les \u00e9coles bouddhistes):<\/p>\n\n\n\n<p>PFX = Ecole publique<br>PKX = Ecole publique<br>PUX = Ecole publique<br>RIX = Ecole bouddhiste<br>RNX = Ecole bouddhiste<br>RTX = Ecole bouddhiste<br>RYX = Ecole bouddhiste<\/p>\n\n\n\n<p>Vous pouvez explorer la r\u00e9partition par \u00e2ge-sexe dans la collection du Japon \u00e0 l'aide <strong>d'un graphique<\/strong> ci-dessous:<\/p>\n\n\n\n<div class=\"wp-block-buttons is-layout-flex wp-block-buttons-is-layout-flex\">\n<div class=\"wp-block-button\"><a class=\"wp-block-button__link wp-element-button\" href=\"https:\/\/prezi.com\/i\/view\/i5tRh5QJQubxQNIk00ly\/\">Bar-Chart (Eng)<\/a><\/div>\n\n\n\n<div class=\"wp-block-button\"><a class=\"wp-block-button__link wp-element-button\" href=\"https:\/\/prezi.com\/i\/view\/p7BU4JhQtRIcGASOYG7u\/\">Bar-chart (Fr)<\/a><\/div>\n<\/div>\n\n\n<p><script async src=\"https:\/\/e.prezicdn.net\/v1\/design.js\"><\/script> <\/p>\n<div class=\"prezi-design-embed\" data-project-id=\"i5tRh5QJQubxQNIk00ly\"><\/div>\n\n\n\n<p><strong>Petit \u00e9chantillon d'images du Japon :<\/strong><\/p>\n\n\n\n<div class=\"wp-block-group alignfull has-global-padding is-layout-constrained wp-container-core-group-is-layout-5f498f34 wp-block-group-is-layout-constrained\" style=\"margin-top:0;margin-bottom:0;padding-top:var(--wp--preset--spacing--50);padding-right:var(--wp--preset--spacing--50);padding-bottom:var(--wp--preset--spacing--50);padding-left:var(--wp--preset--spacing--50)\">\n<div class=\"wp-block-columns alignwide is-layout-flex wp-container-core-columns-is-layout-ff4b9c61 wp-block-columns-is-layout-flex\" style=\"margin-top:0;margin-bottom:0\">\n<div class=\"wp-block-column is-layout-flow wp-container-core-column-is-layout-8a368f38 wp-block-column-is-layout-flow\">\n<figure class=\"wp-block-image size-large is-style-rounded is-style-rounded--1\"><img decoding=\"async\" src=\"https:\/\/iiif.ls-prod-server.dasch.swiss:443\/0105\/4vk3M6rlUpg-CvNrxuxgNTH.jpx\/full\/3481,2436\/0\/default.jpg\" alt=\"\" style=\"aspect-ratio:4\/3;object-fit:cover\"\/><\/figure>\n\n\n\n<div style=\"height:var(--wp--preset--spacing--50)\" aria-hidden=\"true\" class=\"wp-block-spacer\"><\/div>\n\n\n\n<figure class=\"wp-block-image size-large is-style-rounded is-style-rounded--2\"><img decoding=\"async\" src=\"https:\/\/iiif.ls-prod-server.dasch.swiss:443\/0105\/I1SPY0xEPpC-BKVgbNnPrau.jpx\/full\/2464,3505\/0\/default.jpg\" alt=\"\" style=\"aspect-ratio:3\/4;object-fit:cover\"\/><\/figure>\n\n\n\n<div style=\"height:var(--wp--preset--spacing--50)\" aria-hidden=\"true\" class=\"wp-block-spacer\"><\/div>\n\n\n\n<figure class=\"wp-block-image size-large is-style-rounded is-style-rounded--3\"><img decoding=\"async\" src=\"https:\/\/iiif.ls-prod-server.dasch.swiss:443\/0105\/1hlk28WBNGV-Dtr4sRVwe5N.jpx\/full\/2461,3505\/0\/default.jpg\" alt=\"\" style=\"aspect-ratio:3\/4;object-fit:cover\"\/><\/figure>\n<\/div>\n\n\n\n<div class=\"wp-block-column is-layout-flow wp-container-core-column-is-layout-8a368f38 wp-block-column-is-layout-flow\">\n<div style=\"height:var(--wp--preset--spacing--50)\" aria-hidden=\"true\" class=\"wp-block-spacer\"><\/div>\n\n\n\n<figure class=\"wp-block-image size-large is-style-rounded is-style-rounded--4\"><img decoding=\"async\" src=\"https:\/\/iiif.ls-prod-server.dasch.swiss:443\/0105\/GzPBqohARjg-Br7hZ6qT57x.jpx\/full\/2429,3379\/0\/default.jpg\" alt=\"\" style=\"aspect-ratio:3\/4;object-fit:cover\"\/><\/figure>\n\n\n\n<div style=\"height:var(--wp--preset--spacing--50)\" aria-hidden=\"true\" class=\"wp-block-spacer\"><\/div>\n\n\n\n<figure class=\"wp-block-image size-large is-style-rounded is-style-rounded--5\"><img decoding=\"async\" src=\"https:\/\/iiif.ls-prod-server.dasch.swiss:443\/0105\/603WE9WyFwl-CucevmfVSYc.jpx\/full\/3458,2424\/0\/default.jpg\" alt=\"\" style=\"aspect-ratio:1;object-fit:cover\"\/><\/figure>\n\n\n\n<div style=\"height:var(--wp--preset--spacing--50)\" aria-hidden=\"true\" class=\"wp-block-spacer\"><\/div>\n\n\n\n<figure class=\"wp-block-image size-large is-style-rounded is-style-rounded--6\"><img decoding=\"async\" src=\"https:\/\/iiif.ls-prod-server.dasch.swiss:443\/0105\/3OgorxXRJCA-EU26Lq8wlsS.jpx\/full\/2459,3480\/0\/default.jpg\" alt=\"\" style=\"aspect-ratio:1;object-fit:cover\"\/><\/figure>\n<\/div>\n\n\n\n<div class=\"wp-block-column is-layout-flow wp-container-core-column-is-layout-8a368f38 wp-block-column-is-layout-flow\">\n<figure class=\"wp-block-image size-large is-style-rounded is-style-rounded--7\"><img decoding=\"async\" src=\"https:\/\/iiif.ls-prod-server.dasch.swiss:443\/0105\/KjQbZm5M4o7-G8fCpzqBU0E.jpx\/full\/2470,3488\/0\/default.jpg\" alt=\"\" style=\"aspect-ratio:3\/4;object-fit:cover\"\/><\/figure>\n\n\n\n<div style=\"height:var(--wp--preset--spacing--50)\" aria-hidden=\"true\" class=\"wp-block-spacer\"><\/div>\n\n\n\n<figure class=\"wp-block-image size-large is-style-rounded is-style-rounded--8\"><img decoding=\"async\" src=\"https:\/\/iiif.ls-prod-server.dasch.swiss:443\/0105\/KeojUPnFi1u-FyTlRT1ISP8.jpx\/full\/2464,3470\/0\/default.jpg\" alt=\"\" style=\"aspect-ratio:3\/4;object-fit:cover\"\/><\/figure>\n\n\n\n<div style=\"height:var(--wp--preset--spacing--50)\" aria-hidden=\"true\" class=\"wp-block-spacer\"><\/div>\n\n\n\n<figure class=\"wp-block-image size-large is-resized is-style-rounded is-style-rounded--9\"><img decoding=\"async\" src=\"https:\/\/iiif.ls-prod-server.dasch.swiss:443\/0105\/9XRJAFMmRJn-DdWZBhOvAfQ.jpx\/full\/3509,2455\/0\/default.jpg\" alt=\"\" style=\"aspect-ratio:1.7777777777777777;object-fit:cover;width:257px;height:auto\"\/><\/figure>\n<\/div>\n<\/div>\n<\/div>","protected":false},"excerpt":{"rendered":"<p>143 images were collected in various regions in Japan in 2003 and 2004. Among those images, 142 are publicly accessible and 1 has a restricted access. Explore the collection of Japan with the help of the hierarchical structure below: Codes meaning (regions): CA = ChibaFA = FukushimaTO = TokyoKO = Kyoto Collection places (Initial &#8220;P&#8221; [&hellip;]<\/p>\n","protected":false},"author":6,"featured_media":0,"parent":287,"menu_order":0,"comment_status":"closed","ping_status":"closed","template":"","meta":{"footnotes":""},"class_list":["post-404","page","type-page","status-publish","hentry"],"_links":{"self":[{"href":"https:\/\/ddd.unil.ch\/fr\/wp-json\/wp\/v2\/pages\/404","targetHints":{"allow":["GET"]}}],"collection":[{"href":"https:\/\/ddd.unil.ch\/fr\/wp-json\/wp\/v2\/pages"}],"about":[{"href":"https:\/\/ddd.unil.ch\/fr\/wp-json\/wp\/v2\/types\/page"}],"author":[{"embeddable":true,"href":"https:\/\/ddd.unil.ch\/fr\/wp-json\/wp\/v2\/users\/6"}],"replies":[{"embeddable":true,"href":"https:\/\/ddd.unil.ch\/fr\/wp-json\/wp\/v2\/comments?post=404"}],"version-history":[{"count":16,"href":"https:\/\/ddd.unil.ch\/fr\/wp-json\/wp\/v2\/pages\/404\/revisions"}],"predecessor-version":[{"id":992,"href":"https:\/\/ddd.unil.ch\/fr\/wp-json\/wp\/v2\/pages\/404\/revisions\/992"}],"up":[{"embeddable":true,"href":"https:\/\/ddd.unil.ch\/fr\/wp-json\/wp\/v2\/pages\/287"}],"wp:attachment":[{"href":"https:\/\/ddd.unil.ch\/fr\/wp-json\/wp\/v2\/media?parent=404"}],"curies":[{"name":"wp","href":"https:\/\/api.w.org\/{rel}","templated":true}]}}