{"id":402,"date":"2024-05-17T06:48:13","date_gmt":"2024-05-17T06:48:13","guid":{"rendered":"http:\/\/ddd.unil.ch:8008\/?page_id=402"},"modified":"2025-06-29T12:02:23","modified_gmt":"2025-06-29T12:02:23","slug":"brasil","status":"publish","type":"page","link":"https:\/\/ddd.unil.ch\/fr\/project-description\/collection\/brasil\/","title":{"rendered":"\ud83c\udde7\ud83c\uddf7 Br\u00e9sil (139)"},"content":{"rendered":"<div class=\"wp-block-buttons is-layout-flex wp-block-buttons-is-layout-flex\">\n<div class=\"wp-block-button\"><a class=\"wp-block-button__link wp-element-button\" href=\"https:\/\/admin.ls-prod-server.dasch.swiss\/search\/fulltext\/br*-r\/http%253A%252F%252Frdfh.ch%252Fprojects%252F0105\">Dessins de Br\u00e9sil<\/a><\/div>\n<\/div>\n\n\n\n<p>Entre 2013 et 2015, 139 images ont \u00e9t\u00e9 r\u00e9colt\u00e9es dans deux r\u00e9gions du Br\u00e9sil : la r\u00e9gion de Maran\u00e7ao et la r\u00e9gion de Sao Paolo.<\/p>\n\n\n\n<div class=\"wp-block-buttons is-layout-flex wp-block-buttons-is-layout-flex\">\n<div class=\"wp-block-button\"><a class=\"wp-block-button__link wp-element-button\" href=\"https:\/\/prezi.com\/i\/view\/G22Ni1LT1AtXRfCrT1fV\/\">Carte (Eng)<\/a><\/div>\n\n\n\n<div class=\"wp-block-button\"><a class=\"wp-block-button__link wp-element-button\" href=\"https:\/\/prezi.com\/i\/view\/v5EB0MN5dLTRE7ZMIsSk\/\">Carte (Fre)<\/a><\/div>\n<\/div>\n\n\n<p><script async src=\"https:\/\/e.prezicdn.net\/v1\/design.js\"><\/script> <\/p>\n<div class=\"prezi-design-embed\" data-project-id=\"G22Ni1LT1AtXRfCrT1fV\"><\/div>\n\n\n\n<div style=\"height:54px\" aria-hidden=\"true\" class=\"wp-block-spacer\"><\/div>\n\n\n\n<figure class=\"wp-block-image size-large\"><img loading=\"lazy\" decoding=\"async\" width=\"1024\" height=\"661\" src=\"https:\/\/ddd.unil.ch\/wp-content\/uploads\/2024\/10\/Brazilfr-scaled.jpg\" alt=\"\" class=\"wp-image-468\" srcset=\"https:\/\/ddd.unil.ch\/wp-content\/uploads\/2024\/10\/Brazilfr-scaled.jpg 2560w, https:\/\/ddd.unil.ch\/wp-content\/uploads\/2024\/10\/Brazilfr-300x194.jpg 300w, https:\/\/ddd.unil.ch\/wp-content\/uploads\/2024\/10\/Brazilfr-1024x661.jpg 1024w, https:\/\/ddd.unil.ch\/wp-content\/uploads\/2024\/10\/Brazilfr-768x496.jpg 768w, https:\/\/ddd.unil.ch\/wp-content\/uploads\/2024\/10\/Brazilfr-1536x992.jpg 1536w, https:\/\/ddd.unil.ch\/wp-content\/uploads\/2024\/10\/Brazilfr-2048x1323.jpg 2048w, https:\/\/ddd.unil.ch\/wp-content\/uploads\/2024\/10\/Brazilfr-18x12.jpg 18w\" sizes=\"auto, (max-width: 1024px) 100vw, 1024px\" \/><\/figure>\n\n\n\n<p>Voici la <strong>repr\u00e9sentation hi\u00e9rarchique<\/strong> de la collection : d'abord, elle est s\u00e9par\u00e9e par ann\u00e9es de collecte, et ensuite par r\u00e9gions:<\/p>\n\n\n\n<p>SO = Sao Paolo<br>MA = Maran\u00e7ao<\/p>\n\n\n\n<p>Vient ensuite (dans les ovales) une s\u00e9paration par lieux de collecte. Ceux commen\u00e7ant par \u00ab P \u00bb correspondent \u00e0 un contexte la\u00efc, ceux commen\u00e7ant par \u00ab R \u00bb \u00e0 un contexte religieux; dans le cas de RIT, la r\u00e9colte a \u00e9t\u00e9 effectu\u00e9e dans le cadre d'une pratique rituelle tribale :<\/p>\n\n\n\n<p>PCA = Ecole publique non-identifi\u00e9e<br>PCI = Ecole publique<br>PCQ = Ecole publique<br>PCR = Ecole publique<br>PCS = Ecole publique<br>PCZ = Ecole publique<br>PEE = Ecole publique<br>PHO = Collecte singuli\u00e8re<br>PIM = Ecole publique<br>PIS = Ecole publique<br>PIT = Tribu Indienne (contexte non religieux)<br>PJI = Ecole publique<br>PJJ = Ecole publique<br>PMC = Ecole publique<br>PRC = Ecole publique<br>PRG= Ecole publique<br>PSQ = Ecole publique<br>PTN = Ecole publique<br>RCF = Ecole religieuse<br>RIT = Tribu Indienne (contexte religieux)<br>RSV = Ecole religieuse<br>RTW = Ecole religieuse<br>RUN = Ecole religieuse<\/p>\n\n\n\n<div style=\"height:54px\" aria-hidden=\"true\" class=\"wp-block-spacer\"><\/div>\n\n\n\n<p>Vous pouvez explorer <strong>la r\u00e9partition par \u00e2ge et par sexe<\/strong> dans la collection de Br\u00e9zil en survolant un segment.<\/p>\n\n\n\n<div class=\"wp-block-buttons is-layout-flex wp-block-buttons-is-layout-flex\">\n<div class=\"wp-block-button\"><a class=\"wp-block-button__link wp-element-button\" href=\"https:\/\/prezi.com\/i\/view\/kez2eFGua52BjRLYlSHl\/\">Bar-Chart (Eng)<\/a><\/div>\n\n\n\n<div class=\"wp-block-button\"><a class=\"wp-block-button__link wp-element-button\" href=\"https:\/\/prezi.com\/i\/view\/OIHkQZka4Dsf07B1IhvE\/\">Bar-chart (Fr)<\/a><\/div>\n<\/div>\n\n\n<p><script async src=\"https:\/\/e.prezicdn.net\/v1\/design.js\"><\/script> <\/p>\n<div class=\"prezi-design-embed\" data-project-id=\"kez2eFGua52BjRLYlSHl\"><\/div>\n\n\n\n<div style=\"height:54px\" aria-hidden=\"true\" class=\"wp-block-spacer\"><\/div>\n\n\n\n<p><strong>Petit \u00e9chantillon d'images du Br\u00e9sil<\/strong> :<\/p>\n\n\n\n<div class=\"wp-block-group alignfull has-global-padding is-layout-constrained wp-container-core-group-is-layout-8708647a wp-block-group-is-layout-constrained\" style=\"margin-top:0;margin-bottom:0;padding-top:var(--wp--preset--spacing--50);padding-right:var(--wp--preset--spacing--50);padding-bottom:var(--wp--preset--spacing--50);padding-left:var(--wp--preset--spacing--50)\">\n<div class=\"wp-block-columns alignwide is-layout-flex wp-container-core-columns-is-layout-ff4b9c61 wp-block-columns-is-layout-flex\" style=\"margin-top:0;margin-bottom:0\">\n<div class=\"wp-block-column is-layout-flow wp-container-core-column-is-layout-8a368f38 wp-block-column-is-layout-flow\">\n<figure class=\"wp-block-image size-large is-style-rounded is-style-rounded--1\"><img decoding=\"async\" src=\"https:\/\/iiif.ls-prod-server.dasch.swiss:443\/0105\/Jgfa5zCVDGh-D4CKVftbxQS.jpx\/full\/1280,908\/0\/default.jpg\" alt=\"\" style=\"aspect-ratio:4\/3;object-fit:cover\"\/><\/figure>\n\n\n\n<div style=\"height:var(--wp--preset--spacing--50)\" aria-hidden=\"true\" class=\"wp-block-spacer\"><\/div>\n\n\n\n<figure class=\"wp-block-image size-large is-style-rounded is-style-rounded--2\"><img decoding=\"async\" src=\"https:\/\/iiif.ls-prod-server.dasch.swiss:443\/0105\/LuUwn9x6X51-GJHULfAt3Pw.jpx\/full\/681,960\/0\/default.jpg\" alt=\"\" style=\"aspect-ratio:3\/4;object-fit:cover\"\/><\/figure>\n\n\n\n<div style=\"height:var(--wp--preset--spacing--50)\" aria-hidden=\"true\" class=\"wp-block-spacer\"><\/div>\n\n\n\n<figure class=\"wp-block-image size-large is-style-rounded is-style-rounded--3\"><img decoding=\"async\" src=\"https:\/\/iiif.ls-prod-server.dasch.swiss:443\/0105\/BMhHHHptaEJ-CMRyOUZxR1i.jpx\/full\/676,960\/0\/default.jpg\" alt=\"\" style=\"aspect-ratio:3\/4;object-fit:cover\"\/><\/figure>\n<\/div>\n\n\n\n<div class=\"wp-block-column is-layout-flow wp-container-core-column-is-layout-8a368f38 wp-block-column-is-layout-flow\">\n<div style=\"height:var(--wp--preset--spacing--50)\" aria-hidden=\"true\" class=\"wp-block-spacer\"><\/div>\n\n\n\n<figure class=\"wp-block-image size-large is-style-rounded is-style-rounded--4\"><img decoding=\"async\" src=\"https:\/\/iiif.ls-prod-server.dasch.swiss:443\/0105\/A218yx9BPyg-D9tDKE2SWHo.jpx\/full\/685,960\/0\/default.jpg\" alt=\"\" style=\"aspect-ratio:3\/4;object-fit:cover\"\/><\/figure>\n\n\n\n<div style=\"height:var(--wp--preset--spacing--50)\" aria-hidden=\"true\" class=\"wp-block-spacer\"><\/div>\n\n\n\n<figure class=\"wp-block-image size-large is-style-rounded is-style-rounded--5\"><img decoding=\"async\" src=\"https:\/\/iiif.ls-prod-server.dasch.swiss:443\/0105\/6Pn6GK95NCA-CDfcGyOYUGz.jpx\/full\/1280,909\/0\/default.jpg\" alt=\"\" style=\"aspect-ratio:1;object-fit:cover\"\/><\/figure>\n\n\n\n<div style=\"height:var(--wp--preset--spacing--50)\" aria-hidden=\"true\" class=\"wp-block-spacer\"><\/div>\n\n\n\n<figure class=\"wp-block-image size-large is-style-rounded is-style-rounded--6\"><img decoding=\"async\" src=\"https:\/\/iiif.ls-prod-server.dasch.swiss:443\/0105\/C2uy42w4rHf-FlFo5P6GXTu.jpx\/full\/1280,906\/0\/default.jpg\" alt=\"\" style=\"aspect-ratio:1;object-fit:cover\"\/><\/figure>\n<\/div>\n\n\n\n<div class=\"wp-block-column is-layout-flow wp-container-core-column-is-layout-8a368f38 wp-block-column-is-layout-flow\">\n<figure class=\"wp-block-image size-large is-style-rounded is-style-rounded--7\"><img decoding=\"async\" src=\"https:\/\/iiif.ls-prod-server.dasch.swiss:443\/0105\/CSluYJnZ5yX-FRaYJNQS6qS.jpx\/full\/684,960\/0\/default.jpg\" alt=\"\" style=\"aspect-ratio:3\/4;object-fit:cover\"\/><\/figure>\n\n\n\n<div style=\"height:var(--wp--preset--spacing--50)\" aria-hidden=\"true\" class=\"wp-block-spacer\"><\/div>\n\n\n\n<figure class=\"wp-block-image size-large is-style-rounded is-style-rounded--8\"><img decoding=\"async\" src=\"https:\/\/iiif.ls-prod-server.dasch.swiss:443\/0105\/rR1u5X4Fqu-GTkLD5bcJi3.jpx\/full\/674,960\/0\/default.jpg\" alt=\"\" style=\"aspect-ratio:3\/4;object-fit:cover\"\/><\/figure>\n\n\n\n<div style=\"height:var(--wp--preset--spacing--50)\" aria-hidden=\"true\" class=\"wp-block-spacer\"><\/div>\n\n\n\n<figure class=\"wp-block-image size-large is-style-rounded is-style-rounded--9\"><img decoding=\"async\" src=\"https:\/\/iiif.ls-prod-server.dasch.swiss:443\/0105\/3YWOKm64IIS-B0cqjRMbJTf.jpx\/full\/1280,896\/0\/default.jpg\" alt=\"\" style=\"aspect-ratio:16\/9;object-fit:cover\"\/><\/figure>\n<\/div>\n<\/div>\n<\/div>","protected":false},"excerpt":{"rendered":"<p>Between 2013 and 2015, 139 images were collected in two regions of Brazil: the region of Maran\u00e7ao and the region of Sao Paolo. Here is a hierarchical representation of the collection: first, it is separated by the years of collect, and further by regions, where SO = Sao PaoloMA = Marancao This is followed (in [&hellip;]<\/p>\n","protected":false},"author":6,"featured_media":0,"parent":287,"menu_order":0,"comment_status":"closed","ping_status":"closed","template":"","meta":{"footnotes":""},"class_list":["post-402","page","type-page","status-publish","hentry"],"_links":{"self":[{"href":"https:\/\/ddd.unil.ch\/fr\/wp-json\/wp\/v2\/pages\/402","targetHints":{"allow":["GET"]}}],"collection":[{"href":"https:\/\/ddd.unil.ch\/fr\/wp-json\/wp\/v2\/pages"}],"about":[{"href":"https:\/\/ddd.unil.ch\/fr\/wp-json\/wp\/v2\/types\/page"}],"author":[{"embeddable":true,"href":"https:\/\/ddd.unil.ch\/fr\/wp-json\/wp\/v2\/users\/6"}],"replies":[{"embeddable":true,"href":"https:\/\/ddd.unil.ch\/fr\/wp-json\/wp\/v2\/comments?post=402"}],"version-history":[{"count":22,"href":"https:\/\/ddd.unil.ch\/fr\/wp-json\/wp\/v2\/pages\/402\/revisions"}],"predecessor-version":[{"id":998,"href":"https:\/\/ddd.unil.ch\/fr\/wp-json\/wp\/v2\/pages\/402\/revisions\/998"}],"up":[{"embeddable":true,"href":"https:\/\/ddd.unil.ch\/fr\/wp-json\/wp\/v2\/pages\/287"}],"wp:attachment":[{"href":"https:\/\/ddd.unil.ch\/fr\/wp-json\/wp\/v2\/media?parent=402"}],"curies":[{"name":"wp","href":"https:\/\/api.w.org\/{rel}","templated":true}]}}