{"id":400,"date":"2024-05-17T06:47:46","date_gmt":"2024-05-17T06:47:46","guid":{"rendered":"http:\/\/ddd.unil.ch:8008\/?page_id=400"},"modified":"2025-06-29T12:44:30","modified_gmt":"2025-06-29T12:44:30","slug":"argentina","status":"publish","type":"page","link":"https:\/\/ddd.unil.ch\/fr\/project-description\/collection\/argentina\/","title":{"rendered":"\ud83c\udde6\ud83c\uddf7 Argentine (82)"},"content":{"rendered":"<div class=\"wp-block-buttons is-layout-flex wp-block-buttons-is-layout-flex\">\n<div class=\"wp-block-button\"><a class=\"wp-block-button__link wp-element-button\" href=\"https:\/\/admin.ls-prod-server.dasch.swiss\/search\/fulltext\/ag*-r\/http%253A%252F%252Frdfh.ch%252Fprojects%252F0105\">Images provenant d'Argentine<\/a><\/div>\n<\/div>\n\n\n\n<p>De 2015 \u00e0 2018, 82 images ont \u00e9t\u00e9 r\u00e9colt\u00e9es en Argentine, principalement \u00e0 Buenos Aires et dans ses environs.<\/p>\n\n\n\n<div class=\"wp-block-buttons is-layout-flex wp-block-buttons-is-layout-flex\">\n<div class=\"wp-block-button\"><a class=\"wp-block-button__link wp-element-button\" href=\"https:\/\/prezi.com\/i\/view\/fxtcNNSx6gn95DxTONAD\/\">Carte (Eng)<\/a><\/div>\n\n\n\n<div class=\"wp-block-button\"><a class=\"wp-block-button__link wp-element-button\" href=\"https:\/\/prezi.com\/i\/view\/0DdaUhlQN9DvICi8YvFN\/\">Carte (Fr)<\/a><\/div>\n<\/div>\n\n\n<p><script async src=\"https:\/\/e.prezicdn.net\/v1\/design.js\"><\/script> <\/p>\n<div class=\"prezi-design-embed\" data-project-id=\"fxtcNNSx6gn95DxTONAD\"><\/div>\n\n\n\n<div style=\"height:51px\" aria-hidden=\"true\" class=\"wp-block-spacer\"><\/div>\n\n\n\n<p>Explorez la collection visuellement par pays en tant que <strong>structure hi\u00e9rarchique suivante<\/strong>. La case du haut indique le nombre total de dessins plac\u00e9 sous les ann\u00e9es de collecte. Le niveau suivant divise la collecte par ann\u00e9e et par r\u00e9gion dans les cases arrondies. Dans les ovales, au niveau suivant, vous trouverez l'abr\u00e9viation des \u00e9coles\/autres lieux de collecte. Enfin, au niveau le plus bas et connect\u00e9 aux \u00e9coles, on trouve une r\u00e9partition d\u00e9taill\u00e9e par genre.<\/p>\n\n\n\n<p><strong>Explication des codes<\/strong>:<br>AG = Argentine<br>BA = Buenos Aires<br>PHO = collecte singuli\u00e8re<br>PPL = Ecole publique<\/p>\n\n\n\n<p>m = participant masculin<br>f = participante f\u00e9minine<br>U = le genre du participant n'a pas \u00e9t\u00e9 identifi\u00e9<\/p>\n\n\n\n<figure class=\"wp-block-image aligncenter size-large is-resized\"><img loading=\"lazy\" decoding=\"async\" width=\"1024\" height=\"620\" src=\"https:\/\/ddd.unil.ch\/wp-content\/uploads\/2024\/10\/Argentinafr-scaled.jpg\" alt=\"\" class=\"wp-image-429\" style=\"width:390px;height:auto\" srcset=\"https:\/\/ddd.unil.ch\/wp-content\/uploads\/2024\/10\/Argentinafr-scaled.jpg 2560w, https:\/\/ddd.unil.ch\/wp-content\/uploads\/2024\/10\/Argentinafr-300x182.jpg 300w, https:\/\/ddd.unil.ch\/wp-content\/uploads\/2024\/10\/Argentinafr-1024x620.jpg 1024w, https:\/\/ddd.unil.ch\/wp-content\/uploads\/2024\/10\/Argentinafr-768x465.jpg 768w, https:\/\/ddd.unil.ch\/wp-content\/uploads\/2024\/10\/Argentinafr-1536x930.jpg 1536w, https:\/\/ddd.unil.ch\/wp-content\/uploads\/2024\/10\/Argentinafr-2048x1240.jpg 2048w, https:\/\/ddd.unil.ch\/wp-content\/uploads\/2024\/10\/Argentinafr-18x12.jpg 18w\" sizes=\"auto, (max-width: 1024px) 100vw, 1024px\" \/><\/figure>\n\n\n\n<div style=\"height:51px\" aria-hidden=\"true\" class=\"wp-block-spacer\"><\/div>\n\n\n\n<p>Vous trouverez ci-dessous <strong>la r\u00e9partition par \u00e2ge et par sexe<\/strong> ainsi que par tranche d'\u00e2ge en ann\u00e9es :<\/p>\n\n\n\n<p>M = participant masculin<br>F = participante f\u00e9minine<br>U = le genre n'a pas \u00e9t\u00e9 identifi\u00e9.<\/p>\n\n\n\n<p><strong>Bar-chart \u00e2ge-genre<\/strong>:<\/p>\n\n\n\n<div class=\"wp-block-buttons is-layout-flex wp-block-buttons-is-layout-flex\">\n<div class=\"wp-block-button\"><a class=\"wp-block-button__link wp-element-button\" href=\"https:\/\/prezi.com\/i\/view\/GSsPcO33oW3VBvkqehUu\/\">Bar-Chart (Eng)<\/a><\/div>\n\n\n\n<div class=\"wp-block-button\"><a class=\"wp-block-button__link wp-element-button\" href=\"https:\/\/prezi.com\/i\/view\/6qsJNn2Bd2fspo6FnJ49\/\">Bar-chart (Fr)<\/a><\/div>\n<\/div>\n\n\n<p><script async src=\"https:\/\/e.prezicdn.net\/v1\/design.js\"><\/script> <\/p>\n<div class=\"prezi-design-embed\" data-project-id=\"GSsPcO33oW3VBvkqehUu\"><\/div>\n\n\n\n<div style=\"height:51px\" aria-hidden=\"true\" class=\"wp-block-spacer\"><\/div>\n\n\n\n<p><strong>Petit \u00e9chantillon d'images d'Argentine :<\/strong><\/p>\n\n\n\n<div class=\"wp-block-group alignfull has-global-padding is-layout-constrained wp-container-core-group-is-layout-5f498f34 wp-block-group-is-layout-constrained\" style=\"margin-top:0;margin-bottom:0;padding-top:var(--wp--preset--spacing--50);padding-right:var(--wp--preset--spacing--50);padding-bottom:var(--wp--preset--spacing--50);padding-left:var(--wp--preset--spacing--50)\">\n<div class=\"wp-block-columns alignwide is-layout-flex wp-container-core-columns-is-layout-ff4b9c61 wp-block-columns-is-layout-flex\" style=\"margin-top:0;margin-bottom:0\">\n<div class=\"wp-block-column is-layout-flow wp-container-core-column-is-layout-8a368f38 wp-block-column-is-layout-flow\">\n<figure class=\"wp-block-image size-large is-style-rounded is-style-rounded--1\"><img decoding=\"async\" src=\"https:\/\/iiif.ls-prod-server.dasch.swiss:443\/0105\/Fvz17PIcMK4-CpuZAJjOpOf.jpx\/full\/3488,2472\/0\/default.jpg\" alt=\"\" style=\"aspect-ratio:4\/3;object-fit:cover\"\/><\/figure>\n\n\n\n<div style=\"height:var(--wp--preset--spacing--50)\" aria-hidden=\"true\" class=\"wp-block-spacer\"><\/div>\n\n\n\n<figure class=\"wp-block-image size-large is-style-rounded is-style-rounded--2\"><img decoding=\"async\" src=\"https:\/\/iiif.ls-prod-server.dasch.swiss:443\/0105\/DZxxvpYi6D3-GLL4sIegR9v.jpx\/full\/2472,3488\/0\/default.jpg\" alt=\"\" style=\"aspect-ratio:3\/4;object-fit:cover\"\/><\/figure>\n\n\n\n<div style=\"height:var(--wp--preset--spacing--50)\" aria-hidden=\"true\" class=\"wp-block-spacer\"><\/div>\n\n\n\n<figure class=\"wp-block-image size-large is-style-rounded is-style-rounded--3\"><img decoding=\"async\" src=\"https:\/\/iiif.ls-prod-server.dasch.swiss:443\/0105\/EIlop1GAuRW-EKg8ctW9PpV.jpx\/full\/2472,3488\/0\/default.jpg\" alt=\"\" style=\"aspect-ratio:3\/4;object-fit:cover\"\/><\/figure>\n<\/div>\n\n\n\n<div class=\"wp-block-column is-layout-flow wp-container-core-column-is-layout-8a368f38 wp-block-column-is-layout-flow\">\n<div style=\"height:var(--wp--preset--spacing--50)\" aria-hidden=\"true\" class=\"wp-block-spacer\"><\/div>\n\n\n\n<figure class=\"wp-block-image size-large is-style-rounded is-style-rounded--4\"><img decoding=\"async\" src=\"https:\/\/iiif.ls-prod-server.dasch.swiss:443\/0105\/3A9Y2k183Yp-DHg9a9I2fSx.jpx\/full\/2472,3488\/0\/default.jpg\" alt=\"\" style=\"aspect-ratio:3\/4;object-fit:cover\"\/><\/figure>\n\n\n\n<div style=\"height:var(--wp--preset--spacing--50)\" aria-hidden=\"true\" class=\"wp-block-spacer\"><\/div>\n\n\n\n<figure class=\"wp-block-image size-large is-style-rounded is-style-rounded--5\"><img decoding=\"async\" src=\"https:\/\/iiif.ls-prod-server.dasch.swiss:443\/0105\/KIO3pP1jjEp-FTGQpVwcKkK.jpx\/full\/3488,2472\/0\/default.jpg\" alt=\"\" style=\"aspect-ratio:1;object-fit:cover\"\/><\/figure>\n\n\n\n<div style=\"height:var(--wp--preset--spacing--50)\" aria-hidden=\"true\" class=\"wp-block-spacer\"><\/div>\n\n\n\n<figure class=\"wp-block-image size-large is-style-rounded is-style-rounded--6\"><img decoding=\"async\" src=\"https:\/\/iiif.ls-prod-server.dasch.swiss:443\/0105\/BSUgQMWC6xm-BjmGWpFIP2d.jpx\/full\/3488,2472\/0\/default.jpg\" alt=\"\" style=\"aspect-ratio:1;object-fit:cover\"\/><\/figure>\n<\/div>\n\n\n\n<div class=\"wp-block-column is-layout-flow wp-container-core-column-is-layout-8a368f38 wp-block-column-is-layout-flow\">\n<figure class=\"wp-block-image size-large is-style-rounded is-style-rounded--7\"><img decoding=\"async\" src=\"https:\/\/iiif.ls-prod-server.dasch.swiss:443\/0105\/CjrGbQri179-E5FlYv5yfvk.jpx\/full\/2472,3488\/0\/default.jpg\" alt=\"\" style=\"aspect-ratio:3\/4;object-fit:cover\"\/><\/figure>\n\n\n\n<div style=\"height:var(--wp--preset--spacing--50)\" aria-hidden=\"true\" class=\"wp-block-spacer\"><\/div>\n\n\n\n<figure class=\"wp-block-image size-large is-style-rounded is-style-rounded--8\"><img decoding=\"async\" src=\"https:\/\/iiif.ls-prod-server.dasch.swiss:443\/0105\/KpWHitN4kLv-FLrjWXdbeIi.jp2\/full\/916,1258\/0\/default.jpg\" alt=\"\" style=\"aspect-ratio:3\/4;object-fit:cover\"\/><\/figure>\n\n\n\n<div style=\"height:var(--wp--preset--spacing--50)\" aria-hidden=\"true\" class=\"wp-block-spacer\"><\/div>\n\n\n\n<figure class=\"wp-block-image size-large is-style-rounded is-style-rounded--9\"><img decoding=\"async\" src=\"https:\/\/iiif.ls-prod-server.dasch.swiss:443\/0105\/GQKTkaWQta5-EPMeg0KCZXx.jp2\/full\/3544,2510\/0\/default.jpg\" alt=\"\" style=\"aspect-ratio:16\/9;object-fit:cover\"\/><\/figure>\n<\/div>\n<\/div>\n<\/div>\n\n\n\n<p><\/p>","protected":false},"excerpt":{"rendered":"<p>From 2015 to 2018, 82 images were collected in Argentina mostly in and around Buenos Aires. Explore the collection visually by country as a hierarchical structure. The upmost box stands for the total number of drawings and the years of collect given as a range. Next level down splits the collect by year and by [&hellip;]<\/p>\n","protected":false},"author":6,"featured_media":0,"parent":287,"menu_order":1,"comment_status":"closed","ping_status":"closed","template":"","meta":{"footnotes":""},"class_list":["post-400","page","type-page","status-publish","hentry"],"_links":{"self":[{"href":"https:\/\/ddd.unil.ch\/fr\/wp-json\/wp\/v2\/pages\/400","targetHints":{"allow":["GET"]}}],"collection":[{"href":"https:\/\/ddd.unil.ch\/fr\/wp-json\/wp\/v2\/pages"}],"about":[{"href":"https:\/\/ddd.unil.ch\/fr\/wp-json\/wp\/v2\/types\/page"}],"author":[{"embeddable":true,"href":"https:\/\/ddd.unil.ch\/fr\/wp-json\/wp\/v2\/users\/6"}],"replies":[{"embeddable":true,"href":"https:\/\/ddd.unil.ch\/fr\/wp-json\/wp\/v2\/comments?post=400"}],"version-history":[{"count":30,"href":"https:\/\/ddd.unil.ch\/fr\/wp-json\/wp\/v2\/pages\/400\/revisions"}],"predecessor-version":[{"id":1000,"href":"https:\/\/ddd.unil.ch\/fr\/wp-json\/wp\/v2\/pages\/400\/revisions\/1000"}],"up":[{"embeddable":true,"href":"https:\/\/ddd.unil.ch\/fr\/wp-json\/wp\/v2\/pages\/287"}],"wp:attachment":[{"href":"https:\/\/ddd.unil.ch\/fr\/wp-json\/wp\/v2\/media?parent=400"}],"curies":[{"name":"wp","href":"https:\/\/api.w.org\/{rel}","templated":true}]}}