{"id":287,"date":"2024-04-23T05:43:15","date_gmt":"2024-04-23T05:43:15","guid":{"rendered":"http:\/\/ddd.unil.ch:8008\/?page_id=287"},"modified":"2024-11-24T07:17:08","modified_gmt":"2024-11-24T07:17:08","slug":"collection","status":"publish","type":"page","link":"https:\/\/ddd.unil.ch\/fr\/project-description\/collection\/","title":{"rendered":"Collection DDD"},"content":{"rendered":"<div class=\"wp-block-buttons is-layout-flex wp-block-buttons-is-layout-flex\">\n<div class=\"wp-block-button\"><a class=\"wp-block-button__link wp-element-button\" href=\"https:\/\/app.ls-prod-server.dasch.swiss\/project\/0105\/ontology\/drawings-gods\/DrawingPublic\">Voir tous les images<\/a><\/div>\n<\/div>\n\n\n\n<p>Cette collection de dessins comprend \u00e0 l'heure actuelle (en 2024) quelque 7500 images de 11 pays, r\u00e9colt\u00e9es entre 1987 et 2019. L'accroissement de la collection d'ann\u00e9e en ann\u00e9e se retrouve sur le graphique ci-dessous :<\/p>\n\n\n\n<figure class=\"wp-block-image size-large\"><img loading=\"lazy\" decoding=\"async\" width=\"1024\" height=\"866\" src=\"https:\/\/ddd.unil.ch\/wp-content\/uploads\/2024\/11\/TotalCorrected-1024x866.png\" alt=\"\" class=\"wp-image-931\" srcset=\"https:\/\/ddd.unil.ch\/wp-content\/uploads\/2024\/11\/TotalCorrected-1024x866.png 1024w, https:\/\/ddd.unil.ch\/wp-content\/uploads\/2024\/11\/TotalCorrected-300x254.png 300w, https:\/\/ddd.unil.ch\/wp-content\/uploads\/2024\/11\/TotalCorrected-768x650.png 768w, https:\/\/ddd.unil.ch\/wp-content\/uploads\/2024\/11\/TotalCorrected-1536x1299.png 1536w, https:\/\/ddd.unil.ch\/wp-content\/uploads\/2024\/11\/TotalCorrected-2048x1732.png 2048w, https:\/\/ddd.unil.ch\/wp-content\/uploads\/2024\/11\/TotalCorrected-14x12.png 14w\" sizes=\"auto, (max-width: 1024px) 100vw, 1024px\" \/><\/figure>\n\n\n\n<div style=\"height:44px\" aria-hidden=\"true\" class=\"wp-block-spacer\"><\/div>\n\n\n\n<p>Vous trouverez ici une pr\u00e9sentation du total cumul\u00e9 de la quantit\u00e9 d'images dans la collection DDD :<\/p>\n\n\n\n<figure class=\"wp-block-image size-large\"><img loading=\"lazy\" decoding=\"async\" width=\"1024\" height=\"582\" src=\"https:\/\/ddd.unil.ch\/wp-content\/uploads\/2024\/11\/Rock-1024x582.png\" alt=\"\" class=\"wp-image-932\" srcset=\"https:\/\/ddd.unil.ch\/wp-content\/uploads\/2024\/11\/Rock-1024x582.png 1024w, https:\/\/ddd.unil.ch\/wp-content\/uploads\/2024\/11\/Rock-300x170.png 300w, https:\/\/ddd.unil.ch\/wp-content\/uploads\/2024\/11\/Rock-768x436.png 768w, https:\/\/ddd.unil.ch\/wp-content\/uploads\/2024\/11\/Rock-1536x873.png 1536w, https:\/\/ddd.unil.ch\/wp-content\/uploads\/2024\/11\/Rock-2048x1163.png 2048w, https:\/\/ddd.unil.ch\/wp-content\/uploads\/2024\/11\/Rock-18x10.png 18w\" sizes=\"auto, (max-width: 1024px) 100vw, 1024px\" \/><\/figure>\n\n\n\n<div style=\"height:44px\" aria-hidden=\"true\" class=\"wp-block-spacer\"><\/div>\n\n\n\n<p><\/p>\n\n\n\n<p>Explorez la collection par pays, ann\u00e9e et r\u00e9gions gr\u00e2ce \u00e0 la pr\u00e9sentation interactive ci-dessous :<\/p>\n\n\n\n<div class=\"wp-block-buttons is-layout-flex wp-block-buttons-is-layout-flex\">\n<div class=\"wp-block-button\"><a class=\"wp-block-button__link wp-element-button\" href=\"https:\/\/prezi.com\/i\/view\/uWBqrxbUeSwjvWOl49pP\/\">Carte (Eng)<\/a><\/div>\n\n\n\n<div class=\"wp-block-button\"><a class=\"wp-block-button__link wp-element-button\" href=\"https:\/\/prezi.com\/i\/view\/NHhZXCO2p26zwcwxvzL4\/\">Carte (Fr)<\/a><\/div>\n<\/div>\n\n\n<p><script async src=\"https:\/\/e.prezicdn.net\/v1\/design.js\"><\/script> <\/p>\n<div class=\"prezi-design-embed\" data-project-id=\"uWBqrxbUeSwjvWOl49pP\"><\/div>\n\n\n\n<div style=\"height:38px\" aria-hidden=\"true\" class=\"wp-block-spacer\"><\/div>\n\n\n\n<p>D\u00e9couvrez ci-dessous la r\u00e9partition par \u00e2ge et par sexe par pays. Vous pouvez survoler un segment particulier de la pr\u00e9sentation pour voir le nombre exact d'images, ou vous pouvez cliquer sur le pays dans la liste ci-dessous pour le d\u00e9s\u00e9lectionner de la visualisation. Il est donc possible de s\u00e9lectionner seulement deux pays ou plus pour voir leur r\u00e9partition par \u00e2ge-sexe ainsi que la quantit\u00e9 d'images.<\/p>\n\n\n\n<p>M = participant masculin<br>F = participante f\u00e9minine<br>U = le genre du participant n'a pas \u00e9t\u00e9 identifi\u00e9<\/p>\n\n\n\n<p><strong>Age-Gender Distribution<\/strong><\/p>\n\n\n\n<div class=\"wp-block-buttons is-layout-flex wp-block-buttons-is-layout-flex\">\n<div class=\"wp-block-button\"><a class=\"wp-block-button__link wp-element-button\" href=\"https:\/\/prezi.com\/i\/view\/wq5ZnmKEHiFpRooozo5c\/\">Bar-Chart (Eng)<\/a><\/div>\n\n\n\n<div class=\"wp-block-button\"><a class=\"wp-block-button__link wp-element-button\" href=\"https:\/\/prezi.com\/i\/view\/qdqaSSiMwPSt4acG6P7o\/\">Bar-chart (Fr)<\/a><\/div>\n<\/div>\n\n\n<p><script async src=\"https:\/\/e.prezicdn.net\/v1\/design.js\"><\/script> <\/p>\n<div class=\"prezi-design-embed\" data-project-id=\"wq5ZnmKEHiFpRooozo5c\" width=\"900\"><\/div>\n\n\n\n<div style=\"height:76px\" aria-hidden=\"true\" class=\"wp-block-spacer\"><\/div>\n\n\n\n<div style=\"height:37px\" aria-hidden=\"true\" class=\"wp-block-spacer\"><\/div>\n\n\n\n<p><\/p>","protected":false},"excerpt":{"rendered":"<p>This collection of drawings comprises at present (2024) some 7500 images from 11 countries, assembled between 1987 and 2019. The growing of the collection year by year can be found on the graph below: Here you find a presentation of cumulative grouth of the quantity of images in DDD collection: Explore the collection by country [&hellip;]<\/p>\n","protected":false},"author":6,"featured_media":0,"parent":279,"menu_order":0,"comment_status":"closed","ping_status":"closed","template":"","meta":{"footnotes":""},"class_list":["post-287","page","type-page","status-publish","hentry"],"_links":{"self":[{"href":"https:\/\/ddd.unil.ch\/fr\/wp-json\/wp\/v2\/pages\/287","targetHints":{"allow":["GET"]}}],"collection":[{"href":"https:\/\/ddd.unil.ch\/fr\/wp-json\/wp\/v2\/pages"}],"about":[{"href":"https:\/\/ddd.unil.ch\/fr\/wp-json\/wp\/v2\/types\/page"}],"author":[{"embeddable":true,"href":"https:\/\/ddd.unil.ch\/fr\/wp-json\/wp\/v2\/users\/6"}],"replies":[{"embeddable":true,"href":"https:\/\/ddd.unil.ch\/fr\/wp-json\/wp\/v2\/comments?post=287"}],"version-history":[{"count":33,"href":"https:\/\/ddd.unil.ch\/fr\/wp-json\/wp\/v2\/pages\/287\/revisions"}],"predecessor-version":[{"id":943,"href":"https:\/\/ddd.unil.ch\/fr\/wp-json\/wp\/v2\/pages\/287\/revisions\/943"}],"up":[{"embeddable":true,"href":"https:\/\/ddd.unil.ch\/fr\/wp-json\/wp\/v2\/pages\/279"}],"wp:attachment":[{"href":"https:\/\/ddd.unil.ch\/fr\/wp-json\/wp\/v2\/media?parent=287"}],"curies":[{"name":"wp","href":"https:\/\/api.w.org\/{rel}","templated":true}]}}