{"id":284,"date":"2024-04-23T05:23:20","date_gmt":"2024-04-23T05:23:20","guid":{"rendered":"http:\/\/ddd.unil.ch:8008\/?page_id=284"},"modified":"2024-09-29T09:08:14","modified_gmt":"2024-09-29T09:08:14","slug":"publications","status":"publish","type":"page","link":"https:\/\/ddd.unil.ch\/fr\/project-description\/publications\/","title":{"rendered":"Publications"},"content":{"rendered":"\n<figure class=\"wp-block-image aligncenter size-full is-resized\"><img loading=\"lazy\" decoding=\"async\" width=\"300\" height=\"466\" src=\"https:\/\/ddd.unil.ch\/wp-content\/uploads\/2024\/04\/Screenshot2023-07-14at15.12.14.png\" alt=\"\" class=\"wp-image-301\" style=\"width:413px;height:auto\" srcset=\"https:\/\/ddd.unil.ch\/wp-content\/uploads\/2024\/04\/Screenshot2023-07-14at15.12.14.png 300w, https:\/\/ddd.unil.ch\/wp-content\/uploads\/2024\/04\/Screenshot2023-07-14at15.12.14-193x300.png 193w\" sizes=\"auto, (max-width: 300px) 100vw, 300px\" \/><\/figure>\n\n\n\n<p class=\"has-medium-font-size\"><a href=\"https:\/\/link.springer.com\/book\/10.1007\/978-3-030-94429-2\" data-type=\"link\" data-id=\"https:\/\/link.springer.com\/book\/10.1007\/978-3-030-94429-2\"><strong>P.-Y. Brandt et al. (eds.), <em>When Children Draw Gods: a Multicultural and Interdisciplinary Approach to Children&#8217;s Representations of Supernatural Agents.<\/em>  Springer: 2023. (New Approaches to the Scientific Study of Religion 12)<\/strong><\/a><\/p>\n\n\n\n<p><strong>Table of contents<\/strong>:<\/p>\n\n\n\n<p>Front Matter. Pages i-viii<\/p>\n\n\n\n<p><a href=\"https:\/\/link.springer.com\/chapter\/10.1007\/978-3-030-94429-2_1\">Pierre-Yves Brandt, Zhargalma Dandarova-Robert, Christelle Cocco, Dominique Vinck, Fr\u00e9d\u00e9ric Darbellay,<\/a> <a href=\"https:\/\/link.springer.com\/chapter\/10.1007\/978-3-030-94429-2_1\">Introduction to the Interdisciplinary and Intercultural Project <em>Children\u2019s Drawings of Gods<\/em>: Presentation of the Project and of this Book<\/a>. Pages 1-12.<\/p>\n\n\n\n<p>Pierre-Yves Brandt, Zhargalma Dandarova-Robert, Gr\u00e9gory Dessart, Hanneke Muthert, Hanneke Schaap-Jonker, <a href=\"https:\/\/link.springer.com\/chapter\/10.1007\/978-3-030-94429-2_2\">Integrative Model of Children\u2019s Representations of God in Drawings<\/a>. Pages 15-42<\/p>\n\n\n\n<p>Gr\u00e9gory Dessart, <a href=\"https:\/\/link.springer.com\/chapter\/10.1007\/978-3-030-94429-2_3\">Children\u2019s God Representations: Are Anthropomorphic God Figures <em>Only<\/em> Human?<\/a>. Pages 45-67<\/p>\n\n\n\n<p>Gr\u00e9gory Dessart, Pierre-Yves Brandt, <a href=\"https:\/\/link.springer.com\/chapter\/10.1007\/978-3-030-94429-2_4\">Humanness and Non-Humanness in Children\u2019s Drawings of God: A Case Study from French-Speaking Switzerland<\/a>. Pages 69-126<\/p>\n\n\n\n<p>Gr\u00e9gory Dessart, Zhargalma Dandarova-Robert, Pierre-Yves Brandt, <a href=\"https:\/\/link.springer.com\/chapter\/10.1007\/978-3-030-94429-2_5\">Construction and Transgression of Gender Categories in Representations of Divine Figures: A Cross-Cultural Study of Children\u2019s Drawings<\/a>. Pages 127-152<\/p>\n\n\n\n<p>Zhargalma Dandarova-Robert, Christelle Cocco, Gr\u00e9gory Dessart, Pierre-Yves Brandt, <a href=\"https:\/\/link.springer.com\/chapter\/10.1007\/978-3-030-94429-2_6\">Where Gods Dwell? Part I: Spatial Imagery in Children\u2019s Drawings of Gods<\/a>. Pages 153-170<\/p>\n\n\n\n<p>Zhargalma Dandarova-Robert, Christelle Cocco, Gr\u00e9gory Dessart, Pierre-Yves Brandt, <a href=\"https:\/\/link.springer.com\/chapter\/10.1007\/978-3-030-94429-2_7\">Where Gods Dwell? Part II: Embodied Cognition Approach and Children\u2019s Drawings of Gods<\/a>. Pages 171-187<\/p>\n\n\n\n<p>Christelle Cocco, Zhargalma Dandarova-Robert, Pierre-Yves Brandt, <a href=\"https:\/\/link.springer.com\/chapter\/10.1007\/978-3-030-94429-2_8\">Automated Colour Identification and Quantification in Children\u2019s Drawings of God<\/a>. Pages 191-212<\/p>\n\n\n\n<p>Christelle Cocco, Rapha\u00ebl Cer\u00e9, <a href=\"https:\/\/link.springer.com\/chapter\/10.1007\/978-3-030-94429-2_9\">Computer Vision and Mathematical Methods Used to Analyse Children\u2019s Drawings of God(s)<\/a>. Pages 213-244<\/p>\n\n\n\n<p>Richard P. Jolley, Gr\u00e9gory Dessart, <a href=\"https:\/\/link.springer.com\/chapter\/10.1007\/978-3-030-94429-2_10\">Emotional Expression in Children\u2019s Drawings of God<\/a>. Pages 247-284<\/p>\n\n\n\n<p>Hanneke Muthert, Hanneke Schaap-Jonker, <a href=\"https:\/\/link.springer.com\/chapter\/10.1007\/978-3-030-94429-2_11\">Different Attachment Styles in Relation to Children\u2019s Drawings of God: A Qualitative Exploration of the Use of Symbols in a Dutch Sample<\/a>. Pages 285-321<\/p>\n\n\n\n<p>Mohammad Khodayarifard, Reza Pourhosein, Shahla Pakdaman, Saeid Zandi, <a href=\"https:\/\/link.springer.com\/chapter\/10.1007\/978-3-030-94429-2_12\">Iranian Children\u2019s Drawings of God: Demographic and Contextual Considerations<\/a>. Pages 325-361<\/p>\n\n\n\n<p>Alberto Domeniconi K\u00fcntgen-Nery, Camila Mendon\u00e7a Torres, Esdras Guerreiro Vasconcellos, Wellington Zangari, <a href=\"https:\/\/link.springer.com\/chapter\/10.1007\/978-3-030-94429-2_13\">The First Discoveries and the Challenges of Researching Representations of Gods in a Continental Country Such as Brazil<\/a>. Pages 363-382<\/p>\n\n\n\n<p>Thomas R\u00f6mer, <a href=\"https:\/\/link.springer.com\/chapter\/10.1007\/978-3-030-94429-2_14\">Biblical Aniconism? Representing the Gods of Ancient Israel and Judah<\/a>. Pages 385-395<\/p>\n\n\n\n<p>Zahra Astaneh, <a href=\"https:\/\/link.springer.com\/chapter\/10.1007\/978-3-030-94429-2_15\">The Representation of God in Islam and Its Prohibition: Strategies Used by&nbsp;Iranian Children When Asked to Draw God<\/a>. Pages 397-424<\/p>\n\n\n\n<p>Ramiro Tau, <a href=\"https:\/\/link.springer.com\/chapter\/10.1007\/978-3-030-94429-2_16\">Natural and Supernatural Agents: Children\u2019s Representations of Gods and Dead Entities<\/a>. Pages 427-452<\/p>\n\n\n\n<p>Dominique Vinck, Pierre-Nicolas Oberhauser, <a href=\"https:\/\/link.springer.com\/chapter\/10.1007\/978-3-030-94429-2_17\">\u201cEquipping Work\u201d and the Production of a Large-Scale Digital Infrastructure: An Ethnographic Inquiry into the <em>Children\u2019s Drawings of Gods<\/em> Project<\/a>. Pages 455-469<\/p>\n\n\n\n<p>Olga Serbaeva, <a href=\"https:\/\/link.springer.com\/chapter\/10.1007\/978-3-030-94429-2_18\">Brief History of the Database <em>Children\u2019s Drawings of Gods<\/em> (2015\u20132019)<\/a>. Pages 471-487<\/p>\n\n\n\n<p>Fr\u00e9d\u00e9ric Darbellay, <a href=\"https:\/\/link.springer.com\/chapter\/10.1007\/978-3-030-94429-2_19\">Interdisciplinarity, Team Science, and the Next Generation of Researchers: The <em>Children\u2019s Drawings of Gods<\/em> Project Experience<\/a>. Pages 489-500<\/p>\n\n\n\n<p>Pierre-Yves Brandt, Zhargalma Dandarova-Robert, Christelle Cocco, Dominique Vinck, Fr\u00e9d\u00e9ric Darbellay, <a href=\"https:\/\/link.springer.com\/chapter\/10.1007\/978-3-030-94429-2_20\">Interdisciplinary Approaches to Children\u2019s Drawings of Gods: Challenges, Achievements and Perspectives<\/a>. Pages 503-515<\/p>\n\n\n\n<p>Back Matter. Pages 517-569<\/p>\n\n\n\n<div style=\"height:59px\" aria-hidden=\"true\" class=\"wp-block-spacer\"><\/div>\n\n\n\n<figure class=\"wp-block-image size-large is-resized\"><img loading=\"lazy\" decoding=\"async\" width=\"685\" height=\"1024\" src=\"https:\/\/ddd.unil.ch\/wp-content\/uploads\/2024\/05\/Screenshot-2024-05-12-at-08.42.29-685x1024.jpg\" alt=\"\" class=\"wp-image-356\" style=\"width:139px;height:auto\" srcset=\"https:\/\/ddd.unil.ch\/wp-content\/uploads\/2024\/05\/Screenshot-2024-05-12-at-08.42.29-685x1024.jpg 685w, https:\/\/ddd.unil.ch\/wp-content\/uploads\/2024\/05\/Screenshot-2024-05-12-at-08.42.29-201x300.jpg 201w, https:\/\/ddd.unil.ch\/wp-content\/uploads\/2024\/05\/Screenshot-2024-05-12-at-08.42.29-768x1148.jpg 768w, https:\/\/ddd.unil.ch\/wp-content\/uploads\/2024\/05\/Screenshot-2024-05-12-at-08.42.29-1028x1536.jpg 1028w, https:\/\/ddd.unil.ch\/wp-content\/uploads\/2024\/05\/Screenshot-2024-05-12-at-08.42.29.jpg 1048w\" sizes=\"auto, (max-width: 685px) 100vw, 685px\" \/><\/figure>\n\n\n\n<p>Gr\u00e9gory Dessart, Zhargalma Dandarova-Robert, Pierre-Yves Brandt, &#8220;Construction et transgression des cat\u00e9gories de genre dans les repr\u00e9sentations de figures divines : comparaison interculturelle de dessins d\u2019enfants et adolescents.&#8221; In: <em>Imaginaires queers: transgressions religieuses et culturelles \u00e0 travers l\u2019espace et le temps<\/em>, sous la direction de Irene Becci et Francesca Prescendi Morresi (Collection a contrario), BNS Press, <strong>2020<\/strong>. Pages 93-112.<\/p>\n\n\n\n<div style=\"height:57px\" aria-hidden=\"true\" class=\"wp-block-spacer\"><\/div>\n\n\n\n<figure class=\"wp-block-image size-full is-resized\"><img loading=\"lazy\" decoding=\"async\" width=\"244\" height=\"332\" src=\"https:\/\/ddd.unil.ch\/wp-content\/uploads\/2024\/05\/Screenshot-2024-05-12-at-09.25.00.png\" alt=\"\" class=\"wp-image-371\" style=\"width:139px;height:auto\" srcset=\"https:\/\/ddd.unil.ch\/wp-content\/uploads\/2024\/05\/Screenshot-2024-05-12-at-09.25.00.png 244w, https:\/\/ddd.unil.ch\/wp-content\/uploads\/2024\/05\/Screenshot-2024-05-12-at-09.25.00-220x300.png 220w\" sizes=\"auto, (max-width: 244px) 100vw, 244px\" \/><\/figure>\n\n\n\n<p>Zhargalma Dandarova-Robert, Christelle Cocco, Zahra Astaneh &amp; Pierre-<br>Yves Brandt, &#8220;Children\u2019s Imagination of the Divine: Creativity Across Religions&#8221;. In: <em>Creativity: Research Journal<\/em>, <strong>2023<\/strong>, 35:2, 254-275, DOI: 10.1080\/10400419.2023.2177414<br><a href=\"https:\/\/doi.org\/10.1080\/10400419.2023.2177414\">Link<\/a>.<\/p>\n\n\n\n<div style=\"height:57px\" aria-hidden=\"true\" class=\"wp-block-spacer\"><\/div>\n\n\n\n<figure class=\"wp-block-image size-large is-resized\"><img loading=\"lazy\" decoding=\"async\" width=\"724\" height=\"1024\" src=\"https:\/\/ddd.unil.ch\/wp-content\/uploads\/2024\/05\/Screenshot-2024-05-12-at-09.14.46-724x1024.png\" alt=\"\" class=\"wp-image-366\" style=\"width:139px;height:auto\" srcset=\"https:\/\/ddd.unil.ch\/wp-content\/uploads\/2024\/05\/Screenshot-2024-05-12-at-09.14.46-724x1024.png 724w, https:\/\/ddd.unil.ch\/wp-content\/uploads\/2024\/05\/Screenshot-2024-05-12-at-09.14.46-212x300.png 212w, https:\/\/ddd.unil.ch\/wp-content\/uploads\/2024\/05\/Screenshot-2024-05-12-at-09.14.46-768x1086.png 768w, https:\/\/ddd.unil.ch\/wp-content\/uploads\/2024\/05\/Screenshot-2024-05-12-at-09.14.46-1087x1536.png 1087w, https:\/\/ddd.unil.ch\/wp-content\/uploads\/2024\/05\/Screenshot-2024-05-12-at-09.14.46.png 1112w\" sizes=\"auto, (max-width: 724px) 100vw, 724px\" \/><\/figure>\n\n\n\n<p>Pierre-Yves Brandt, &#8220;Dieux sans fronti\u00e8res: Quand les enfants dessinent des agents surnaturels&#8221;, In: <em>Droits de l\u2019enfant et croyances religieuses : Autonomie, \u00e9ducation, tradition. Actes du 10e Colloque printanier du Centre interfacultaire en droits de l\u2019enfant (CIDE) de l\u2019Universit\u00e9 de Gen\u00e8ve et de l\u2019Institut international des<br>droits de l\u2019enfant (IDE). 2-3 mai 2019.<\/em> Centre interfacultaire en droits de l\u2019enfant (CIDE), Universit\u00e9 de Gen\u00e8ve, <strong>2020<\/strong>. Pages 94-114.<\/p>\n\n\n\n<div style=\"height:57px\" aria-hidden=\"true\" class=\"wp-block-spacer\"><\/div>\n\n\n\n<figure class=\"wp-block-image size-full is-resized\"><img loading=\"lazy\" decoding=\"async\" width=\"300\" height=\"244\" src=\"https:\/\/ddd.unil.ch\/wp-content\/uploads\/2024\/04\/DaschLogo.png\" alt=\"\" class=\"wp-image-299\" style=\"width:135px;height:auto\"\/><\/figure>\n\n\n\n<p>Brandt, P.-Y., Serbaeva O., Cocco, Ch., Dessart, G., Dandarova Robert, Z., Rivoal, M., <strong>2019<\/strong>, Dessins de dieux [database] (DaSCH), <a href=\"https:\/\/ark.dasch.swiss\/ark:\/72163\/1\/0105\" target=\"_blank\" rel=\"noreferrer noopener\">https:\/\/ark.dasch.swiss\/ark:\/72163\/1\/0105<\/a><\/p>\n\n\n\n<div style=\"height:57px\" aria-hidden=\"true\" class=\"wp-block-spacer\"><\/div>\n\n\n\n<figure class=\"wp-block-image size-large is-resized\"><img loading=\"lazy\" decoding=\"async\" width=\"724\" height=\"1024\" src=\"https:\/\/ddd.unil.ch\/wp-content\/uploads\/2024\/05\/Brandt_Coco_Dessart_Dandarova_OBO-287-724x1024.jpg\" alt=\"\" class=\"wp-image-358\" style=\"width:165px;height:auto\" srcset=\"https:\/\/ddd.unil.ch\/wp-content\/uploads\/2024\/05\/Brandt_Coco_Dessart_Dandarova_OBO-287-724x1024.jpg 724w, https:\/\/ddd.unil.ch\/wp-content\/uploads\/2024\/05\/Brandt_Coco_Dessart_Dandarova_OBO-287-212x300.jpg 212w, https:\/\/ddd.unil.ch\/wp-content\/uploads\/2024\/05\/Brandt_Coco_Dessart_Dandarova_OBO-287-768x1087.jpg 768w, https:\/\/ddd.unil.ch\/wp-content\/uploads\/2024\/05\/Brandt_Coco_Dessart_Dandarova_OBO-287-1085x1536.jpg 1085w, https:\/\/ddd.unil.ch\/wp-content\/uploads\/2024\/05\/Brandt_Coco_Dessart_Dandarova_OBO-287-1447x2048.jpg 1447w, https:\/\/ddd.unil.ch\/wp-content\/uploads\/2024\/05\/Brandt_Coco_Dessart_Dandarova_OBO-287-scaled.jpg 1809w\" sizes=\"auto, (max-width: 724px) 100vw, 724px\" \/><\/figure>\n\n\n\n<p>Pierre-Yves Brandt, Christelle Cocco, Gr\u00e9gory Dessart et Zhargalma Dandarova, &#8220;Repr\u00e9sentations de dieux dans des dessins d\u2019enfants.&#8221; In: <em>Repr\u00e9senter dieux et hommes dans le Proche-Orient ancien et dans la Bible<\/em>. Actes du colloque organis\u00e9 par le Coll\u00e8ge de France, Paris, les 5 et 6 main 2015, \u00e9dit\u00e9s par Thomas R\u00f6mer, Herv\u00e9 Gonzalez, Lionel Marti. Peeters, <strong>2019<\/strong>. (Orbis Biblicus et Orientalis, 287). Pages 347-370.<\/p>\n\n\n\n<div style=\"height:57px\" aria-hidden=\"true\" class=\"wp-block-spacer\"><\/div>\n\n\n\n<figure class=\"wp-block-image size-full is-resized\"><img loading=\"lazy\" decoding=\"async\" width=\"100\" height=\"94\" src=\"https:\/\/ddd.unil.ch\/wp-content\/uploads\/2024\/05\/Screenshot-2024-05-12-at-09.01.12.png\" alt=\"\" class=\"wp-image-360\" style=\"width:135px;height:auto\"\/><\/figure>\n\n\n\n<p>Christelle Cocco, Rapha\u00ebl Cer\u00e9, Aris Xanthos, Pierre-Yves Brandt, &#8220;Identification and quantification of colours in children\u2019s drawings&#8221;.  In: <em>Computational Methods in the Humanities 2018.<\/em> <em>Proceedings of the Workshop on Computational Methods in the Humanities (COMHUM 2018), Lausanne, Switzerland, June 4\u20135, 2018.<\/em> Edited by: Michael Piotrowski. Published on CEUR-WS: 25-Jan-<strong>2019<\/strong><br>ONLINE: http:\/\/ceur-ws.org\/Vol-2314\/ <a href=\"https:\/\/ceur-ws.org\/Vol-2314\/paper1.pdf\" data-type=\"link\" data-id=\"https:\/\/ceur-ws.org\/Vol-2314\/paper1.pdf\">Link<\/a>.<\/p>\n\n\n\n<div style=\"height:57px\" aria-hidden=\"true\" class=\"wp-block-spacer\"><\/div>\n\n\n\n<figure class=\"wp-block-image size-full is-resized\"><img loading=\"lazy\" decoding=\"async\" width=\"300\" height=\"425\" src=\"https:\/\/ddd.unil.ch\/wp-content\/uploads\/2024\/04\/Screenshot2024-01-14at11.43.37.png\" alt=\"\" class=\"wp-image-297\" style=\"width:140px;height:auto\" srcset=\"https:\/\/ddd.unil.ch\/wp-content\/uploads\/2024\/04\/Screenshot2024-01-14at11.43.37.png 300w, https:\/\/ddd.unil.ch\/wp-content\/uploads\/2024\/04\/Screenshot2024-01-14at11.43.37-212x300.png 212w\" sizes=\"auto, (max-width: 300px) 100vw, 300px\" \/><\/figure>\n\n\n\n<p>Christelle Cocco, Olga Serbaeva, Fr\u00e9d\u00e9ric Darbellay, Dominique Vinck, Zhargalma Dandarova Robert, Pierre-Yves Brandt, \u201cImages at the crossroads between computer vision and the human and social sciences: An inter- and transdisciplinary project of drawings of gods\u201d. University of Lausanne, University of Geneva, Switzerland. (TD_net, <strong>2018<\/strong>) Poster.<\/p>\n\n\n\n<div style=\"height:57px\" aria-hidden=\"true\" class=\"wp-block-spacer\"><\/div>\n\n\n\n<figure class=\"wp-block-image size-full is-resized\"><img loading=\"lazy\" decoding=\"async\" width=\"356\" height=\"498\" src=\"https:\/\/ddd.unil.ch\/wp-content\/uploads\/2024\/05\/Screenshot-2024-05-12-at-09.10.09.png\" alt=\"\" class=\"wp-image-362\" style=\"width:140px;height:auto\" srcset=\"https:\/\/ddd.unil.ch\/wp-content\/uploads\/2024\/05\/Screenshot-2024-05-12-at-09.10.09.png 356w, https:\/\/ddd.unil.ch\/wp-content\/uploads\/2024\/05\/Screenshot-2024-05-12-at-09.10.09-214x300.png 214w\" sizes=\"auto, (max-width: 356px) 100vw, 356px\" \/><\/figure>\n\n\n\n<p>Fr\u00e9d\u00e9ric Darbellay, Dominique Vinck, Christelle Cocco, Gr\u00e9gory Dessart, Zhargalma Dandarova, Pierre-Yves Brandt. &#8220;L\u2019interdisciplinarit\u00e9 en partage : collaborer pour innover: Le projet \u00abdessins de Dieu\u00bb&#8221;. In: <em>InnovatiO &#8211; La revue pluridisciplinaire en innovation<\/em>, <strong>2018<\/strong>, L\u2019interdisciplinarit\u00e9 en action au sein des projets de recherche en innovation &#8211; Num\u00e9ro sp\u00e9cial, 5. <a href=\"https:\/\/hal.science\/hal-01820535\" data-type=\"page\" data-id=\"363\">Link<\/a>. <\/p>\n\n\n\n<div style=\"height:57px\" aria-hidden=\"true\" class=\"wp-block-spacer\"><\/div>\n\n\n\n<p><\/p>\n\n\n\n<figure class=\"wp-block-image size-full is-resized\"><img loading=\"lazy\" decoding=\"async\" width=\"284\" height=\"129\" src=\"https:\/\/ddd.unil.ch\/wp-content\/uploads\/2024\/04\/2018.png\" alt=\"\" class=\"wp-image-294\" style=\"width:136px;height:auto\"\/><\/figure>\n\n\n\n<p>Cocco Christelle, Dessart Gr\u00e9gory, Serbaeva Olga, Brandt Pierre-Yves, Vinck Dominique, Darbellay Fr\u00e9d\u00e9ric, \u201cPotentialit\u00e9s et difficult\u00e9s d\u2019un projet en humanit\u00e9s num\u00e9riques (DH) : confrontation aux outils et r\u00e9orientations de recherche.\u201d  <strong>2018<\/strong>\/04. <em>Digital Humanities Quarterly, <\/em>12 (1) pp. NA. Peer-reviewed. <a href=\"https:\/\/www.digitalhumanities.org\/dhq\/vol\/12\/1\/000359\/000359.html\" target=\"_blank\" rel=\"noreferrer noopener\">https:\/\/www.digitalhumanities.org\/dhq\/vol\/12\/1\/000359\/000359.html<\/a><\/p>\n\n\n\n<div style=\"height:57px\" aria-hidden=\"true\" class=\"wp-block-spacer\"><\/div>\n\n\n\n<figure class=\"wp-block-image size-full is-resized\"><img loading=\"lazy\" decoding=\"async\" width=\"300\" height=\"427\" src=\"https:\/\/ddd.unil.ch\/wp-content\/uploads\/2024\/04\/2016a.png\" alt=\"\" class=\"wp-image-291\" style=\"width:136px;height:auto\" srcset=\"https:\/\/ddd.unil.ch\/wp-content\/uploads\/2024\/04\/2016a.png 300w, https:\/\/ddd.unil.ch\/wp-content\/uploads\/2024\/04\/2016a-211x300.png 211w\" sizes=\"auto, (max-width: 300px) 100vw, 300px\" \/><\/figure>\n\n\n\n<p>Dandarova Robert Zhargalma, Dessart Gr\u00e9gory, Serbaeva Olga, Puzdriac Cam\u00e9lia, Khodayarifard Mohammad, Akbari Zardkhaneh Saeed, Zandi Saeid, Petanova Elena, Ladd Kevin L., Brandt Pierre-Yves, \u201cA Web-Based Database for Drawings of Gods: When the Digitals Go Multicultural.\u201d  <strong>2016.<\/strong> <em>Archiv f\u00fcr Religionspychologie \/ Archive for the Psychology of Religion<\/em>, 38 (3) pp. 343-352. Peer-reviewed. <a href=\"https:\/\/journals.sagepub.com\/doi\/abs\/10.1163\/15736121-12341326\" target=\"_blank\" rel=\"noreferrer noopener\">https:\/\/journals.sagepub.com\/doi\/abs\/10.1163\/15736121-12341326<\/a><\/p>\n\n\n\n<div style=\"height:57px\" aria-hidden=\"true\" class=\"wp-block-spacer\"><\/div>\n\n\n\n<figure class=\"wp-block-image size-full is-resized\"><img loading=\"lazy\" decoding=\"async\" width=\"300\" height=\"427\" src=\"https:\/\/ddd.unil.ch\/wp-content\/uploads\/2024\/04\/2016a-1.png\" alt=\"\" class=\"wp-image-292\" style=\"width:145px;height:auto\" srcset=\"https:\/\/ddd.unil.ch\/wp-content\/uploads\/2024\/04\/2016a-1.png 300w, https:\/\/ddd.unil.ch\/wp-content\/uploads\/2024\/04\/2016a-1-211x300.png 211w\" sizes=\"auto, (max-width: 300px) 100vw, 300px\" \/><\/figure>\n\n\n\n<p>Cocco Christelle, Dessart Gr\u00e9gory, Serbaeva Olga, Firmenich Damien, Dandarova Robert Zhargalma, Brandt Pierre-Yves, \u201cChildren\u2019s drawings of gods database: development, image processing, text mining.\u201d  <strong>2016<\/strong>. In: <em>European Data Science Conference. <\/em><a href=\"https:\/\/www.euads.org\/edsc-2016\/\" target=\"_blank\" rel=\"noreferrer noopener\">https:\/\/www.euads.org\/edsc-2016\/<\/a><\/p>\n\n\n\n<div style=\"height:57px\" aria-hidden=\"true\" class=\"wp-block-spacer\"><\/div>\n\n\n\n<figure class=\"wp-block-image size-large is-resized\"><img loading=\"lazy\" decoding=\"async\" width=\"626\" height=\"1024\" src=\"https:\/\/ddd.unil.ch\/wp-content\/uploads\/2024\/05\/Screenshot-2024-05-12-at-08.32.00-626x1024.png\" alt=\"\" class=\"wp-image-351\" style=\"width:148px;height:auto\" srcset=\"https:\/\/ddd.unil.ch\/wp-content\/uploads\/2024\/05\/Screenshot-2024-05-12-at-08.32.00-626x1024.png 626w, https:\/\/ddd.unil.ch\/wp-content\/uploads\/2024\/05\/Screenshot-2024-05-12-at-08.32.00-183x300.png 183w, https:\/\/ddd.unil.ch\/wp-content\/uploads\/2024\/05\/Screenshot-2024-05-12-at-08.32.00-768x1256.png 768w, https:\/\/ddd.unil.ch\/wp-content\/uploads\/2024\/05\/Screenshot-2024-05-12-at-08.32.00.png 866w\" sizes=\"auto, (max-width: 626px) 100vw, 626px\" \/><\/figure>\n\n\n\n<p>Pierre-Yves Brandt, &#8220;Repr\u00e9sentations enfantines de dieux: comparaison interculturelle&#8221;.   In: <em>Qui \u00eates-vous pour nous apprendre nos religions?<\/em><br>Sous le direction de Guy Rainotte, avec Pierre-Yves Brandt [et al.]. L&#8217;Harmattan, <strong>2016<\/strong>. Pages 39-59.<\/p>\n\n\n\n<div style=\"height:57px\" aria-hidden=\"true\" class=\"wp-block-spacer\"><\/div>\n\n\n\n<figure class=\"wp-block-image size-full is-resized\"><img loading=\"lazy\" decoding=\"async\" width=\"392\" height=\"186\" src=\"https:\/\/ddd.unil.ch\/wp-content\/uploads\/2024\/05\/Screenshot-2024-05-12-at-09.19.11.png\" alt=\"\" class=\"wp-image-368\" style=\"width:134px;height:auto\" srcset=\"https:\/\/ddd.unil.ch\/wp-content\/uploads\/2024\/05\/Screenshot-2024-05-12-at-09.19.11.png 392w, https:\/\/ddd.unil.ch\/wp-content\/uploads\/2024\/05\/Screenshot-2024-05-12-at-09.19.11-300x142.png 300w\" sizes=\"auto, (max-width: 392px) 100vw, 392px\" \/><\/figure>\n\n\n\n<p>Pierre-Nicolas Oberhauser, &#8220;Des collaborations \u00e9quivoques. La participation de sp\u00e9cialistes en sciences et techniques informatiques \u00e0 un projet de recherche en humanit\u00e9s num\u00e9riques.&#8221; In: <em>Revue d&#8217;anthropologie des connaissances<\/em>, <strong>2016<\/strong>\/4 (Vol. 10, n\u00b0 4), p. 557-586. DOI 10.3917\/rac.033.0557<\/p>\n\n\n<nav class=\"is-responsive wp-block-navigation is-layout-flex wp-block-navigation-is-layout-flex\" aria-label=\"Navigation 2\" \n\t\t data-wp-interactive=\"core\/navigation\" data-wp-context='{\"overlayOpenedBy\":{\"click\":false,\"hover\":false,\"focus\":false},\"type\":\"overlay\",\"roleAttribute\":\"\",\"ariaLabel\":\"Menu\"}'><button aria-haspopup=\"dialog\" aria-label=\"Ouvrir le menu\" class=\"wp-block-navigation__responsive-container-open\" \n\t\t\t\tdata-wp-on--click=\"actions.openMenuOnClick\"\n\t\t\t\tdata-wp-on--keydown=\"actions.handleMenuKeydown\"\n\t\t\t><svg width=\"24\" height=\"24\" xmlns=\"http:\/\/www.w3.org\/2000\/svg\" viewBox=\"0 0 24 24\" aria-hidden=\"true\" focusable=\"false\"><path d=\"M4 7.5h16v1.5H4z\"><\/path><path d=\"M4 15h16v1.5H4z\"><\/path><\/svg><\/button>\n\t\t\t\t<div class=\"wp-block-navigation__responsive-container\"  id=\"modal-1\" \n\t\t\t\tdata-wp-class--has-modal-open=\"state.isMenuOpen\"\n\t\t\t\tdata-wp-class--is-menu-open=\"state.isMenuOpen\"\n\t\t\t\tdata-wp-watch=\"callbacks.initMenu\"\n\t\t\t\tdata-wp-on--keydown=\"actions.handleMenuKeydown\"\n\t\t\t\tdata-wp-on--focusout=\"actions.handleMenuFocusout\"\n\t\t\t\ttabindex=\"-1\"\n\t\t\t>\n\t\t\t\t\t<div class=\"wp-block-navigation__responsive-close\" tabindex=\"-1\">\n\t\t\t\t\t\t<div class=\"wp-block-navigation__responsive-dialog\" \n\t\t\t\tdata-wp-bind--aria-modal=\"state.ariaModal\"\n\t\t\t\tdata-wp-bind--aria-label=\"state.ariaLabel\"\n\t\t\t\tdata-wp-bind--role=\"state.roleAttribute\"\n\t\t\t>\n\t\t\t\t\t\t\t<button aria-label=\"Fermer le menu\" class=\"wp-block-navigation__responsive-container-close\" \n\t\t\t\tdata-wp-on--click=\"actions.closeMenuOnClick\"\n\t\t\t><svg xmlns=\"http:\/\/www.w3.org\/2000\/svg\" viewBox=\"0 0 24 24\" width=\"24\" height=\"24\" aria-hidden=\"true\" focusable=\"false\"><path d=\"m13.06 12 6.47-6.47-1.06-1.06L12 10.94 5.53 4.47 4.47 5.53 10.94 12l-6.47 6.47 1.06 1.06L12 13.06l6.47 6.47 1.06-1.06L13.06 12Z\"><\/path><\/svg><\/button>\n\t\t\t\t\t\t\t<div class=\"wp-block-navigation__responsive-container-content\" \n\t\t\t\tdata-wp-watch=\"callbacks.focusFirstElement\"\n\t\t\t id=\"modal-1-content\">\n\t\t\t\t\t\t\t\t\n\t\t\t\t\t\t\t<\/div>\n\t\t\t\t\t\t<\/div>\n\t\t\t\t\t<\/div>\n\t\t\t\t<\/div><\/nav>\n\n\n<div style=\"height:62px\" aria-hidden=\"true\" class=\"wp-block-spacer\"><\/div>\n","protected":false},"excerpt":{"rendered":"<p>P.-Y. Brandt et al. (eds.), When Children Draw Gods: a Multicultural and Interdisciplinary Approach to Children&#8217;s Representations of Supernatural Agents. Springer: 2023. (New Approaches to the Scientific Study of Religion 12) Table of contents: Front Matter. Pages i-viii Pierre-Yves Brandt, Zhargalma Dandarova-Robert, Christelle Cocco, Dominique Vinck, Fr\u00e9d\u00e9ric Darbellay, Introduction to the Interdisciplinary and Intercultural Project [&hellip;]<\/p>\n","protected":false},"author":6,"featured_media":0,"parent":279,"menu_order":0,"comment_status":"closed","ping_status":"closed","template":"","meta":{"footnotes":""},"class_list":["post-284","page","type-page","status-publish","hentry"],"_links":{"self":[{"href":"https:\/\/ddd.unil.ch\/fr\/wp-json\/wp\/v2\/pages\/284","targetHints":{"allow":["GET"]}}],"collection":[{"href":"https:\/\/ddd.unil.ch\/fr\/wp-json\/wp\/v2\/pages"}],"about":[{"href":"https:\/\/ddd.unil.ch\/fr\/wp-json\/wp\/v2\/types\/page"}],"author":[{"embeddable":true,"href":"https:\/\/ddd.unil.ch\/fr\/wp-json\/wp\/v2\/users\/6"}],"replies":[{"embeddable":true,"href":"https:\/\/ddd.unil.ch\/fr\/wp-json\/wp\/v2\/comments?post=284"}],"version-history":[{"count":32,"href":"https:\/\/ddd.unil.ch\/fr\/wp-json\/wp\/v2\/pages\/284\/revisions"}],"predecessor-version":[{"id":798,"href":"https:\/\/ddd.unil.ch\/fr\/wp-json\/wp\/v2\/pages\/284\/revisions\/798"}],"up":[{"embeddable":true,"href":"https:\/\/ddd.unil.ch\/fr\/wp-json\/wp\/v2\/pages\/279"}],"wp:attachment":[{"href":"https:\/\/ddd.unil.ch\/fr\/wp-json\/wp\/v2\/media?parent=284"}],"curies":[{"name":"wp","href":"https:\/\/api.w.org\/{rel}","templated":true}]}}