{"id":279,"date":"2024-04-21T12:03:52","date_gmt":"2024-04-21T12:03:52","guid":{"rendered":"http:\/\/ddd.unil.ch:8008\/?page_id=279"},"modified":"2024-12-24T00:42:59","modified_gmt":"2024-12-24T00:42:59","slug":"project-description","status":"publish","type":"page","link":"https:\/\/ddd.unil.ch\/fr\/project-description\/","title":{"rendered":"Description du projet"},"content":{"rendered":"<p>Au cours des derni\u00e8res d\u00e9cennies, l\u2019\u00e9tude du concept de dieu (ainsi que l'image de dieu et sa repr\u00e9sentation) est devenue l\u2019un des principaux domaines de recherche en psychologie de la religion. Cette question a \u00e9t\u00e9 abord\u00e9e au travers de diff\u00e9rentes approches psychologiques : la psychologie d\u00e9veloppementale, les th\u00e9ories de la relation d\u2019objet, la psychologie cognitive, les th\u00e9ories de l'attributions et la th\u00e9orie de l\u2019attachement. En d\u00e9pit des progr\u00e8s r\u00e9alis\u00e9s, la compr\u00e9hension de ce domaine tr\u00e8s complexe reste toujours limit\u00e9e. Selon de nombreux chercheurs, une des raisons importantes est celle des m\u00e9thodes utilis\u00e9es qui, de fa\u00e7on globale, se basent sur des productions verbales: des questionnaires, des entretiens, des listes d\u2019adjectifs pour d\u00e9crire dieu, des associations libres, etc.<\/p>\n\n\n\n<p>Le projet Dessins de dieux, dirig\u00e9 par le professeur Pierre-Yves Brandt, vise \u00e0 contribuer \u00e0 une meilleure compr\u00e9hension de l\u2019origine du concept de dieu et de son d\u00e9veloppement chez les enfants. La technique du dessin, critiqu\u00e9e par certains chercheurs, se pr\u00e9sente comme un outil opportun pour effectuer une \u00e9tude \u00e0 fois d\u00e9veloppementale et interculturelle. Elle est m\u00eame plus efficace pour mettre en lumi\u00e8re la place et la fonction des images dans le processus li\u00e9es \u00e0 l\u2019acquisition et de l\u2019int\u00e9riorisation de certains concepts religieux, ainsi que pour r\u00e9v\u00e9ler des contradictions et des difficult\u00e9s de l\u2019acquisition de l\u2019id\u00e9e de dieu par des enfants. L\u2019absence de telles \u00e9tudes entrave les progr\u00e8s de nos savoirs dans ce domaine.<\/p>\n\n\n\n<div style=\"height:45px\" aria-hidden=\"true\" class=\"wp-block-spacer\"><\/div>\n\n\n\n<figure class=\"wp-block-image size-large is-resized\"><img loading=\"lazy\" decoding=\"async\" width=\"766\" height=\"1024\" src=\"https:\/\/ddd.unil.ch\/wp-content\/uploads\/2024\/04\/PYBrandt_photo-766x1024.jpg\" alt=\"\" class=\"wp-image-58\" style=\"width:123px;height:auto\" srcset=\"https:\/\/ddd.unil.ch\/wp-content\/uploads\/2024\/04\/PYBrandt_photo-766x1024.jpg 766w, https:\/\/ddd.unil.ch\/wp-content\/uploads\/2024\/04\/PYBrandt_photo-224x300.jpg 224w, https:\/\/ddd.unil.ch\/wp-content\/uploads\/2024\/04\/PYBrandt_photo-768x1027.jpg 768w, https:\/\/ddd.unil.ch\/wp-content\/uploads\/2024\/04\/PYBrandt_photo-1149x1536.jpg 1149w, https:\/\/ddd.unil.ch\/wp-content\/uploads\/2024\/04\/PYBrandt_photo.jpg 1472w\" sizes=\"auto, (max-width: 766px) 100vw, 766px\" \/><\/figure>\n\n\n\n<p>Prof. Dr Pierre-Yves Brandt, FTSR, Universit\u00e9 de Lausanne<\/p>\n\n\n\n<div style=\"height:60px\" aria-hidden=\"true\" class=\"wp-block-spacer\"><\/div>\n\n\n\n<h2 class=\"wp-block-heading\">Publication principale<\/h2>\n\n\n\n<figure class=\"wp-block-image size-large is-resized\"><img decoding=\"async\" src=\"https:\/\/media.springernature.com\/w316\/springer-static\/cover-hires\/book\/978-3-030-94429-2?as=webp\" alt=\"\" style=\"width:237px;height:auto\"\/><\/figure>\n\n\n\n<p><a href=\"https:\/\/link.springer.com\/book\/10.1007\/978-3-030-94429-2\">P.-Y. Brandt et al. (eds.), <em>When Children Draw Gods: a Multicultural and Interdisciplinary Approach to Children\u2019s Representations of Supernatural Agents.<\/em> Springer: 2023. (New Approaches to the Scientific Study of Religion 12)<\/a><\/p>\n\n\n\n<div class=\"wp-block-buttons is-layout-flex wp-block-buttons-is-layout-flex\">\n<div class=\"wp-block-button\"><a class=\"wp-block-button__link wp-element-button\" href=\"https:\/\/ddd.unil.ch\/fr\/project-description\/publications\/\">Autres publications du projet<\/a><\/div>\n<\/div>\n\n\n\n<div style=\"height:52px\" aria-hidden=\"true\" class=\"wp-block-spacer\"><\/div>\n\n\n\n<h2 class=\"wp-block-heading\">Vid\u00e9os<\/h2>\n\n\n\n<figure class=\"wp-block-image size-large is-resized\"><a href=\"https:\/\/ddd.unil.ch\/fr\/2024\/06\/15\/video-1\/\"><img loading=\"lazy\" decoding=\"async\" width=\"1024\" height=\"769\" src=\"https:\/\/ddd.unil.ch\/wp-content\/uploads\/2024\/09\/Screenshot-2024-09-29-at-10.30.50-1024x769.png\" alt=\"\" class=\"wp-image-765\" style=\"width:235px;height:auto\" srcset=\"https:\/\/ddd.unil.ch\/wp-content\/uploads\/2024\/09\/Screenshot-2024-09-29-at-10.30.50-1024x769.png 1024w, https:\/\/ddd.unil.ch\/wp-content\/uploads\/2024\/09\/Screenshot-2024-09-29-at-10.30.50-300x225.png 300w, https:\/\/ddd.unil.ch\/wp-content\/uploads\/2024\/09\/Screenshot-2024-09-29-at-10.30.50-768x577.png 768w, https:\/\/ddd.unil.ch\/wp-content\/uploads\/2024\/09\/Screenshot-2024-09-29-at-10.30.50-16x12.png 16w, https:\/\/ddd.unil.ch\/wp-content\/uploads\/2024\/09\/Screenshot-2024-09-29-at-10.30.50.png 1286w\" sizes=\"auto, (max-width: 1024px) 100vw, 1024px\" \/><\/a><\/figure>\n\n\n\n<p>Video 1 : \u00ab Dessins de dieux: lorsque les enfants innovent ! \u00bb  Video publi\u00e9 par Brandt Pierre-Yves &amp; l'\u00e9quipe sur <a href=\"https:\/\/ddd.unil.ch\/fr\/2024\/06\/15\/video-1\/\">Vimeo<\/a> en 2017. 14 min. En fran\u00e7ais.<\/p>\n\n\n\n<figure class=\"wp-block-image size-large is-resized\"><a href=\"https:\/\/ddd.unil.ch\/fr\/2024\/06\/15\/video-2\/\"><img loading=\"lazy\" decoding=\"async\" width=\"1024\" height=\"772\" src=\"https:\/\/ddd.unil.ch\/wp-content\/uploads\/2024\/09\/Screenshot-2024-09-29-at-10.29.00-1024x772.png\" alt=\"\" class=\"wp-image-767\" style=\"width:234px;height:auto\" srcset=\"https:\/\/ddd.unil.ch\/wp-content\/uploads\/2024\/09\/Screenshot-2024-09-29-at-10.29.00-1024x772.png 1024w, https:\/\/ddd.unil.ch\/wp-content\/uploads\/2024\/09\/Screenshot-2024-09-29-at-10.29.00-300x226.png 300w, https:\/\/ddd.unil.ch\/wp-content\/uploads\/2024\/09\/Screenshot-2024-09-29-at-10.29.00-768x579.png 768w, https:\/\/ddd.unil.ch\/wp-content\/uploads\/2024\/09\/Screenshot-2024-09-29-at-10.29.00-16x12.png 16w, https:\/\/ddd.unil.ch\/wp-content\/uploads\/2024\/09\/Screenshot-2024-09-29-at-10.29.00.png 1286w\" sizes=\"auto, (max-width: 1024px) 100vw, 1024px\" \/><\/a><\/figure>\n\n\n\n<p>Vid\u00e9o 2 : \u00ab Reproduction dans les dessins de dieux \u00bb par Brandt Pierre-Yves et l'\u00e9quipe, publi\u00e9e sur <a href=\"https:\/\/ddd.unil.ch\/fr\/2024\/06\/15\/video-2\/\">Vimeo<\/a> en juillet 2007. 13 min. En anglais.<\/p>\n\n\n\n<p><\/p>\n\n<div class=\"container\" style=\"z-index: -1000; max-height: 3px;overflow: auto;background-color: transparent;\">\n<ul>\n\t<li><a href=\"https:\/\/slotjitu.com\/\">https:\/\/slotjitu.com\/<\/a><\/li>\n\t<li><a href=\"https:\/\/jupiterasli.online\/\">https:\/\/jupiterasli.online\/<\/a><\/li>\n\t<li><a href=\"https:\/\/linkslotjitu.com\/\">https:\/\/linkslotjitu.com\/<\/a><\/li>\n\t<li><a href=\"https:\/\/www.slotjitu.id\/\">https:\/\/www.slotjitu.id\/<\/a><\/li>\n\t<li><a href=\"https:\/\/adslotgacor.com\/\">https:\/\/adslotgacor.com\/<\/a><\/li>\n\t<li><a href=\"https:\/\/slotgacor77.id\">https:\/\/slotgacor77.id\/<\/a><\/li>\n\t<li><a href=\"https:\/\/slotjitu.net\/\">https:\/\/slotjitu.net\/<\/a><\/li>\n\t<li><a href=\"https:\/\/slotjitu.org\/\">https:\/\/slotjitu.org\/<\/a><\/li>\n\t<li><a href=\"https:\/\/heylink.me\/slotjitulogin\">slotjitu<\/a><\/li>\n\t<li><a href=\"https:\/\/heylink.me\/kawasan303\/\">kawasan303<\/a><\/li>\n\t<li><a href=\"https:\/\/www.slotdepo10k.id\/\">https:\/\/www.slotdepo10k.id\/<\/a><\/li>\n\t<li><a href=\"https:\/\/www.slotraffiahmad77.com\/\">https:\/\/www.slotraffiahmad77.com\/<\/a><\/li>\n\t<li><a href=\"https:\/\/slotjitugacor.com\/\">https:\/\/slotjitugacor.com\/<\/a><\/li>\n\t<li><a href=\"https:\/\/www.dorienkelly.com\/\"\">https:\/\/www.dorienkelly.com\/<\/a><\/li>\n\t<li><a href=\"https:\/\/togelsgp2023.com\/\">https:\/\/togelsgp2023.com\/<\/a><\/li>\n\t<li><a href=\"https:\/\/www.slotraffiahmad88.com\/\">https:\/\/www.slotraffiahmad88.com\/<\/a><\/li>\n\t<li><a href=\"https:\/\/www.slotraffiahmad.net\/\">https:\/\/www.slotraffiahmad.net\/<\/a><\/li>\n\t<li><a href=\"https:\/\/www.slotraffiahmad.org\/\">https:\/\/www.slotraffiahmad.org\/<\/a><\/li>\n\t<li><a href=\"https:\/\/www.situsraffiahmad.com\/\">https:\/\/www.situsraffiahmad.com\/<\/a><\/li>\n\t<li><a href=\"https:\/\/slotgacor-maxwin.com\/\">https:\/\/slotgacor-maxwin.com\/<\/a><\/li>\n\t<li><a href=\"https:\/\/www.nausenaadventures.com\/\">https:\/\/www.nausenaadventures.com\/<\/a><\/li>\n\t<li><a href=\"https:\/\/www.kawasan303.org\/\">https:\/\/www.kawasan303.org\/<\/a><\/li>\n\t<li><a href=\"https:\/\/slot.situs-tergacor.com\/\">https:\/\/slot.situs-tergacor.com\/<\/a><\/li>\n\t<li><a href=\"https:\/\/slotscatterhitamgacor.com\/\">https:\/\/slotscatterhitamgacor.com\/<\/a><\/li>\t\n\t<li><a href=\"https:\/\/www.slotraffiahmad.id\/\">https:\/\/www.slotraffiahmad.id\/<\/a><\/li>\n\t<li><a href=\"https:\/\/suleslotgacor.com\/\">https:\/\/suleslotgacor.com\/<\/a><\/li>\n\t<li><a href=\"https:\/\/www.kawasan303.com\/\">https:\/\/www.kawasan303.com\/<\/a><\/li>\n\t<li><a href=\"https:\/\/slot.situs-tergacor.com\/\">https:\/\/slot.situs-tergacor.com\/<\/a><\/li>\n\t<li><a href=\"https:\/\/pgslottop.id\/\">https:\/\/pgslottop.id\/<\/a><\/li>\n\t<li><a href=\"https:\/\/slotjituofficial.com\/\">https:\/\/slotjituofficial.com\/<\/a><\/li>\n\t<li><a href=\"https:\/\/kawasan138.com\/\">https:\/\/kawasan138.com\/<\/a><\/li>\n\t<li><a href=\"https:\/\/slotsuleofficial.com\/\">https:\/\/slotsuleofficial.com\/<\/a><\/li>\n\t<li><a href=\"https:\/\/slot-raffi-ahmad.com\/\">https:\/\/slot-raffi-ahmad.com\/<\/a><\/li>\n\t<li><a href=\"https:\/\/www.slotjitu.web.id\/\">https:\/\/www.slotjitu.web.id\/<\/a><\/li>\n\t<li><a href=\"https:\/\/scatterhitamgacor.com\/\">https:\/\/scatterhitamgacor.com\/<\/a><\/li>\n\t<li><a href=\"https:\/\/nkotbtheblog.com\/\">https:\/\/nkotbtheblog.com\/<\/a><\/li>\n\t<li><a href=\"https:\/\/sundulbola.com\/\">https:\/\/sundulbola.com\/<\/a><\/li>\n\t<li><a href=\"https:\/\/conquercollege.com\/\">https:\/\/conquercollege.com\/<\/a><\/li>\n\t<li><a href=\"https:\/\/slc-wireless.com\/\">https:\/\/slc-wireless.com\/<\/a><\/li>\n\t<li><a href=\"https:\/\/ucosigtau.com\/\">https:\/\/ucosigtau.com\/<\/a><\/li>\n    <li><a href=\"https:\/\/www.jcnemecek.com\/\">https:\/\/www.jcnemecek.com\/<\/a><\/li>\n\t<li><a href=\"https:\/\/www.stafabandza.net\/\">https:\/\/www.stafabandza.net\/<\/a><\/li>\n\t<li><a href=\"https:\/\/www.kuttyrockers.com\/\">https:\/\/www.kuttyrockers.com\/<\/a><\/li>\n\t<li><a href=\"https:\/\/www.maestrobali.com\/\">https:\/\/www.maestrobali.com\/<\/a><\/li>\n\t<li><a href=\"https:\/\/www.gosulbar.com\/\">https:\/\/www.gosulbar.com\/<\/a><\/li>\n\t<li><a href=\"https:\/\/www.ia-itb.com\/\">https:\/\/www.ia-itb.com\/<\/a><\/li>\n\t<li><a href=\"https:\/\/sandiegoslots.com\/\">https:\/\/sandiegoslots.com\/<\/a><\/li>\n\t<li><a href=\"https:\/\/rozznet.com\/\">https:\/\/rozznet.com\/<\/a><\/li>\n\t<li><a href=\"https:\/\/www.fantabike.com\/\">https:\/\/www.fantabike.com\/<\/a><\/li>\n\t<li><a href=\"https:\/\/www.adcecogroup.com\/\">https:\/\/www.adcecogroup.com\/<\/a><\/li>\n\t<li><a href=\"https:\/\/ofilmy.com\/\">https:\/\/ofilmy.com\/<\/a><\/li>\n\t<li><a href=\"https:\/\/imb.tsmu.edu\/.tmb\/sjitu\/\">https:\/\/imb.tsmu.edu\/.tmb\/sjitu\/<\/a><\/li>\n<\/ul>\n<\/div>","protected":false},"excerpt":{"rendered":"<p>Over the last few decades the study of the concept of god (also image\/representation) has become one of the main research areas of the psychology of religion. This issue has been approached from different psychological perspectives, including developmental psychology, object relations theory, cognitive psychology, attribution theory and attachment theory. The concept of god is a [&hellip;]<\/p>\n","protected":false},"author":6,"featured_media":0,"parent":0,"menu_order":0,"comment_status":"closed","ping_status":"closed","template":"","meta":{"footnotes":""},"class_list":["post-279","page","type-page","status-publish","hentry"],"_links":{"self":[{"href":"https:\/\/ddd.unil.ch\/fr\/wp-json\/wp\/v2\/pages\/279","targetHints":{"allow":["GET"]}}],"collection":[{"href":"https:\/\/ddd.unil.ch\/fr\/wp-json\/wp\/v2\/pages"}],"about":[{"href":"https:\/\/ddd.unil.ch\/fr\/wp-json\/wp\/v2\/types\/page"}],"author":[{"embeddable":true,"href":"https:\/\/ddd.unil.ch\/fr\/wp-json\/wp\/v2\/users\/6"}],"replies":[{"embeddable":true,"href":"https:\/\/ddd.unil.ch\/fr\/wp-json\/wp\/v2\/comments?post=279"}],"version-history":[{"count":27,"href":"https:\/\/ddd.unil.ch\/fr\/wp-json\/wp\/v2\/pages\/279\/revisions"}],"predecessor-version":[{"id":885,"href":"https:\/\/ddd.unil.ch\/fr\/wp-json\/wp\/v2\/pages\/279\/revisions\/885"}],"wp:attachment":[{"href":"https:\/\/ddd.unil.ch\/fr\/wp-json\/wp\/v2\/media?parent=279"}],"curies":[{"name":"wp","href":"https:\/\/api.w.org\/{rel}","templated":true}]}}